{"id":3398,"date":"2021-04-05T19:01:22","date_gmt":"2021-04-05T17:01:22","guid":{"rendered":"https:\/\/www.differences-solidaires.ch\/?page_id=3398"},"modified":"2023-03-31T22:22:46","modified_gmt":"2023-03-31T20:22:46","slug":"diventare-membro","status":"publish","type":"page","link":"https:\/\/www.differences-solidaires.ch\/it\/diventare-membro\/","title":{"rendered":"Diventare membro"},"content":{"rendered":"<p><span style=\"color: #ff6600;\"><strong>Quote di adesione<\/strong><\/span><\/p>\n<p>Per aderire a Diff\u00e9rences Solidaires, compilare il modulo sottostante. I vostri dati personali saranno trattati con riservatezza e Diff\u00e9rences Solidaires li utilizzer\u00e0 solo per contattarvi.<\/p>\n<p>Membri individuali: CHF 50\/anno<br \/>\nCoppie \/ duo: CHF 80\/anno<br \/>\nFamiglie: CHF 100\/anno<br \/>\nMembri collettivi: CHF 200\/anno<br \/>\nSoci benefattori &#8211; Importo a vostra discrezione<\/p>\n<p>Attenzione: non effettuare alcun pagamento. La fattura vi sar\u00e0 inviata a breve.<\/p>\n<a class=\"maxbutton-1 maxbutton maxbutton-formulaire-d-adhesion\" target=\"_blank\" title=\"JE SOUTIEN DIFFERENCES SOLIDAIRES\" rel=\"noopener\" href=\"https:\/\/info668981.typeform.com\/to\/PAiwDG37\"><span class='mb-text'>FORMULAIRE D&#039;ADHESION<\/span><\/a>\n<p>&nbsp;<\/p>\n<p><strong><span style=\"color: #ff6600;\">Vantaggi per i membri\u00a0<\/span><\/strong><\/p>\n<p>In qualit\u00e0 di socio avete la possibilit\u00e0 di:<\/p>\n<p>Supervisione professionale delle vostre attivit\u00e0 sportive.<br \/>\nNoleggiare attrezzature sportive specializzate (in base alla disponibilit\u00e0) e a condizione che abbiate le competenze necessarie.<br \/>\nBeneficiare di un supporto logistico per la realizzazione dei vostri progetti sportivi adattati (previa accettazione della richiesta da parte del comitato dell&#8217;associazione).<br \/>\nBeneficiare di offerte specifiche proposte dalla rete di partner di Diff\u00e9rences Solidaires.<br \/>\nSeguire corsi di formazione nel campo dello sport per disabili.<br \/>\nSostenere le azioni dell&#8217;associazione nel campo dello sport per disabili.<br \/>\nPartecipare alle attivit\u00e0 di Diff\u00e9rences Solidaires.<\/p>\n","protected":false},"excerpt":{"rendered":"<p>Quote di adesione Per aderire a Diff\u00e9rences Solidaires, compilare il modulo sottostante. I vostri dati personali saranno trattati con riservatezza&hellip;<\/p>\n","protected":false},"author":20,"featured_media":2034,"parent":0,"menu_order":0,"comment_status":"closed","ping_status":"closed","template":"","meta":{"_acf_changed":false,"pgc_meta":"","footnotes":""},"class_list":["post-3398","page","type-page","status-publish","has-post-thumbnail","hentry"],"acf":[],"pgc_meta":"","yoast_head":"<!-- This site is optimized with the Yoast SEO plugin v24.5 - https:\/\/yoast.com\/wordpress\/plugins\/seo\/ -->\n<title>Diventare membro - Association Diff\u00e9rences Solidaires<\/title>\n<meta name=\"robots\" content=\"index, follow, max-snippet:-1, max-image-preview:large, max-video-preview:-1\" \/>\n<link rel=\"canonical\" href=\"https:\/\/www.differences-solidaires.ch\/it\/diventare-membro\/\" \/>\n<meta property=\"og:locale\" content=\"it_IT\" \/>\n<meta property=\"og:type\" content=\"article\" \/>\n<meta property=\"og:title\" content=\"Diventare membro - Association Diff\u00e9rences Solidaires\" \/>\n<meta property=\"og:description\" content=\"Quote di adesione Per aderire a Diff\u00e9rences Solidaires, compilare il modulo sottostante. I vostri dati personali saranno trattati con riservatezza&hellip;\" \/>\n<meta property=\"og:url\" content=\"https:\/\/www.differences-solidaires.ch\/it\/diventare-membro\/\" \/>\n<meta property=\"og:site_name\" content=\"Association Diff\u00e9rences Solidaires\" \/>\n<meta property=\"article:modified_time\" content=\"2023-03-31T20:22:46+00:00\" \/>\n<meta property=\"og:image\" content=\"https:\/\/www.differences-solidaires.ch\/wp-content\/uploads\/2020\/06\/IMG_9141-scaled.jpg\" \/>\n\t<meta property=\"og:image:width\" content=\"2560\" \/>\n\t<meta property=\"og:image:height\" content=\"886\" \/>\n\t<meta property=\"og:image:type\" content=\"image\/jpeg\" \/>\n<meta name=\"twitter:card\" content=\"summary_large_image\" \/>\n<meta name=\"twitter:label1\" content=\"Tempo di lettura stimato\" \/>\n\t<meta name=\"twitter:data1\" content=\"1 minuto\" \/>\n<script type=\"application\/ld+json\" class=\"yoast-schema-graph\">{\"@context\":\"https:\/\/schema.org\",\"@graph\":[{\"@type\":\"WebPage\",\"@id\":\"https:\/\/www.differences-solidaires.ch\/it\/diventare-membro\/\",\"url\":\"https:\/\/www.differences-solidaires.ch\/it\/diventare-membro\/\",\"name\":\"Diventare membro - Association Diff\u00e9rences Solidaires\",\"isPartOf\":{\"@id\":\"https:\/\/www.differences-solidaires.ch\/it\/#website\"},\"primaryImageOfPage\":{\"@id\":\"https:\/\/www.differences-solidaires.ch\/it\/diventare-membro\/#primaryimage\"},\"image\":{\"@id\":\"https:\/\/www.differences-solidaires.ch\/it\/diventare-membro\/#primaryimage\"},\"thumbnailUrl\":\"https:\/\/www.differences-solidaires.ch\/wp-content\/uploads\/2020\/06\/IMG_9141-scaled.jpg\",\"datePublished\":\"2021-04-05T17:01:22+00:00\",\"dateModified\":\"2023-03-31T20:22:46+00:00\",\"breadcrumb\":{\"@id\":\"https:\/\/www.differences-solidaires.ch\/it\/diventare-membro\/#breadcrumb\"},\"inLanguage\":\"it-IT\",\"potentialAction\":[{\"@type\":\"ReadAction\",\"target\":[\"https:\/\/www.differences-solidaires.ch\/it\/diventare-membro\/\"]}]},{\"@type\":\"ImageObject\",\"inLanguage\":\"it-IT\",\"@id\":\"https:\/\/www.differences-solidaires.ch\/it\/diventare-membro\/#primaryimage\",\"url\":\"https:\/\/www.differences-solidaires.ch\/wp-content\/uploads\/2020\/06\/IMG_9141-scaled.jpg\",\"contentUrl\":\"https:\/\/www.differences-solidaires.ch\/wp-content\/uploads\/2020\/06\/IMG_9141-scaled.jpg\",\"width\":2560,\"height\":886},{\"@type\":\"BreadcrumbList\",\"@id\":\"https:\/\/www.differences-solidaires.ch\/it\/diventare-membro\/#breadcrumb\",\"itemListElement\":[{\"@type\":\"ListItem\",\"position\":1,\"name\":\"Accueil\",\"item\":\"https:\/\/www.differences-solidaires.ch\/it\/\"},{\"@type\":\"ListItem\",\"position\":2,\"name\":\"Diventare membro\"}]},{\"@type\":\"WebSite\",\"@id\":\"https:\/\/www.differences-solidaires.ch\/it\/#website\",\"url\":\"https:\/\/www.differences-solidaires.ch\/it\/\",\"name\":\"Association Diff\u00e9rences Solidaires\",\"description\":\"Activit\u00e9s sportives adapt\u00e9es\",\"potentialAction\":[{\"@type\":\"SearchAction\",\"target\":{\"@type\":\"EntryPoint\",\"urlTemplate\":\"https:\/\/www.differences-solidaires.ch\/it\/?s={search_term_string}\"},\"query-input\":{\"@type\":\"PropertyValueSpecification\",\"valueRequired\":true,\"valueName\":\"search_term_string\"}}],\"inLanguage\":\"it-IT\"}]}<\/script>\n<!-- \/ Yoast SEO plugin. -->","yoast_head_json":{"title":"Diventare membro - Association Diff\u00e9rences Solidaires","robots":{"index":"index","follow":"follow","max-snippet":"max-snippet:-1","max-image-preview":"max-image-preview:large","max-video-preview":"max-video-preview:-1"},"canonical":"https:\/\/www.differences-solidaires.ch\/it\/diventare-membro\/","og_locale":"it_IT","og_type":"article","og_title":"Diventare membro - Association Diff\u00e9rences Solidaires","og_description":"Quote di adesione Per aderire a Diff\u00e9rences Solidaires, compilare il modulo sottostante. I vostri dati personali saranno trattati con riservatezza&hellip;","og_url":"https:\/\/www.differences-solidaires.ch\/it\/diventare-membro\/","og_site_name":"Association Diff\u00e9rences Solidaires","article_modified_time":"2023-03-31T20:22:46+00:00","og_image":[{"width":2560,"height":886,"url":"https:\/\/www.differences-solidaires.ch\/wp-content\/uploads\/2020\/06\/IMG_9141-scaled.jpg","type":"image\/jpeg"}],"twitter_card":"summary_large_image","twitter_misc":{"Tempo di lettura stimato":"1 minuto"},"schema":{"@context":"https:\/\/schema.org","@graph":[{"@type":"WebPage","@id":"https:\/\/www.differences-solidaires.ch\/it\/diventare-membro\/","url":"https:\/\/www.differences-solidaires.ch\/it\/diventare-membro\/","name":"Diventare membro - Association Diff\u00e9rences Solidaires","isPartOf":{"@id":"https:\/\/www.differences-solidaires.ch\/it\/#website"},"primaryImageOfPage":{"@id":"https:\/\/www.differences-solidaires.ch\/it\/diventare-membro\/#primaryimage"},"image":{"@id":"https:\/\/www.differences-solidaires.ch\/it\/diventare-membro\/#primaryimage"},"thumbnailUrl":"https:\/\/www.differences-solidaires.ch\/wp-content\/uploads\/2020\/06\/IMG_9141-scaled.jpg","datePublished":"2021-04-05T17:01:22+00:00","dateModified":"2023-03-31T20:22:46+00:00","breadcrumb":{"@id":"https:\/\/www.differences-solidaires.ch\/it\/diventare-membro\/#breadcrumb"},"inLanguage":"it-IT","potentialAction":[{"@type":"ReadAction","target":["https:\/\/www.differences-solidaires.ch\/it\/diventare-membro\/"]}]},{"@type":"ImageObject","inLanguage":"it-IT","@id":"https:\/\/www.differences-solidaires.ch\/it\/diventare-membro\/#primaryimage","url":"https:\/\/www.differences-solidaires.ch\/wp-content\/uploads\/2020\/06\/IMG_9141-scaled.jpg","contentUrl":"https:\/\/www.differences-solidaires.ch\/wp-content\/uploads\/2020\/06\/IMG_9141-scaled.jpg","width":2560,"height":886},{"@type":"BreadcrumbList","@id":"https:\/\/www.differences-solidaires.ch\/it\/diventare-membro\/#breadcrumb","itemListElement":[{"@type":"ListItem","position":1,"name":"Accueil","item":"https:\/\/www.differences-solidaires.ch\/it\/"},{"@type":"ListItem","position":2,"name":"Diventare membro"}]},{"@type":"WebSite","@id":"https:\/\/www.differences-solidaires.ch\/it\/#website","url":"https:\/\/www.differences-solidaires.ch\/it\/","name":"Association Diff\u00e9rences Solidaires","description":"Activit\u00e9s sportives adapt\u00e9es","potentialAction":[{"@type":"SearchAction","target":{"@type":"EntryPoint","urlTemplate":"https:\/\/www.differences-solidaires.ch\/it\/?s={search_term_string}"},"query-input":{"@type":"PropertyValueSpecification","valueRequired":true,"valueName":"search_term_string"}}],"inLanguage":"it-IT"}]}},"_links":{"self":[{"href":"https:\/\/www.differences-solidaires.ch\/it\/wp-json\/wp\/v2\/pages\/3398","targetHints":{"allow":["GET"]}}],"collection":[{"href":"https:\/\/www.differences-solidaires.ch\/it\/wp-json\/wp\/v2\/pages"}],"about":[{"href":"https:\/\/www.differences-solidaires.ch\/it\/wp-json\/wp\/v2\/types\/page"}],"author":[{"embeddable":true,"href":"https:\/\/www.differences-solidaires.ch\/it\/wp-json\/wp\/v2\/users\/20"}],"replies":[{"embeddable":true,"href":"https:\/\/www.differences-solidaires.ch\/it\/wp-json\/wp\/v2\/comments?post=3398"}],"version-history":[{"count":3,"href":"https:\/\/www.differences-solidaires.ch\/it\/wp-json\/wp\/v2\/pages\/3398\/revisions"}],"predecessor-version":[{"id":6772,"href":"https:\/\/www.differences-solidaires.ch\/it\/wp-json\/wp\/v2\/pages\/3398\/revisions\/6772"}],"wp:featuredmedia":[{"embeddable":true,"href":"https:\/\/www.differences-solidaires.ch\/it\/wp-json\/wp\/v2\/media\/2034"}],"wp:attachment":[{"href":"https:\/\/www.differences-solidaires.ch\/it\/wp-json\/wp\/v2\/media?parent=3398"}],"curies":[{"name":"wp","href":"https:\/\/api.w.org\/{rel}","templated":true}]}}