{"id":3197,"date":"2021-03-19T15:42:05","date_gmt":"2021-03-19T14:42:05","guid":{"rendered":"https:\/\/www.differences-solidaires.ch\/?page_id=3197"},"modified":"2022-03-09T22:31:56","modified_gmt":"2022-03-09T21:31:56","slug":"lassociazione","status":"publish","type":"page","link":"https:\/\/www.differences-solidaires.ch\/it\/lassociazione\/","title":{"rendered":"L&#8217;associazione"},"content":{"rendered":"<p><span style=\"font-size: 18pt; color: #ff6600;\"><strong>L&#8217;associazione<\/strong><\/span><\/p>\n<p>Diff\u00e9rences Solidaires \u00e8 un&#8217;associazione riconosciuta di pubblica utilit\u00e0 dal cantone di Friburgo. Fondata nel 2009, aiuta le persone con disabilit\u00e0 a organizzare attivit\u00e0 sportive estive e invernali all&#8217;aperto.<\/p>\n<p>I membri del comitato sono impegnati a rendere accessibili lo sci, l&#8217;escursionismo, il fuoristrada e altre attivit\u00e0. Grazie al sostegno di numerosi sponsor, donatori e volontari, Diff\u00e9rences Solidaires offre pi\u00f9 di 200 giorni di attivit\u00e0 sportive all&#8217;anno in tutta la Svizzera francese.<\/p>\n<p>La specificit\u00e0 dell&#8217;associazione \u00e8 di essere itinerante. Possiamo cos\u00ec rispondere ai desideri e ai bisogni dei nostri beneficiari. Andiamo dove vogliono, purch\u00e9 l&#8217;accessibilit\u00e0 e il luogo permettano una pratica riconosciuta e sicura delle attivit\u00e0.<\/p>\n<p>Inoltre, al fine di sostenere le famiglie e le istituzioni che lo richiedono, mettiamo a disposizione delle persone con la formazione necessaria, attrezzature specifiche relative a queste attivit\u00e0 all&#8217;aperto (secondo le condizioni finanziarie definite in precedenza).<\/p>\n<p>Collaboriamo con qualsiasi organizzazione che desideri sviluppare progetti sportivi per persone con disabilit\u00e0.<\/p>\n<p>Offriamo diversi tipi di servizi adattati e studiamo qualsiasi richiesta particolare (campi, servizi su uno o pi\u00f9 giorni&#8230;).<\/p>\n<p>Tutte le persone che supervisionano le nostre attivit\u00e0 sono a conoscenza del campo della disabilit\u00e0. Hanno anche delle competenze supplementari nelle attivit\u00e0 sportive adattate (dualski, tandemski, Cimgo, GoToSki, Jo\u00eblettes&#8230;) o sono formati da noi nelle attivit\u00e0 specifiche della nostra associazione (parete di arrampicata, zip line, torre infernale&#8230;). Ci rivolgiamo a professionisti o volontari che sono pronti a impegnarsi per condividere un po&#8217; del loro tempo.<\/p>\n<p>Trova tutte le nostre offerte nella pagina Documentazione<\/p>\n<p>&nbsp;<\/p>\n<p>&nbsp;<\/p>\n","protected":false},"excerpt":{"rendered":"<p>L&#8217;associazione Diff\u00e9rences Solidaires \u00e8 un&#8217;associazione riconosciuta di pubblica utilit\u00e0 dal cantone di Friburgo. Fondata nel 2009, aiuta le persone con&hellip;<\/p>\n","protected":false},"author":20,"featured_media":7806,"parent":0,"menu_order":0,"comment_status":"closed","ping_status":"closed","template":"","meta":{"_acf_changed":false,"pgc_meta":"","footnotes":""},"class_list":["post-3197","page","type-page","status-publish","has-post-thumbnail","hentry"],"acf":[],"pgc_meta":"","yoast_head":"<!-- This site is optimized with the Yoast SEO plugin v24.5 - https:\/\/yoast.com\/wordpress\/plugins\/seo\/ -->\n<title>L&#039;associazione - Association Diff\u00e9rences Solidaires<\/title>\n<meta name=\"robots\" content=\"index, follow, max-snippet:-1, max-image-preview:large, max-video-preview:-1\" \/>\n<link rel=\"canonical\" href=\"https:\/\/www.differences-solidaires.ch\/it\/lassociazione\/\" \/>\n<meta property=\"og:locale\" content=\"it_IT\" \/>\n<meta property=\"og:type\" content=\"article\" \/>\n<meta property=\"og:title\" content=\"L&#039;associazione - Association Diff\u00e9rences Solidaires\" \/>\n<meta property=\"og:description\" content=\"L&#8217;associazione Diff\u00e9rences Solidaires \u00e8 un&#8217;associazione riconosciuta di pubblica utilit\u00e0 dal cantone di Friburgo. Fondata nel 2009, aiuta le persone con&hellip;\" \/>\n<meta property=\"og:url\" content=\"https:\/\/www.differences-solidaires.ch\/it\/lassociazione\/\" \/>\n<meta property=\"og:site_name\" content=\"Association Diff\u00e9rences Solidaires\" \/>\n<meta property=\"article:modified_time\" content=\"2022-03-09T21:31:56+00:00\" \/>\n<meta property=\"og:image\" content=\"https:\/\/www.differences-solidaires.ch\/wp-content\/uploads\/2018\/01\/Cimgo_blanc-1024x836.jpg\" \/>\n\t<meta property=\"og:image:width\" content=\"1024\" \/>\n\t<meta property=\"og:image:height\" content=\"836\" \/>\n\t<meta property=\"og:image:type\" content=\"image\/jpeg\" \/>\n<meta name=\"twitter:card\" content=\"summary_large_image\" \/>\n<meta name=\"twitter:label1\" content=\"Tempo di lettura stimato\" \/>\n\t<meta name=\"twitter:data1\" content=\"2 minuti\" \/>\n<script type=\"application\/ld+json\" class=\"yoast-schema-graph\">{\"@context\":\"https:\/\/schema.org\",\"@graph\":[{\"@type\":\"WebPage\",\"@id\":\"https:\/\/www.differences-solidaires.ch\/it\/lassociazione\/\",\"url\":\"https:\/\/www.differences-solidaires.ch\/it\/lassociazione\/\",\"name\":\"L'associazione - Association Diff\u00e9rences Solidaires\",\"isPartOf\":{\"@id\":\"https:\/\/www.differences-solidaires.ch\/it\/#website\"},\"primaryImageOfPage\":{\"@id\":\"https:\/\/www.differences-solidaires.ch\/it\/lassociazione\/#primaryimage\"},\"image\":{\"@id\":\"https:\/\/www.differences-solidaires.ch\/it\/lassociazione\/#primaryimage\"},\"thumbnailUrl\":\"https:\/\/www.differences-solidaires.ch\/wp-content\/uploads\/2024\/07\/DSF0651-scaled.jpg\",\"datePublished\":\"2021-03-19T14:42:05+00:00\",\"dateModified\":\"2022-03-09T21:31:56+00:00\",\"breadcrumb\":{\"@id\":\"https:\/\/www.differences-solidaires.ch\/it\/lassociazione\/#breadcrumb\"},\"inLanguage\":\"it-IT\",\"potentialAction\":[{\"@type\":\"ReadAction\",\"target\":[\"https:\/\/www.differences-solidaires.ch\/it\/lassociazione\/\"]}]},{\"@type\":\"ImageObject\",\"inLanguage\":\"it-IT\",\"@id\":\"https:\/\/www.differences-solidaires.ch\/it\/lassociazione\/#primaryimage\",\"url\":\"https:\/\/www.differences-solidaires.ch\/wp-content\/uploads\/2024\/07\/DSF0651-scaled.jpg\",\"contentUrl\":\"https:\/\/www.differences-solidaires.ch\/wp-content\/uploads\/2024\/07\/DSF0651-scaled.jpg\",\"width\":2560,\"height\":1707},{\"@type\":\"BreadcrumbList\",\"@id\":\"https:\/\/www.differences-solidaires.ch\/it\/lassociazione\/#breadcrumb\",\"itemListElement\":[{\"@type\":\"ListItem\",\"position\":1,\"name\":\"Accueil\",\"item\":\"https:\/\/www.differences-solidaires.ch\/it\/\"},{\"@type\":\"ListItem\",\"position\":2,\"name\":\"L&#8217;associazione\"}]},{\"@type\":\"WebSite\",\"@id\":\"https:\/\/www.differences-solidaires.ch\/it\/#website\",\"url\":\"https:\/\/www.differences-solidaires.ch\/it\/\",\"name\":\"Association Diff\u00e9rences Solidaires\",\"description\":\"Activit\u00e9s sportives adapt\u00e9es\",\"potentialAction\":[{\"@type\":\"SearchAction\",\"target\":{\"@type\":\"EntryPoint\",\"urlTemplate\":\"https:\/\/www.differences-solidaires.ch\/it\/?s={search_term_string}\"},\"query-input\":{\"@type\":\"PropertyValueSpecification\",\"valueRequired\":true,\"valueName\":\"search_term_string\"}}],\"inLanguage\":\"it-IT\"}]}<\/script>\n<!-- \/ Yoast SEO plugin. -->","yoast_head_json":{"title":"L'associazione - Association Diff\u00e9rences Solidaires","robots":{"index":"index","follow":"follow","max-snippet":"max-snippet:-1","max-image-preview":"max-image-preview:large","max-video-preview":"max-video-preview:-1"},"canonical":"https:\/\/www.differences-solidaires.ch\/it\/lassociazione\/","og_locale":"it_IT","og_type":"article","og_title":"L'associazione - Association Diff\u00e9rences Solidaires","og_description":"L&#8217;associazione Diff\u00e9rences Solidaires \u00e8 un&#8217;associazione riconosciuta di pubblica utilit\u00e0 dal cantone di Friburgo. Fondata nel 2009, aiuta le persone con&hellip;","og_url":"https:\/\/www.differences-solidaires.ch\/it\/lassociazione\/","og_site_name":"Association Diff\u00e9rences Solidaires","article_modified_time":"2022-03-09T21:31:56+00:00","og_image":[{"width":1024,"height":836,"url":"https:\/\/www.differences-solidaires.ch\/wp-content\/uploads\/2018\/01\/Cimgo_blanc-1024x836.jpg","type":"image\/jpeg"}],"twitter_card":"summary_large_image","twitter_misc":{"Tempo di lettura stimato":"2 minuti"},"schema":{"@context":"https:\/\/schema.org","@graph":[{"@type":"WebPage","@id":"https:\/\/www.differences-solidaires.ch\/it\/lassociazione\/","url":"https:\/\/www.differences-solidaires.ch\/it\/lassociazione\/","name":"L'associazione - Association Diff\u00e9rences Solidaires","isPartOf":{"@id":"https:\/\/www.differences-solidaires.ch\/it\/#website"},"primaryImageOfPage":{"@id":"https:\/\/www.differences-solidaires.ch\/it\/lassociazione\/#primaryimage"},"image":{"@id":"https:\/\/www.differences-solidaires.ch\/it\/lassociazione\/#primaryimage"},"thumbnailUrl":"https:\/\/www.differences-solidaires.ch\/wp-content\/uploads\/2024\/07\/DSF0651-scaled.jpg","datePublished":"2021-03-19T14:42:05+00:00","dateModified":"2022-03-09T21:31:56+00:00","breadcrumb":{"@id":"https:\/\/www.differences-solidaires.ch\/it\/lassociazione\/#breadcrumb"},"inLanguage":"it-IT","potentialAction":[{"@type":"ReadAction","target":["https:\/\/www.differences-solidaires.ch\/it\/lassociazione\/"]}]},{"@type":"ImageObject","inLanguage":"it-IT","@id":"https:\/\/www.differences-solidaires.ch\/it\/lassociazione\/#primaryimage","url":"https:\/\/www.differences-solidaires.ch\/wp-content\/uploads\/2024\/07\/DSF0651-scaled.jpg","contentUrl":"https:\/\/www.differences-solidaires.ch\/wp-content\/uploads\/2024\/07\/DSF0651-scaled.jpg","width":2560,"height":1707},{"@type":"BreadcrumbList","@id":"https:\/\/www.differences-solidaires.ch\/it\/lassociazione\/#breadcrumb","itemListElement":[{"@type":"ListItem","position":1,"name":"Accueil","item":"https:\/\/www.differences-solidaires.ch\/it\/"},{"@type":"ListItem","position":2,"name":"L&#8217;associazione"}]},{"@type":"WebSite","@id":"https:\/\/www.differences-solidaires.ch\/it\/#website","url":"https:\/\/www.differences-solidaires.ch\/it\/","name":"Association Diff\u00e9rences Solidaires","description":"Activit\u00e9s sportives adapt\u00e9es","potentialAction":[{"@type":"SearchAction","target":{"@type":"EntryPoint","urlTemplate":"https:\/\/www.differences-solidaires.ch\/it\/?s={search_term_string}"},"query-input":{"@type":"PropertyValueSpecification","valueRequired":true,"valueName":"search_term_string"}}],"inLanguage":"it-IT"}]}},"_links":{"self":[{"href":"https:\/\/www.differences-solidaires.ch\/it\/wp-json\/wp\/v2\/pages\/3197","targetHints":{"allow":["GET"]}}],"collection":[{"href":"https:\/\/www.differences-solidaires.ch\/it\/wp-json\/wp\/v2\/pages"}],"about":[{"href":"https:\/\/www.differences-solidaires.ch\/it\/wp-json\/wp\/v2\/types\/page"}],"author":[{"embeddable":true,"href":"https:\/\/www.differences-solidaires.ch\/it\/wp-json\/wp\/v2\/users\/20"}],"replies":[{"embeddable":true,"href":"https:\/\/www.differences-solidaires.ch\/it\/wp-json\/wp\/v2\/comments?post=3197"}],"version-history":[{"count":3,"href":"https:\/\/www.differences-solidaires.ch\/it\/wp-json\/wp\/v2\/pages\/3197\/revisions"}],"predecessor-version":[{"id":5724,"href":"https:\/\/www.differences-solidaires.ch\/it\/wp-json\/wp\/v2\/pages\/3197\/revisions\/5724"}],"wp:featuredmedia":[{"embeddable":true,"href":"https:\/\/www.differences-solidaires.ch\/it\/wp-json\/wp\/v2\/media\/7806"}],"wp:attachment":[{"href":"https:\/\/www.differences-solidaires.ch\/it\/wp-json\/wp\/v2\/media?parent=3197"}],"curies":[{"name":"wp","href":"https:\/\/api.w.org\/{rel}","templated":true}]}}