{"id":6310,"date":"2022-07-02T19:03:59","date_gmt":"2022-07-02T17:03:59","guid":{"rendered":"https:\/\/www.differences-solidaires.ch\/product\/ski-jacket\/"},"modified":"2022-07-02T19:03:59","modified_gmt":"2022-07-02T17:03:59","slug":"ski-jacket","status":"publish","type":"product","link":"https:\/\/www.differences-solidaires.ch\/en\/product\/ski-jacket\/","title":{"rendered":"Ski jacket"},"content":{"rendered":"","protected":false},"excerpt":{"rendered":"","protected":false},"featured_media":6346,"comment_status":"closed","ping_status":"closed","template":"","meta":{"_acf_changed":false,"pgc_meta":""},"product_brand":[],"product_cat":[394],"product_tag":[],"class_list":{"0":"post-6310","1":"product","2":"type-product","3":"status-publish","4":"has-post-thumbnail","6":"product_cat-ski-clothing","8":"first","9":"instock","10":"taxable","11":"shipping-taxable","12":"purchasable","13":"product-type-variable"},"acf":[],"yoast_head":"<!-- This site is optimized with the Yoast SEO plugin v24.5 - https:\/\/yoast.com\/wordpress\/plugins\/seo\/ -->\n<title>Ski jacket - Association Diff\u00e9rences Solidaires<\/title>\n<meta name=\"robots\" content=\"index, follow, max-snippet:-1, max-image-preview:large, max-video-preview:-1\" \/>\n<link rel=\"canonical\" href=\"https:\/\/www.differences-solidaires.ch\/en\/product\/ski-jacket\/\" \/>\n<meta property=\"og:locale\" content=\"en_US\" \/>\n<meta property=\"og:type\" content=\"article\" \/>\n<meta property=\"og:title\" content=\"Ski jacket - Association Diff\u00e9rences Solidaires\" \/>\n<meta property=\"og:url\" content=\"https:\/\/www.differences-solidaires.ch\/en\/product\/ski-jacket\/\" \/>\n<meta property=\"og:site_name\" content=\"Association Diff\u00e9rences Solidaires\" \/>\n<meta property=\"og:image\" content=\"https:\/\/www.differences-solidaires.ch\/wp-content\/uploads\/2022\/07\/veste_bleu_ciel-2.png\" \/>\n\t<meta property=\"og:image:width\" content=\"1672\" \/>\n\t<meta property=\"og:image:height\" content=\"1685\" \/>\n\t<meta property=\"og:image:type\" content=\"image\/png\" \/>\n<meta name=\"twitter:card\" content=\"summary_large_image\" \/>\n<script type=\"application\/ld+json\" class=\"yoast-schema-graph\">{\"@context\":\"https:\/\/schema.org\",\"@graph\":[{\"@type\":\"WebPage\",\"@id\":\"https:\/\/www.differences-solidaires.ch\/en\/product\/ski-jacket\/\",\"url\":\"https:\/\/www.differences-solidaires.ch\/en\/product\/ski-jacket\/\",\"name\":\"Ski jacket - Association Diff\u00e9rences Solidaires\",\"isPartOf\":{\"@id\":\"https:\/\/www.differences-solidaires.ch\/en\/#website\"},\"primaryImageOfPage\":{\"@id\":\"https:\/\/www.differences-solidaires.ch\/en\/product\/ski-jacket\/#primaryimage\"},\"image\":{\"@id\":\"https:\/\/www.differences-solidaires.ch\/en\/product\/ski-jacket\/#primaryimage\"},\"thumbnailUrl\":\"https:\/\/www.differences-solidaires.ch\/wp-content\/uploads\/2022\/07\/veste_bleu_ciel-2.png\",\"datePublished\":\"2022-07-02T17:03:59+00:00\",\"breadcrumb\":{\"@id\":\"https:\/\/www.differences-solidaires.ch\/en\/product\/ski-jacket\/#breadcrumb\"},\"inLanguage\":\"en-US\",\"potentialAction\":[{\"@type\":\"ReadAction\",\"target\":[\"https:\/\/www.differences-solidaires.ch\/en\/product\/ski-jacket\/\"]}]},{\"@type\":\"ImageObject\",\"inLanguage\":\"en-US\",\"@id\":\"https:\/\/www.differences-solidaires.ch\/en\/product\/ski-jacket\/#primaryimage\",\"url\":\"https:\/\/www.differences-solidaires.ch\/wp-content\/uploads\/2022\/07\/veste_bleu_ciel-2.png\",\"contentUrl\":\"https:\/\/www.differences-solidaires.ch\/wp-content\/uploads\/2022\/07\/veste_bleu_ciel-2.png\",\"width\":1672,\"height\":1685},{\"@type\":\"BreadcrumbList\",\"@id\":\"https:\/\/www.differences-solidaires.ch\/en\/product\/ski-jacket\/#breadcrumb\",\"itemListElement\":[{\"@type\":\"ListItem\",\"position\":1,\"name\":\"Accueil\",\"item\":\"https:\/\/www.differences-solidaires.ch\/en\/\"},{\"@type\":\"ListItem\",\"position\":2,\"name\":\"Ski jacket\"}]},{\"@type\":\"WebSite\",\"@id\":\"https:\/\/www.differences-solidaires.ch\/en\/#website\",\"url\":\"https:\/\/www.differences-solidaires.ch\/en\/\",\"name\":\"Association Diff\u00e9rences Solidaires\",\"description\":\"Activit\u00e9s sportives adapt\u00e9es\",\"potentialAction\":[{\"@type\":\"SearchAction\",\"target\":{\"@type\":\"EntryPoint\",\"urlTemplate\":\"https:\/\/www.differences-solidaires.ch\/en\/?s={search_term_string}\"},\"query-input\":{\"@type\":\"PropertyValueSpecification\",\"valueRequired\":true,\"valueName\":\"search_term_string\"}}],\"inLanguage\":\"en-US\"}]}<\/script>\n<!-- \/ Yoast SEO plugin. -->","yoast_head_json":{"title":"Ski jacket - Association Diff\u00e9rences Solidaires","robots":{"index":"index","follow":"follow","max-snippet":"max-snippet:-1","max-image-preview":"max-image-preview:large","max-video-preview":"max-video-preview:-1"},"canonical":"https:\/\/www.differences-solidaires.ch\/en\/product\/ski-jacket\/","og_locale":"en_US","og_type":"article","og_title":"Ski jacket - Association Diff\u00e9rences Solidaires","og_url":"https:\/\/www.differences-solidaires.ch\/en\/product\/ski-jacket\/","og_site_name":"Association Diff\u00e9rences Solidaires","og_image":[{"width":1672,"height":1685,"url":"https:\/\/www.differences-solidaires.ch\/wp-content\/uploads\/2022\/07\/veste_bleu_ciel-2.png","type":"image\/png"}],"twitter_card":"summary_large_image","schema":{"@context":"https:\/\/schema.org","@graph":[{"@type":"WebPage","@id":"https:\/\/www.differences-solidaires.ch\/en\/product\/ski-jacket\/","url":"https:\/\/www.differences-solidaires.ch\/en\/product\/ski-jacket\/","name":"Ski jacket - Association Diff\u00e9rences Solidaires","isPartOf":{"@id":"https:\/\/www.differences-solidaires.ch\/en\/#website"},"primaryImageOfPage":{"@id":"https:\/\/www.differences-solidaires.ch\/en\/product\/ski-jacket\/#primaryimage"},"image":{"@id":"https:\/\/www.differences-solidaires.ch\/en\/product\/ski-jacket\/#primaryimage"},"thumbnailUrl":"https:\/\/www.differences-solidaires.ch\/wp-content\/uploads\/2022\/07\/veste_bleu_ciel-2.png","datePublished":"2022-07-02T17:03:59+00:00","breadcrumb":{"@id":"https:\/\/www.differences-solidaires.ch\/en\/product\/ski-jacket\/#breadcrumb"},"inLanguage":"en-US","potentialAction":[{"@type":"ReadAction","target":["https:\/\/www.differences-solidaires.ch\/en\/product\/ski-jacket\/"]}]},{"@type":"ImageObject","inLanguage":"en-US","@id":"https:\/\/www.differences-solidaires.ch\/en\/product\/ski-jacket\/#primaryimage","url":"https:\/\/www.differences-solidaires.ch\/wp-content\/uploads\/2022\/07\/veste_bleu_ciel-2.png","contentUrl":"https:\/\/www.differences-solidaires.ch\/wp-content\/uploads\/2022\/07\/veste_bleu_ciel-2.png","width":1672,"height":1685},{"@type":"BreadcrumbList","@id":"https:\/\/www.differences-solidaires.ch\/en\/product\/ski-jacket\/#breadcrumb","itemListElement":[{"@type":"ListItem","position":1,"name":"Accueil","item":"https:\/\/www.differences-solidaires.ch\/en\/"},{"@type":"ListItem","position":2,"name":"Ski jacket"}]},{"@type":"WebSite","@id":"https:\/\/www.differences-solidaires.ch\/en\/#website","url":"https:\/\/www.differences-solidaires.ch\/en\/","name":"Association Diff\u00e9rences Solidaires","description":"Activit\u00e9s sportives adapt\u00e9es","potentialAction":[{"@type":"SearchAction","target":{"@type":"EntryPoint","urlTemplate":"https:\/\/www.differences-solidaires.ch\/en\/?s={search_term_string}"},"query-input":{"@type":"PropertyValueSpecification","valueRequired":true,"valueName":"search_term_string"}}],"inLanguage":"en-US"}]}},"_links":{"self":[{"href":"https:\/\/www.differences-solidaires.ch\/en\/wp-json\/wp\/v2\/product\/6310","targetHints":{"allow":["GET"]}}],"collection":[{"href":"https:\/\/www.differences-solidaires.ch\/en\/wp-json\/wp\/v2\/product"}],"about":[{"href":"https:\/\/www.differences-solidaires.ch\/en\/wp-json\/wp\/v2\/types\/product"}],"replies":[{"embeddable":true,"href":"https:\/\/www.differences-solidaires.ch\/en\/wp-json\/wp\/v2\/comments?post=6310"}],"wp:featuredmedia":[{"embeddable":true,"href":"https:\/\/www.differences-solidaires.ch\/en\/wp-json\/wp\/v2\/media\/6346"}],"wp:attachment":[{"href":"https:\/\/www.differences-solidaires.ch\/en\/wp-json\/wp\/v2\/media?parent=6310"}],"wp:term":[{"taxonomy":"product_brand","embeddable":true,"href":"https:\/\/www.differences-solidaires.ch\/en\/wp-json\/wp\/v2\/product_brand?post=6310"},{"taxonomy":"product_cat","embeddable":true,"href":"https:\/\/www.differences-solidaires.ch\/en\/wp-json\/wp\/v2\/product_cat?post=6310"},{"taxonomy":"product_tag","embeddable":true,"href":"https:\/\/www.differences-solidaires.ch\/en\/wp-json\/wp\/v2\/product_tag?post=6310"}],"curies":[{"name":"wp","href":"https:\/\/api.w.org\/{rel}","templated":true}]}}