{"id":6225,"date":"2022-07-02T17:17:38","date_gmt":"2022-07-02T15:17:38","guid":{"rendered":"https:\/\/www.differences-solidaires.ch\/product\/association-jacket\/"},"modified":"2022-07-02T17:19:56","modified_gmt":"2022-07-02T15:19:56","slug":"association-jacket","status":"publish","type":"product","link":"https:\/\/www.differences-solidaires.ch\/en\/product\/association-jacket\/","title":{"rendered":"Association Softshell Jacket"},"content":{"rendered":"","protected":false},"excerpt":{"rendered":"","protected":false},"featured_media":6202,"comment_status":"closed","ping_status":"closed","template":"","meta":{"_acf_changed":false,"pgc_meta":""},"product_brand":[],"product_cat":[391],"product_tag":[],"class_list":{"0":"post-6225","1":"product","2":"type-product","3":"status-publish","4":"has-post-thumbnail","6":"product_cat-clothes","8":"first","9":"instock","10":"taxable","11":"shipping-taxable","12":"purchasable","13":"product-type-variable"},"acf":[],"yoast_head":"<!-- This site is optimized with the Yoast SEO plugin v24.5 - https:\/\/yoast.com\/wordpress\/plugins\/seo\/ -->\n<title>Association Softshell Jacket - Association Diff\u00e9rences Solidaires<\/title>\n<meta name=\"robots\" content=\"index, follow, max-snippet:-1, max-image-preview:large, max-video-preview:-1\" \/>\n<link rel=\"canonical\" href=\"https:\/\/www.differences-solidaires.ch\/en\/product\/association-jacket\/\" \/>\n<meta property=\"og:locale\" content=\"en_US\" \/>\n<meta property=\"og:type\" content=\"article\" \/>\n<meta property=\"og:title\" content=\"Association Softshell Jacket - Association Diff\u00e9rences Solidaires\" \/>\n<meta property=\"og:url\" content=\"https:\/\/www.differences-solidaires.ch\/en\/product\/association-jacket\/\" \/>\n<meta property=\"og:site_name\" content=\"Association Diff\u00e9rences Solidaires\" \/>\n<meta property=\"article:modified_time\" content=\"2022-07-02T15:19:56+00:00\" \/>\n<meta property=\"og:image\" content=\"https:\/\/www.differences-solidaires.ch\/wp-content\/uploads\/2022\/07\/softshell_saison_2022_2.jpg\" \/>\n\t<meta property=\"og:image:width\" content=\"601\" \/>\n\t<meta property=\"og:image:height\" content=\"850\" \/>\n\t<meta property=\"og:image:type\" content=\"image\/jpeg\" \/>\n<meta name=\"twitter:card\" content=\"summary_large_image\" \/>\n<script type=\"application\/ld+json\" class=\"yoast-schema-graph\">{\"@context\":\"https:\/\/schema.org\",\"@graph\":[{\"@type\":\"WebPage\",\"@id\":\"https:\/\/www.differences-solidaires.ch\/en\/product\/association-jacket\/\",\"url\":\"https:\/\/www.differences-solidaires.ch\/en\/product\/association-jacket\/\",\"name\":\"Association Softshell Jacket - Association Diff\u00e9rences Solidaires\",\"isPartOf\":{\"@id\":\"https:\/\/www.differences-solidaires.ch\/en\/#website\"},\"primaryImageOfPage\":{\"@id\":\"https:\/\/www.differences-solidaires.ch\/en\/product\/association-jacket\/#primaryimage\"},\"image\":{\"@id\":\"https:\/\/www.differences-solidaires.ch\/en\/product\/association-jacket\/#primaryimage\"},\"thumbnailUrl\":\"https:\/\/www.differences-solidaires.ch\/wp-content\/uploads\/2022\/07\/softshell_saison_2022_2.jpg\",\"datePublished\":\"2022-07-02T15:17:38+00:00\",\"dateModified\":\"2022-07-02T15:19:56+00:00\",\"breadcrumb\":{\"@id\":\"https:\/\/www.differences-solidaires.ch\/en\/product\/association-jacket\/#breadcrumb\"},\"inLanguage\":\"en-US\",\"potentialAction\":[{\"@type\":\"ReadAction\",\"target\":[\"https:\/\/www.differences-solidaires.ch\/en\/product\/association-jacket\/\"]}]},{\"@type\":\"ImageObject\",\"inLanguage\":\"en-US\",\"@id\":\"https:\/\/www.differences-solidaires.ch\/en\/product\/association-jacket\/#primaryimage\",\"url\":\"https:\/\/www.differences-solidaires.ch\/wp-content\/uploads\/2022\/07\/softshell_saison_2022_2.jpg\",\"contentUrl\":\"https:\/\/www.differences-solidaires.ch\/wp-content\/uploads\/2022\/07\/softshell_saison_2022_2.jpg\",\"width\":601,\"height\":850},{\"@type\":\"BreadcrumbList\",\"@id\":\"https:\/\/www.differences-solidaires.ch\/en\/product\/association-jacket\/#breadcrumb\",\"itemListElement\":[{\"@type\":\"ListItem\",\"position\":1,\"name\":\"Accueil\",\"item\":\"https:\/\/www.differences-solidaires.ch\/en\/\"},{\"@type\":\"ListItem\",\"position\":2,\"name\":\"Association Softshell Jacket\"}]},{\"@type\":\"WebSite\",\"@id\":\"https:\/\/www.differences-solidaires.ch\/en\/#website\",\"url\":\"https:\/\/www.differences-solidaires.ch\/en\/\",\"name\":\"Association Diff\u00e9rences Solidaires\",\"description\":\"Activit\u00e9s sportives adapt\u00e9es\",\"potentialAction\":[{\"@type\":\"SearchAction\",\"target\":{\"@type\":\"EntryPoint\",\"urlTemplate\":\"https:\/\/www.differences-solidaires.ch\/en\/?s={search_term_string}\"},\"query-input\":{\"@type\":\"PropertyValueSpecification\",\"valueRequired\":true,\"valueName\":\"search_term_string\"}}],\"inLanguage\":\"en-US\"}]}<\/script>\n<!-- \/ Yoast SEO plugin. -->","yoast_head_json":{"title":"Association Softshell Jacket - Association Diff\u00e9rences Solidaires","robots":{"index":"index","follow":"follow","max-snippet":"max-snippet:-1","max-image-preview":"max-image-preview:large","max-video-preview":"max-video-preview:-1"},"canonical":"https:\/\/www.differences-solidaires.ch\/en\/product\/association-jacket\/","og_locale":"en_US","og_type":"article","og_title":"Association Softshell Jacket - Association Diff\u00e9rences Solidaires","og_url":"https:\/\/www.differences-solidaires.ch\/en\/product\/association-jacket\/","og_site_name":"Association Diff\u00e9rences Solidaires","article_modified_time":"2022-07-02T15:19:56+00:00","og_image":[{"width":601,"height":850,"url":"https:\/\/www.differences-solidaires.ch\/wp-content\/uploads\/2022\/07\/softshell_saison_2022_2.jpg","type":"image\/jpeg"}],"twitter_card":"summary_large_image","schema":{"@context":"https:\/\/schema.org","@graph":[{"@type":"WebPage","@id":"https:\/\/www.differences-solidaires.ch\/en\/product\/association-jacket\/","url":"https:\/\/www.differences-solidaires.ch\/en\/product\/association-jacket\/","name":"Association Softshell Jacket - Association Diff\u00e9rences Solidaires","isPartOf":{"@id":"https:\/\/www.differences-solidaires.ch\/en\/#website"},"primaryImageOfPage":{"@id":"https:\/\/www.differences-solidaires.ch\/en\/product\/association-jacket\/#primaryimage"},"image":{"@id":"https:\/\/www.differences-solidaires.ch\/en\/product\/association-jacket\/#primaryimage"},"thumbnailUrl":"https:\/\/www.differences-solidaires.ch\/wp-content\/uploads\/2022\/07\/softshell_saison_2022_2.jpg","datePublished":"2022-07-02T15:17:38+00:00","dateModified":"2022-07-02T15:19:56+00:00","breadcrumb":{"@id":"https:\/\/www.differences-solidaires.ch\/en\/product\/association-jacket\/#breadcrumb"},"inLanguage":"en-US","potentialAction":[{"@type":"ReadAction","target":["https:\/\/www.differences-solidaires.ch\/en\/product\/association-jacket\/"]}]},{"@type":"ImageObject","inLanguage":"en-US","@id":"https:\/\/www.differences-solidaires.ch\/en\/product\/association-jacket\/#primaryimage","url":"https:\/\/www.differences-solidaires.ch\/wp-content\/uploads\/2022\/07\/softshell_saison_2022_2.jpg","contentUrl":"https:\/\/www.differences-solidaires.ch\/wp-content\/uploads\/2022\/07\/softshell_saison_2022_2.jpg","width":601,"height":850},{"@type":"BreadcrumbList","@id":"https:\/\/www.differences-solidaires.ch\/en\/product\/association-jacket\/#breadcrumb","itemListElement":[{"@type":"ListItem","position":1,"name":"Accueil","item":"https:\/\/www.differences-solidaires.ch\/en\/"},{"@type":"ListItem","position":2,"name":"Association Softshell Jacket"}]},{"@type":"WebSite","@id":"https:\/\/www.differences-solidaires.ch\/en\/#website","url":"https:\/\/www.differences-solidaires.ch\/en\/","name":"Association Diff\u00e9rences Solidaires","description":"Activit\u00e9s sportives adapt\u00e9es","potentialAction":[{"@type":"SearchAction","target":{"@type":"EntryPoint","urlTemplate":"https:\/\/www.differences-solidaires.ch\/en\/?s={search_term_string}"},"query-input":{"@type":"PropertyValueSpecification","valueRequired":true,"valueName":"search_term_string"}}],"inLanguage":"en-US"}]}},"_links":{"self":[{"href":"https:\/\/www.differences-solidaires.ch\/en\/wp-json\/wp\/v2\/product\/6225","targetHints":{"allow":["GET"]}}],"collection":[{"href":"https:\/\/www.differences-solidaires.ch\/en\/wp-json\/wp\/v2\/product"}],"about":[{"href":"https:\/\/www.differences-solidaires.ch\/en\/wp-json\/wp\/v2\/types\/product"}],"replies":[{"embeddable":true,"href":"https:\/\/www.differences-solidaires.ch\/en\/wp-json\/wp\/v2\/comments?post=6225"}],"wp:featuredmedia":[{"embeddable":true,"href":"https:\/\/www.differences-solidaires.ch\/en\/wp-json\/wp\/v2\/media\/6202"}],"wp:attachment":[{"href":"https:\/\/www.differences-solidaires.ch\/en\/wp-json\/wp\/v2\/media?parent=6225"}],"wp:term":[{"taxonomy":"product_brand","embeddable":true,"href":"https:\/\/www.differences-solidaires.ch\/en\/wp-json\/wp\/v2\/product_brand?post=6225"},{"taxonomy":"product_cat","embeddable":true,"href":"https:\/\/www.differences-solidaires.ch\/en\/wp-json\/wp\/v2\/product_cat?post=6225"},{"taxonomy":"product_tag","embeddable":true,"href":"https:\/\/www.differences-solidaires.ch\/en\/wp-json\/wp\/v2\/product_tag?post=6225"}],"curies":[{"name":"wp","href":"https:\/\/api.w.org\/{rel}","templated":true}]}}