{"id":4090,"date":"2021-04-06T18:14:17","date_gmt":"2021-04-06T16:14:17","guid":{"rendered":"https:\/\/www.differences-solidaires.ch\/?page_id=4090"},"modified":"2022-03-09T23:05:27","modified_gmt":"2022-03-09T22:05:27","slug":"quadrix-axcess-course","status":"publish","type":"page","link":"https:\/\/www.differences-solidaires.ch\/en\/services\/quadrix-axcess-course\/","title":{"rendered":"Quadrix Axcess course"},"content":{"rendered":"<p>[vc_row][vc_column][vc_column_text]<\/p>\n<p><span style=\"font-size: 14pt; color: #ff6600;\"><strong>Quadrix Axcess course<\/strong><\/span><\/p>\n<p>Diff\u00e9rences Solidaires quickly wanted to offer sports activities for which the beneficiaries can be autonomous. The Quadrix Axcess is one of these activities. This all-terrain wheelchair has been specially designed for safe use. However, it may require the presence of a specially trained companion to avoid any mistakes and to assist the drivers if necessary.<\/p>\n<p>We would like to point out to users that it is essential to carry out a reconnaissance before any Quadrix Axcess ride. The terrain may change between the release of our route and your ride (new fences, fallen trees, rockfall, etc.) and make your ride much more difficult than expected. We would be grateful if you could contact us if you notice any differences between the proposed route and the actual terrain.<\/p>\n<p>These routes are provided free of charge, but you can support our tracking action by making a donation.<\/p>\n<p>We would like to thank Suisse Mobile for generously accepting that we can use these routes on our website. You can download the application on your different devices to read our maps.<\/p>\n<p>Suisse Mobile Plus: <a href=\"https:\/\/www.suissemobileplus.ch\/schweizmobilplus\/vorteile.html\" target=\"_blank\" rel=\"noopener\">https:\/\/www.suissemobileplus.ch\/schweizmobilplus\/vorteile.html<\/a><\/p>\n<p>[\/vc_column_text][vc_basic_grid post_type=&#8221;post&#8221; max_items=&#8221;24&#8243; show_filter=&#8221;yes&#8221; gap=&#8221;35&#8243; filter_style=&#8221;filled-rounded&#8221; filter_color=&#8221;orange&#8221; grid_id=&#8221;vc_gid:1646863518814-193e8111-c3cf-6&#8243; taxonomies=&#8221;79&#8243; filter_source=&#8221;category&#8221;][\/vc_column][\/vc_row]<\/p>\n","protected":false},"excerpt":{"rendered":"<p>[vc_row][vc_column][vc_column_text] Quadrix Axcess course Diff\u00e9rences Solidaires quickly wanted to offer sports activities for which the beneficiaries can be autonomous. The&hellip;<\/p>\n","protected":false},"author":20,"featured_media":2430,"parent":3545,"menu_order":0,"comment_status":"closed","ping_status":"closed","template":"","meta":{"_acf_changed":false,"pgc_meta":"","footnotes":""},"class_list":["post-4090","page","type-page","status-publish","has-post-thumbnail","hentry"],"acf":[],"pgc_meta":"","yoast_head":"<!-- This site is optimized with the Yoast SEO plugin v24.5 - https:\/\/yoast.com\/wordpress\/plugins\/seo\/ -->\n<title>Quadrix Axcess course - Association Diff\u00e9rences Solidaires<\/title>\n<meta name=\"robots\" content=\"index, follow, max-snippet:-1, max-image-preview:large, max-video-preview:-1\" \/>\n<link rel=\"canonical\" href=\"https:\/\/www.differences-solidaires.ch\/en\/services\/quadrix-axcess-course\/\" \/>\n<meta property=\"og:locale\" content=\"en_US\" \/>\n<meta property=\"og:type\" content=\"article\" \/>\n<meta property=\"og:title\" content=\"Quadrix Axcess course - Association Diff\u00e9rences Solidaires\" \/>\n<meta property=\"og:description\" content=\"[vc_row][vc_column][vc_column_text] Quadrix Axcess course Diff\u00e9rences Solidaires quickly wanted to offer sports activities for which the beneficiaries can be autonomous. The&hellip;\" \/>\n<meta property=\"og:url\" content=\"https:\/\/www.differences-solidaires.ch\/en\/services\/quadrix-axcess-course\/\" \/>\n<meta property=\"og:site_name\" content=\"Association Diff\u00e9rences Solidaires\" \/>\n<meta property=\"article:modified_time\" content=\"2022-03-09T22:05:27+00:00\" \/>\n<meta property=\"og:image\" content=\"https:\/\/www.differences-solidaires.ch\/wp-content\/uploads\/2020\/08\/IMG_2836-scaled.jpg\" \/>\n\t<meta property=\"og:image:width\" content=\"1920\" \/>\n\t<meta property=\"og:image:height\" content=\"2560\" \/>\n\t<meta property=\"og:image:type\" content=\"image\/jpeg\" \/>\n<meta name=\"twitter:card\" content=\"summary_large_image\" \/>\n<meta name=\"twitter:label1\" content=\"Est. reading time\" \/>\n\t<meta name=\"twitter:data1\" content=\"1 minute\" \/>\n<script type=\"application\/ld+json\" class=\"yoast-schema-graph\">{\"@context\":\"https:\/\/schema.org\",\"@graph\":[{\"@type\":\"WebPage\",\"@id\":\"https:\/\/www.differences-solidaires.ch\/en\/services\/quadrix-axcess-course\/\",\"url\":\"https:\/\/www.differences-solidaires.ch\/en\/services\/quadrix-axcess-course\/\",\"name\":\"Quadrix Axcess course - Association Diff\u00e9rences Solidaires\",\"isPartOf\":{\"@id\":\"https:\/\/www.differences-solidaires.ch\/en\/#website\"},\"primaryImageOfPage\":{\"@id\":\"https:\/\/www.differences-solidaires.ch\/en\/services\/quadrix-axcess-course\/#primaryimage\"},\"image\":{\"@id\":\"https:\/\/www.differences-solidaires.ch\/en\/services\/quadrix-axcess-course\/#primaryimage\"},\"thumbnailUrl\":\"https:\/\/www.differences-solidaires.ch\/wp-content\/uploads\/2020\/08\/IMG_2836-scaled.jpg\",\"datePublished\":\"2021-04-06T16:14:17+00:00\",\"dateModified\":\"2022-03-09T22:05:27+00:00\",\"breadcrumb\":{\"@id\":\"https:\/\/www.differences-solidaires.ch\/en\/services\/quadrix-axcess-course\/#breadcrumb\"},\"inLanguage\":\"en-US\",\"potentialAction\":[{\"@type\":\"ReadAction\",\"target\":[\"https:\/\/www.differences-solidaires.ch\/en\/services\/quadrix-axcess-course\/\"]}]},{\"@type\":\"ImageObject\",\"inLanguage\":\"en-US\",\"@id\":\"https:\/\/www.differences-solidaires.ch\/en\/services\/quadrix-axcess-course\/#primaryimage\",\"url\":\"https:\/\/www.differences-solidaires.ch\/wp-content\/uploads\/2020\/08\/IMG_2836-scaled.jpg\",\"contentUrl\":\"https:\/\/www.differences-solidaires.ch\/wp-content\/uploads\/2020\/08\/IMG_2836-scaled.jpg\",\"width\":1920,\"height\":2560},{\"@type\":\"BreadcrumbList\",\"@id\":\"https:\/\/www.differences-solidaires.ch\/en\/services\/quadrix-axcess-course\/#breadcrumb\",\"itemListElement\":[{\"@type\":\"ListItem\",\"position\":1,\"name\":\"Accueil\",\"item\":\"https:\/\/www.differences-solidaires.ch\/en\/\"},{\"@type\":\"ListItem\",\"position\":2,\"name\":\"Services\",\"item\":\"https:\/\/www.differences-solidaires.ch\/en\/services\/\"},{\"@type\":\"ListItem\",\"position\":3,\"name\":\"Quadrix Axcess course\"}]},{\"@type\":\"WebSite\",\"@id\":\"https:\/\/www.differences-solidaires.ch\/en\/#website\",\"url\":\"https:\/\/www.differences-solidaires.ch\/en\/\",\"name\":\"Association Diff\u00e9rences Solidaires\",\"description\":\"Activit\u00e9s sportives adapt\u00e9es\",\"potentialAction\":[{\"@type\":\"SearchAction\",\"target\":{\"@type\":\"EntryPoint\",\"urlTemplate\":\"https:\/\/www.differences-solidaires.ch\/en\/?s={search_term_string}\"},\"query-input\":{\"@type\":\"PropertyValueSpecification\",\"valueRequired\":true,\"valueName\":\"search_term_string\"}}],\"inLanguage\":\"en-US\"}]}<\/script>\n<!-- \/ Yoast SEO plugin. -->","yoast_head_json":{"title":"Quadrix Axcess course - Association Diff\u00e9rences Solidaires","robots":{"index":"index","follow":"follow","max-snippet":"max-snippet:-1","max-image-preview":"max-image-preview:large","max-video-preview":"max-video-preview:-1"},"canonical":"https:\/\/www.differences-solidaires.ch\/en\/services\/quadrix-axcess-course\/","og_locale":"en_US","og_type":"article","og_title":"Quadrix Axcess course - Association Diff\u00e9rences Solidaires","og_description":"[vc_row][vc_column][vc_column_text] Quadrix Axcess course Diff\u00e9rences Solidaires quickly wanted to offer sports activities for which the beneficiaries can be autonomous. The&hellip;","og_url":"https:\/\/www.differences-solidaires.ch\/en\/services\/quadrix-axcess-course\/","og_site_name":"Association Diff\u00e9rences Solidaires","article_modified_time":"2022-03-09T22:05:27+00:00","og_image":[{"width":1920,"height":2560,"url":"https:\/\/www.differences-solidaires.ch\/wp-content\/uploads\/2020\/08\/IMG_2836-scaled.jpg","type":"image\/jpeg"}],"twitter_card":"summary_large_image","twitter_misc":{"Est. reading time":"1 minute"},"schema":{"@context":"https:\/\/schema.org","@graph":[{"@type":"WebPage","@id":"https:\/\/www.differences-solidaires.ch\/en\/services\/quadrix-axcess-course\/","url":"https:\/\/www.differences-solidaires.ch\/en\/services\/quadrix-axcess-course\/","name":"Quadrix Axcess course - Association Diff\u00e9rences Solidaires","isPartOf":{"@id":"https:\/\/www.differences-solidaires.ch\/en\/#website"},"primaryImageOfPage":{"@id":"https:\/\/www.differences-solidaires.ch\/en\/services\/quadrix-axcess-course\/#primaryimage"},"image":{"@id":"https:\/\/www.differences-solidaires.ch\/en\/services\/quadrix-axcess-course\/#primaryimage"},"thumbnailUrl":"https:\/\/www.differences-solidaires.ch\/wp-content\/uploads\/2020\/08\/IMG_2836-scaled.jpg","datePublished":"2021-04-06T16:14:17+00:00","dateModified":"2022-03-09T22:05:27+00:00","breadcrumb":{"@id":"https:\/\/www.differences-solidaires.ch\/en\/services\/quadrix-axcess-course\/#breadcrumb"},"inLanguage":"en-US","potentialAction":[{"@type":"ReadAction","target":["https:\/\/www.differences-solidaires.ch\/en\/services\/quadrix-axcess-course\/"]}]},{"@type":"ImageObject","inLanguage":"en-US","@id":"https:\/\/www.differences-solidaires.ch\/en\/services\/quadrix-axcess-course\/#primaryimage","url":"https:\/\/www.differences-solidaires.ch\/wp-content\/uploads\/2020\/08\/IMG_2836-scaled.jpg","contentUrl":"https:\/\/www.differences-solidaires.ch\/wp-content\/uploads\/2020\/08\/IMG_2836-scaled.jpg","width":1920,"height":2560},{"@type":"BreadcrumbList","@id":"https:\/\/www.differences-solidaires.ch\/en\/services\/quadrix-axcess-course\/#breadcrumb","itemListElement":[{"@type":"ListItem","position":1,"name":"Accueil","item":"https:\/\/www.differences-solidaires.ch\/en\/"},{"@type":"ListItem","position":2,"name":"Services","item":"https:\/\/www.differences-solidaires.ch\/en\/services\/"},{"@type":"ListItem","position":3,"name":"Quadrix Axcess course"}]},{"@type":"WebSite","@id":"https:\/\/www.differences-solidaires.ch\/en\/#website","url":"https:\/\/www.differences-solidaires.ch\/en\/","name":"Association Diff\u00e9rences Solidaires","description":"Activit\u00e9s sportives adapt\u00e9es","potentialAction":[{"@type":"SearchAction","target":{"@type":"EntryPoint","urlTemplate":"https:\/\/www.differences-solidaires.ch\/en\/?s={search_term_string}"},"query-input":{"@type":"PropertyValueSpecification","valueRequired":true,"valueName":"search_term_string"}}],"inLanguage":"en-US"}]}},"_links":{"self":[{"href":"https:\/\/www.differences-solidaires.ch\/en\/wp-json\/wp\/v2\/pages\/4090","targetHints":{"allow":["GET"]}}],"collection":[{"href":"https:\/\/www.differences-solidaires.ch\/en\/wp-json\/wp\/v2\/pages"}],"about":[{"href":"https:\/\/www.differences-solidaires.ch\/en\/wp-json\/wp\/v2\/types\/page"}],"author":[{"embeddable":true,"href":"https:\/\/www.differences-solidaires.ch\/en\/wp-json\/wp\/v2\/users\/20"}],"replies":[{"embeddable":true,"href":"https:\/\/www.differences-solidaires.ch\/en\/wp-json\/wp\/v2\/comments?post=4090"}],"version-history":[{"count":3,"href":"https:\/\/www.differences-solidaires.ch\/en\/wp-json\/wp\/v2\/pages\/4090\/revisions"}],"predecessor-version":[{"id":6025,"href":"https:\/\/www.differences-solidaires.ch\/en\/wp-json\/wp\/v2\/pages\/4090\/revisions\/6025"}],"up":[{"embeddable":true,"href":"https:\/\/www.differences-solidaires.ch\/en\/wp-json\/wp\/v2\/pages\/3545"}],"wp:featuredmedia":[{"embeddable":true,"href":"https:\/\/www.differences-solidaires.ch\/en\/wp-json\/wp\/v2\/media\/2430"}],"wp:attachment":[{"href":"https:\/\/www.differences-solidaires.ch\/en\/wp-json\/wp\/v2\/media?parent=4090"}],"curies":[{"name":"wp","href":"https:\/\/api.w.org\/{rel}","templated":true}]}}