{"id":4074,"date":"2021-04-06T17:57:19","date_gmt":"2021-04-06T15:57:19","guid":{"rendered":"https:\/\/www.differences-solidaires.ch\/?page_id=4074"},"modified":"2022-03-09T22:47:26","modified_gmt":"2022-03-09T21:47:26","slug":"cimgo-quadrix-routes","status":"publish","type":"page","link":"https:\/\/www.differences-solidaires.ch\/en\/services\/cimgo-quadrix-routes\/","title":{"rendered":"Cimgo \/ Quadrix routes"},"content":{"rendered":"<p>[vc_row][vc_column][vc_column_text]<span style=\"font-size: 14pt; color: #ff6600;\"><strong>Cimgo \/ Quadrix routes<\/strong><\/span><\/p>\n<p>We propose you here the itineraries of the most beautiful cimgo courses that we know. Our aim is to make the activity accessible to as many people as possible, but we would like to point out to future users that they must be trained in the use of the machines in order to guarantee the safety of their passengers. Moreover, as this activity takes place on trails not exclusively reserved for our practice, it is important to respect each of the users present.<\/p>\n<p>The Cimgo activity requires a great mastery of the machine and a good knowledge of the handicap. It also requires prior contact with the ski-lift operators of the chosen resort as well as a prior reconnaissance of the route.<\/p>\n<p>The courses proposed here do not engage the responsibility of Diff\u00e9rences Solidaires. It is up to each person to check beforehand that they are still practicable. We thank you in advance for informing us of any possible modification.<\/p>\n<p>Contact with the associations working regularly on site is highly recommended.<\/p>\n<p>The routes presented here have been approved for use with Cimgos. All of them can be ridden with Quadrix Watt&#8217;s, but only some of them can be ridden with Quadrix Axcess.<\/p>\n<p>We would like to thank Suisse Mobile for generously allowing us to use these courses on our website. You can download the application on your various devices to read our maps.<\/p>\n<p>Suisse Mobile Plus: <a href=\"https:\/\/www.suissemobileplus.ch\/schweizmobilplus\/vorteile.html\" target=\"_blank\" rel=\"noopener\">https:\/\/www.suissemobileplus.ch\/schweizmobilplus\/vorteile.html<\/a><\/p>\n<p>[\/vc_column_text][\/vc_column][\/vc_row][vc_row css=&#8221;.vc_custom_1596984061191{margin-top: 20px !important;}&#8221;][vc_column][vc_column_text]<\/p>\n<p>[\/vc_column_text][vc_basic_grid post_type=&#8221;post&#8221; max_items=&#8221;24&#8243; show_filter=&#8221;yes&#8221; gap=&#8221;35&#8243; filter_style=&#8221;filled-rounded&#8221; filter_color=&#8221;orange&#8221; grid_id=&#8221;vc_gid:1646862420933-3ca2e304-86fc-2&#8243; taxonomies=&#8221;69&#8243; filter_source=&#8221;category&#8221;][\/vc_column][\/vc_row]<\/p>\n","protected":false},"excerpt":{"rendered":"<p>[vc_row][vc_column][vc_column_text]Cimgo \/ Quadrix routes We propose you here the itineraries of the most beautiful cimgo courses that we know. Our&hellip;<\/p>\n","protected":false},"author":20,"featured_media":2230,"parent":3545,"menu_order":0,"comment_status":"closed","ping_status":"closed","template":"","meta":{"_acf_changed":false,"pgc_meta":"","footnotes":""},"class_list":["post-4074","page","type-page","status-publish","has-post-thumbnail","hentry"],"acf":[],"pgc_meta":"","yoast_head":"<!-- This site is optimized with the Yoast SEO plugin v24.5 - https:\/\/yoast.com\/wordpress\/plugins\/seo\/ -->\n<title>Cimgo \/ Quadrix routes - Association Diff\u00e9rences Solidaires<\/title>\n<meta name=\"robots\" content=\"index, follow, max-snippet:-1, max-image-preview:large, max-video-preview:-1\" \/>\n<link rel=\"canonical\" href=\"https:\/\/www.differences-solidaires.ch\/en\/services\/cimgo-quadrix-routes\/\" \/>\n<meta property=\"og:locale\" content=\"en_US\" \/>\n<meta property=\"og:type\" content=\"article\" \/>\n<meta property=\"og:title\" content=\"Cimgo \/ Quadrix routes - Association Diff\u00e9rences Solidaires\" \/>\n<meta property=\"og:description\" content=\"[vc_row][vc_column][vc_column_text]Cimgo \/ Quadrix routes We propose you here the itineraries of the most beautiful cimgo courses that we know. Our&hellip;\" \/>\n<meta property=\"og:url\" content=\"https:\/\/www.differences-solidaires.ch\/en\/services\/cimgo-quadrix-routes\/\" \/>\n<meta property=\"og:site_name\" content=\"Association Diff\u00e9rences Solidaires\" \/>\n<meta property=\"article:modified_time\" content=\"2022-03-09T21:47:26+00:00\" \/>\n<meta property=\"og:image\" content=\"https:\/\/www.differences-solidaires.ch\/wp-content\/uploads\/2020\/08\/IMG_2546-scaled.jpg\" \/>\n\t<meta property=\"og:image:width\" content=\"2560\" \/>\n\t<meta property=\"og:image:height\" content=\"2001\" \/>\n\t<meta property=\"og:image:type\" content=\"image\/jpeg\" \/>\n<meta name=\"twitter:card\" content=\"summary_large_image\" \/>\n<meta name=\"twitter:label1\" content=\"Est. reading time\" \/>\n\t<meta name=\"twitter:data1\" content=\"2 minutes\" \/>\n<script type=\"application\/ld+json\" class=\"yoast-schema-graph\">{\"@context\":\"https:\/\/schema.org\",\"@graph\":[{\"@type\":\"WebPage\",\"@id\":\"https:\/\/www.differences-solidaires.ch\/en\/services\/cimgo-quadrix-routes\/\",\"url\":\"https:\/\/www.differences-solidaires.ch\/en\/services\/cimgo-quadrix-routes\/\",\"name\":\"Cimgo \/ Quadrix routes - Association Diff\u00e9rences Solidaires\",\"isPartOf\":{\"@id\":\"https:\/\/www.differences-solidaires.ch\/en\/#website\"},\"primaryImageOfPage\":{\"@id\":\"https:\/\/www.differences-solidaires.ch\/en\/services\/cimgo-quadrix-routes\/#primaryimage\"},\"image\":{\"@id\":\"https:\/\/www.differences-solidaires.ch\/en\/services\/cimgo-quadrix-routes\/#primaryimage\"},\"thumbnailUrl\":\"https:\/\/www.differences-solidaires.ch\/wp-content\/uploads\/2020\/08\/IMG_2546-scaled.jpg\",\"datePublished\":\"2021-04-06T15:57:19+00:00\",\"dateModified\":\"2022-03-09T21:47:26+00:00\",\"breadcrumb\":{\"@id\":\"https:\/\/www.differences-solidaires.ch\/en\/services\/cimgo-quadrix-routes\/#breadcrumb\"},\"inLanguage\":\"en-US\",\"potentialAction\":[{\"@type\":\"ReadAction\",\"target\":[\"https:\/\/www.differences-solidaires.ch\/en\/services\/cimgo-quadrix-routes\/\"]}]},{\"@type\":\"ImageObject\",\"inLanguage\":\"en-US\",\"@id\":\"https:\/\/www.differences-solidaires.ch\/en\/services\/cimgo-quadrix-routes\/#primaryimage\",\"url\":\"https:\/\/www.differences-solidaires.ch\/wp-content\/uploads\/2020\/08\/IMG_2546-scaled.jpg\",\"contentUrl\":\"https:\/\/www.differences-solidaires.ch\/wp-content\/uploads\/2020\/08\/IMG_2546-scaled.jpg\",\"width\":2560,\"height\":2001},{\"@type\":\"BreadcrumbList\",\"@id\":\"https:\/\/www.differences-solidaires.ch\/en\/services\/cimgo-quadrix-routes\/#breadcrumb\",\"itemListElement\":[{\"@type\":\"ListItem\",\"position\":1,\"name\":\"Accueil\",\"item\":\"https:\/\/www.differences-solidaires.ch\/en\/\"},{\"@type\":\"ListItem\",\"position\":2,\"name\":\"Services\",\"item\":\"https:\/\/www.differences-solidaires.ch\/en\/services\/\"},{\"@type\":\"ListItem\",\"position\":3,\"name\":\"Cimgo \/ Quadrix routes\"}]},{\"@type\":\"WebSite\",\"@id\":\"https:\/\/www.differences-solidaires.ch\/en\/#website\",\"url\":\"https:\/\/www.differences-solidaires.ch\/en\/\",\"name\":\"Association Diff\u00e9rences Solidaires\",\"description\":\"Activit\u00e9s sportives adapt\u00e9es\",\"potentialAction\":[{\"@type\":\"SearchAction\",\"target\":{\"@type\":\"EntryPoint\",\"urlTemplate\":\"https:\/\/www.differences-solidaires.ch\/en\/?s={search_term_string}\"},\"query-input\":{\"@type\":\"PropertyValueSpecification\",\"valueRequired\":true,\"valueName\":\"search_term_string\"}}],\"inLanguage\":\"en-US\"}]}<\/script>\n<!-- \/ Yoast SEO plugin. -->","yoast_head_json":{"title":"Cimgo \/ Quadrix routes - Association Diff\u00e9rences Solidaires","robots":{"index":"index","follow":"follow","max-snippet":"max-snippet:-1","max-image-preview":"max-image-preview:large","max-video-preview":"max-video-preview:-1"},"canonical":"https:\/\/www.differences-solidaires.ch\/en\/services\/cimgo-quadrix-routes\/","og_locale":"en_US","og_type":"article","og_title":"Cimgo \/ Quadrix routes - Association Diff\u00e9rences Solidaires","og_description":"[vc_row][vc_column][vc_column_text]Cimgo \/ Quadrix routes We propose you here the itineraries of the most beautiful cimgo courses that we know. Our&hellip;","og_url":"https:\/\/www.differences-solidaires.ch\/en\/services\/cimgo-quadrix-routes\/","og_site_name":"Association Diff\u00e9rences Solidaires","article_modified_time":"2022-03-09T21:47:26+00:00","og_image":[{"width":2560,"height":2001,"url":"https:\/\/www.differences-solidaires.ch\/wp-content\/uploads\/2020\/08\/IMG_2546-scaled.jpg","type":"image\/jpeg"}],"twitter_card":"summary_large_image","twitter_misc":{"Est. reading time":"2 minutes"},"schema":{"@context":"https:\/\/schema.org","@graph":[{"@type":"WebPage","@id":"https:\/\/www.differences-solidaires.ch\/en\/services\/cimgo-quadrix-routes\/","url":"https:\/\/www.differences-solidaires.ch\/en\/services\/cimgo-quadrix-routes\/","name":"Cimgo \/ Quadrix routes - Association Diff\u00e9rences Solidaires","isPartOf":{"@id":"https:\/\/www.differences-solidaires.ch\/en\/#website"},"primaryImageOfPage":{"@id":"https:\/\/www.differences-solidaires.ch\/en\/services\/cimgo-quadrix-routes\/#primaryimage"},"image":{"@id":"https:\/\/www.differences-solidaires.ch\/en\/services\/cimgo-quadrix-routes\/#primaryimage"},"thumbnailUrl":"https:\/\/www.differences-solidaires.ch\/wp-content\/uploads\/2020\/08\/IMG_2546-scaled.jpg","datePublished":"2021-04-06T15:57:19+00:00","dateModified":"2022-03-09T21:47:26+00:00","breadcrumb":{"@id":"https:\/\/www.differences-solidaires.ch\/en\/services\/cimgo-quadrix-routes\/#breadcrumb"},"inLanguage":"en-US","potentialAction":[{"@type":"ReadAction","target":["https:\/\/www.differences-solidaires.ch\/en\/services\/cimgo-quadrix-routes\/"]}]},{"@type":"ImageObject","inLanguage":"en-US","@id":"https:\/\/www.differences-solidaires.ch\/en\/services\/cimgo-quadrix-routes\/#primaryimage","url":"https:\/\/www.differences-solidaires.ch\/wp-content\/uploads\/2020\/08\/IMG_2546-scaled.jpg","contentUrl":"https:\/\/www.differences-solidaires.ch\/wp-content\/uploads\/2020\/08\/IMG_2546-scaled.jpg","width":2560,"height":2001},{"@type":"BreadcrumbList","@id":"https:\/\/www.differences-solidaires.ch\/en\/services\/cimgo-quadrix-routes\/#breadcrumb","itemListElement":[{"@type":"ListItem","position":1,"name":"Accueil","item":"https:\/\/www.differences-solidaires.ch\/en\/"},{"@type":"ListItem","position":2,"name":"Services","item":"https:\/\/www.differences-solidaires.ch\/en\/services\/"},{"@type":"ListItem","position":3,"name":"Cimgo \/ Quadrix routes"}]},{"@type":"WebSite","@id":"https:\/\/www.differences-solidaires.ch\/en\/#website","url":"https:\/\/www.differences-solidaires.ch\/en\/","name":"Association Diff\u00e9rences Solidaires","description":"Activit\u00e9s sportives adapt\u00e9es","potentialAction":[{"@type":"SearchAction","target":{"@type":"EntryPoint","urlTemplate":"https:\/\/www.differences-solidaires.ch\/en\/?s={search_term_string}"},"query-input":{"@type":"PropertyValueSpecification","valueRequired":true,"valueName":"search_term_string"}}],"inLanguage":"en-US"}]}},"_links":{"self":[{"href":"https:\/\/www.differences-solidaires.ch\/en\/wp-json\/wp\/v2\/pages\/4074","targetHints":{"allow":["GET"]}}],"collection":[{"href":"https:\/\/www.differences-solidaires.ch\/en\/wp-json\/wp\/v2\/pages"}],"about":[{"href":"https:\/\/www.differences-solidaires.ch\/en\/wp-json\/wp\/v2\/types\/page"}],"author":[{"embeddable":true,"href":"https:\/\/www.differences-solidaires.ch\/en\/wp-json\/wp\/v2\/users\/20"}],"replies":[{"embeddable":true,"href":"https:\/\/www.differences-solidaires.ch\/en\/wp-json\/wp\/v2\/comments?post=4074"}],"version-history":[{"count":3,"href":"https:\/\/www.differences-solidaires.ch\/en\/wp-json\/wp\/v2\/pages\/4074\/revisions"}],"predecessor-version":[{"id":6015,"href":"https:\/\/www.differences-solidaires.ch\/en\/wp-json\/wp\/v2\/pages\/4074\/revisions\/6015"}],"up":[{"embeddable":true,"href":"https:\/\/www.differences-solidaires.ch\/en\/wp-json\/wp\/v2\/pages\/3545"}],"wp:featuredmedia":[{"embeddable":true,"href":"https:\/\/www.differences-solidaires.ch\/en\/wp-json\/wp\/v2\/media\/2230"}],"wp:attachment":[{"href":"https:\/\/www.differences-solidaires.ch\/en\/wp-json\/wp\/v2\/media?parent=4074"}],"curies":[{"name":"wp","href":"https:\/\/api.w.org\/{rel}","templated":true}]}}