{"id":4022,"date":"2021-04-05T21:51:22","date_gmt":"2021-04-05T19:51:22","guid":{"rendered":"https:\/\/www.differences-solidaires.ch\/?page_id=4022"},"modified":"2022-03-09T23:13:33","modified_gmt":"2022-03-09T22:13:33","slug":"equipment-rental","status":"publish","type":"page","link":"https:\/\/www.differences-solidaires.ch\/en\/services\/equipment-rental\/","title":{"rendered":"Equipment rental"},"content":{"rendered":"<p><span style=\"font-size: 14pt; color: #ff6600;\"><strong>Equipment rental<\/strong><\/span><\/p>\n<p>For those with the necessary skills, we have specialised equipment available for rent.<\/p>\n<p><span style=\"color: #993366;\">INDIVIDUAL SPORTS EQUIPMENT<\/span><\/p>\n<p><span style=\"font-size: 14pt;\"><strong>For skiing<\/strong><\/span><br \/>\n&#8211; Dualski, Tandemski, Kartski, Uniski, GoToSki<br \/>\nAlain Bigey<br \/>\n<a href=\"mailto:info@differences-solidaires.ch\" target=\"_blank\" rel=\"noopener\">info@differences-solidaires.ch<\/a><br \/>\n+41.79.778.12.41<\/p>\n<p><span style=\"font-size: 14pt;\"><strong>For off-roading<\/strong><\/span><br \/>\n&#8211; Cimgo, Quadrix, Swincar, Scooters<br \/>\nAlain Bigey<br \/>\n<a href=\"mailto:info@differences-solidaires.ch\" target=\"_blank\" rel=\"noopener\">info@differences-solidaires.ch<\/a><br \/>\n+41.79.778.12.41<\/p>\n<p><span style=\"font-size: 14pt;\"><strong>For swimming<\/strong><\/span><br \/>\n&#8211; Sofao<br \/>\nAlain Bigey<br \/>\n<a href=\"mailto:info@differences-solidaires.ch\">info@differences-solidaires.ch<\/a><br \/>\n+41.79.778.12.41<\/p>\n<p><span style=\"font-size: 14pt;\"><strong>For hiking<\/strong><\/span><br \/>\n&#8211; Jo\u00eblette<\/p>\n<p>Diff\u00e9rences Solidaires has several storage facilities for Jo\u00eblettes in French-speaking Switzerland. Provided that you have the required training, these jo\u00eblettes can be rented for your hikes. For more information, please contact us.<\/p>\n<p>Electric Jo\u00eblettes for hiking only<br \/>\n<strong>S\u00e2les &#8211; FR<\/strong>: Main depot<br \/>\n<strong>Geneva &#8211; GE<\/strong>: Secondary depot<br \/>\nGenevi\u00e8ve Fol<br \/>\n<a href=\"mailto:joelettes@differences-solidaires.ch\" target=\"_blank\" rel=\"noopener\">joelettes@differences-solidaires.ch<\/a><br \/>\n+41.79.318.25.12<\/p>\n<p><strong>Brot-Dessous &#8211; NE<\/strong>: At our partner Fun For All<br \/>\nGiuseppe Macri<br \/>\n<a href=\"mailto:info@funforall.ch\">info@funforall.ch<\/a><br \/>\n+41.79.786.19.20<\/p>\n<p>Classic Jo\u00eblettes for races only<br \/>\nDiff\u00e9rences Solidaires now has two depots of jo\u00eblettes exclusively for running. They are not equipped with assistance motors. Their rental is subject to the same criteria as for other jo\u00eblettes (compulsory training).<\/p>\n<p><strong>Cugy &#8211; VD<\/strong><br \/>\nSteve Birbaum<br \/>\n<a href=\"mailto:familles@differences-solidaires.ch\">familles@differences-solidaires.ch<\/a><br \/>\n+41.79.757.47.62<\/p>\n<p><strong>Del\u00e9mont &#8211; JU<\/strong><br \/>\nDominique and Ren\u00e9 Heiniger<br \/>\n<a href=\"mailto:joelettes-jura@differences-solidaires.ch\">joelettes-jura@differences-solidaires.ch<\/a><br \/>\n+41.79.518.90.17<\/p>\n<p><span style=\"color: #993366;\">COLLECTIVE SPORTS FACILITIES<\/span><\/p>\n<p>&#8211; Climbing wall, Tyrolean traverse, infernal tower (these facilities can be rented without supervision, but their installation is necessarily carried out by staff from our association).<\/p>\n<p>Members of the association and partner associations benefit from preferential rates.<br \/>\nAlain Bigey<br \/>\n<a href=\"mailto:info@differences-solidaires.ch\">info@differences-solidaires.ch<\/a><br \/>\n+41.79.778.12.41<\/p>\n","protected":false},"excerpt":{"rendered":"<p>Equipment rental For those with the necessary skills, we have specialised equipment available for rent. INDIVIDUAL SPORTS EQUIPMENT For skiing&hellip;<\/p>\n","protected":false},"author":20,"featured_media":4023,"parent":3545,"menu_order":5,"comment_status":"closed","ping_status":"closed","template":"","meta":{"_acf_changed":false,"pgc_meta":"","footnotes":""},"class_list":["post-4022","page","type-page","status-publish","has-post-thumbnail","hentry"],"acf":[],"pgc_meta":"","yoast_head":"<!-- This site is optimized with the Yoast SEO plugin v24.5 - https:\/\/yoast.com\/wordpress\/plugins\/seo\/ -->\n<title>Equipment rental - Association Diff\u00e9rences Solidaires<\/title>\n<meta name=\"robots\" content=\"index, follow, max-snippet:-1, max-image-preview:large, max-video-preview:-1\" \/>\n<link rel=\"canonical\" href=\"https:\/\/www.differences-solidaires.ch\/en\/services\/equipment-rental\/\" \/>\n<meta property=\"og:locale\" content=\"en_US\" \/>\n<meta property=\"og:type\" content=\"article\" \/>\n<meta property=\"og:title\" content=\"Equipment rental - Association Diff\u00e9rences Solidaires\" \/>\n<meta property=\"og:description\" content=\"Equipment rental For those with the necessary skills, we have specialised equipment available for rent. INDIVIDUAL SPORTS EQUIPMENT For skiing&hellip;\" \/>\n<meta property=\"og:url\" content=\"https:\/\/www.differences-solidaires.ch\/en\/services\/equipment-rental\/\" \/>\n<meta property=\"og:site_name\" content=\"Association Diff\u00e9rences Solidaires\" \/>\n<meta property=\"article:modified_time\" content=\"2022-03-09T22:13:33+00:00\" \/>\n<meta property=\"og:image\" content=\"https:\/\/www.differences-solidaires.ch\/wp-content\/uploads\/2018\/05\/9123964B-22D1-4172-9709-92E77A1E2E3B-scaled.jpeg\" \/>\n\t<meta property=\"og:image:width\" content=\"2560\" \/>\n\t<meta property=\"og:image:height\" content=\"2305\" \/>\n\t<meta property=\"og:image:type\" content=\"image\/jpeg\" \/>\n<meta name=\"twitter:card\" content=\"summary_large_image\" \/>\n<meta name=\"twitter:label1\" content=\"Est. reading time\" \/>\n\t<meta name=\"twitter:data1\" content=\"1 minute\" \/>\n<script type=\"application\/ld+json\" class=\"yoast-schema-graph\">{\"@context\":\"https:\/\/schema.org\",\"@graph\":[{\"@type\":\"WebPage\",\"@id\":\"https:\/\/www.differences-solidaires.ch\/en\/services\/equipment-rental\/\",\"url\":\"https:\/\/www.differences-solidaires.ch\/en\/services\/equipment-rental\/\",\"name\":\"Equipment rental - Association Diff\u00e9rences Solidaires\",\"isPartOf\":{\"@id\":\"https:\/\/www.differences-solidaires.ch\/en\/#website\"},\"primaryImageOfPage\":{\"@id\":\"https:\/\/www.differences-solidaires.ch\/en\/services\/equipment-rental\/#primaryimage\"},\"image\":{\"@id\":\"https:\/\/www.differences-solidaires.ch\/en\/services\/equipment-rental\/#primaryimage\"},\"thumbnailUrl\":\"https:\/\/www.differences-solidaires.ch\/wp-content\/uploads\/2018\/05\/9123964B-22D1-4172-9709-92E77A1E2E3B-scaled.jpeg\",\"datePublished\":\"2021-04-05T19:51:22+00:00\",\"dateModified\":\"2022-03-09T22:13:33+00:00\",\"breadcrumb\":{\"@id\":\"https:\/\/www.differences-solidaires.ch\/en\/services\/equipment-rental\/#breadcrumb\"},\"inLanguage\":\"en-US\",\"potentialAction\":[{\"@type\":\"ReadAction\",\"target\":[\"https:\/\/www.differences-solidaires.ch\/en\/services\/equipment-rental\/\"]}]},{\"@type\":\"ImageObject\",\"inLanguage\":\"en-US\",\"@id\":\"https:\/\/www.differences-solidaires.ch\/en\/services\/equipment-rental\/#primaryimage\",\"url\":\"https:\/\/www.differences-solidaires.ch\/wp-content\/uploads\/2018\/05\/9123964B-22D1-4172-9709-92E77A1E2E3B-scaled.jpeg\",\"contentUrl\":\"https:\/\/www.differences-solidaires.ch\/wp-content\/uploads\/2018\/05\/9123964B-22D1-4172-9709-92E77A1E2E3B-scaled.jpeg\",\"width\":2560,\"height\":2305},{\"@type\":\"BreadcrumbList\",\"@id\":\"https:\/\/www.differences-solidaires.ch\/en\/services\/equipment-rental\/#breadcrumb\",\"itemListElement\":[{\"@type\":\"ListItem\",\"position\":1,\"name\":\"Accueil\",\"item\":\"https:\/\/www.differences-solidaires.ch\/en\/\"},{\"@type\":\"ListItem\",\"position\":2,\"name\":\"Services\",\"item\":\"https:\/\/www.differences-solidaires.ch\/en\/services\/\"},{\"@type\":\"ListItem\",\"position\":3,\"name\":\"Equipment rental\"}]},{\"@type\":\"WebSite\",\"@id\":\"https:\/\/www.differences-solidaires.ch\/en\/#website\",\"url\":\"https:\/\/www.differences-solidaires.ch\/en\/\",\"name\":\"Association Diff\u00e9rences Solidaires\",\"description\":\"Activit\u00e9s sportives adapt\u00e9es\",\"potentialAction\":[{\"@type\":\"SearchAction\",\"target\":{\"@type\":\"EntryPoint\",\"urlTemplate\":\"https:\/\/www.differences-solidaires.ch\/en\/?s={search_term_string}\"},\"query-input\":{\"@type\":\"PropertyValueSpecification\",\"valueRequired\":true,\"valueName\":\"search_term_string\"}}],\"inLanguage\":\"en-US\"}]}<\/script>\n<!-- \/ Yoast SEO plugin. -->","yoast_head_json":{"title":"Equipment rental - Association Diff\u00e9rences Solidaires","robots":{"index":"index","follow":"follow","max-snippet":"max-snippet:-1","max-image-preview":"max-image-preview:large","max-video-preview":"max-video-preview:-1"},"canonical":"https:\/\/www.differences-solidaires.ch\/en\/services\/equipment-rental\/","og_locale":"en_US","og_type":"article","og_title":"Equipment rental - Association Diff\u00e9rences Solidaires","og_description":"Equipment rental For those with the necessary skills, we have specialised equipment available for rent. INDIVIDUAL SPORTS EQUIPMENT For skiing&hellip;","og_url":"https:\/\/www.differences-solidaires.ch\/en\/services\/equipment-rental\/","og_site_name":"Association Diff\u00e9rences Solidaires","article_modified_time":"2022-03-09T22:13:33+00:00","og_image":[{"width":2560,"height":2305,"url":"https:\/\/www.differences-solidaires.ch\/wp-content\/uploads\/2018\/05\/9123964B-22D1-4172-9709-92E77A1E2E3B-scaled.jpeg","type":"image\/jpeg"}],"twitter_card":"summary_large_image","twitter_misc":{"Est. reading time":"1 minute"},"schema":{"@context":"https:\/\/schema.org","@graph":[{"@type":"WebPage","@id":"https:\/\/www.differences-solidaires.ch\/en\/services\/equipment-rental\/","url":"https:\/\/www.differences-solidaires.ch\/en\/services\/equipment-rental\/","name":"Equipment rental - Association Diff\u00e9rences Solidaires","isPartOf":{"@id":"https:\/\/www.differences-solidaires.ch\/en\/#website"},"primaryImageOfPage":{"@id":"https:\/\/www.differences-solidaires.ch\/en\/services\/equipment-rental\/#primaryimage"},"image":{"@id":"https:\/\/www.differences-solidaires.ch\/en\/services\/equipment-rental\/#primaryimage"},"thumbnailUrl":"https:\/\/www.differences-solidaires.ch\/wp-content\/uploads\/2018\/05\/9123964B-22D1-4172-9709-92E77A1E2E3B-scaled.jpeg","datePublished":"2021-04-05T19:51:22+00:00","dateModified":"2022-03-09T22:13:33+00:00","breadcrumb":{"@id":"https:\/\/www.differences-solidaires.ch\/en\/services\/equipment-rental\/#breadcrumb"},"inLanguage":"en-US","potentialAction":[{"@type":"ReadAction","target":["https:\/\/www.differences-solidaires.ch\/en\/services\/equipment-rental\/"]}]},{"@type":"ImageObject","inLanguage":"en-US","@id":"https:\/\/www.differences-solidaires.ch\/en\/services\/equipment-rental\/#primaryimage","url":"https:\/\/www.differences-solidaires.ch\/wp-content\/uploads\/2018\/05\/9123964B-22D1-4172-9709-92E77A1E2E3B-scaled.jpeg","contentUrl":"https:\/\/www.differences-solidaires.ch\/wp-content\/uploads\/2018\/05\/9123964B-22D1-4172-9709-92E77A1E2E3B-scaled.jpeg","width":2560,"height":2305},{"@type":"BreadcrumbList","@id":"https:\/\/www.differences-solidaires.ch\/en\/services\/equipment-rental\/#breadcrumb","itemListElement":[{"@type":"ListItem","position":1,"name":"Accueil","item":"https:\/\/www.differences-solidaires.ch\/en\/"},{"@type":"ListItem","position":2,"name":"Services","item":"https:\/\/www.differences-solidaires.ch\/en\/services\/"},{"@type":"ListItem","position":3,"name":"Equipment rental"}]},{"@type":"WebSite","@id":"https:\/\/www.differences-solidaires.ch\/en\/#website","url":"https:\/\/www.differences-solidaires.ch\/en\/","name":"Association Diff\u00e9rences Solidaires","description":"Activit\u00e9s sportives adapt\u00e9es","potentialAction":[{"@type":"SearchAction","target":{"@type":"EntryPoint","urlTemplate":"https:\/\/www.differences-solidaires.ch\/en\/?s={search_term_string}"},"query-input":{"@type":"PropertyValueSpecification","valueRequired":true,"valueName":"search_term_string"}}],"inLanguage":"en-US"}]}},"_links":{"self":[{"href":"https:\/\/www.differences-solidaires.ch\/en\/wp-json\/wp\/v2\/pages\/4022","targetHints":{"allow":["GET"]}}],"collection":[{"href":"https:\/\/www.differences-solidaires.ch\/en\/wp-json\/wp\/v2\/pages"}],"about":[{"href":"https:\/\/www.differences-solidaires.ch\/en\/wp-json\/wp\/v2\/types\/page"}],"author":[{"embeddable":true,"href":"https:\/\/www.differences-solidaires.ch\/en\/wp-json\/wp\/v2\/users\/20"}],"replies":[{"embeddable":true,"href":"https:\/\/www.differences-solidaires.ch\/en\/wp-json\/wp\/v2\/comments?post=4022"}],"version-history":[{"count":3,"href":"https:\/\/www.differences-solidaires.ch\/en\/wp-json\/wp\/v2\/pages\/4022\/revisions"}],"predecessor-version":[{"id":4034,"href":"https:\/\/www.differences-solidaires.ch\/en\/wp-json\/wp\/v2\/pages\/4022\/revisions\/4034"}],"up":[{"embeddable":true,"href":"https:\/\/www.differences-solidaires.ch\/en\/wp-json\/wp\/v2\/pages\/3545"}],"wp:featuredmedia":[{"embeddable":true,"href":"https:\/\/www.differences-solidaires.ch\/en\/wp-json\/wp\/v2\/media\/4023"}],"wp:attachment":[{"href":"https:\/\/www.differences-solidaires.ch\/en\/wp-json\/wp\/v2\/media?parent=4022"}],"curies":[{"name":"wp","href":"https:\/\/api.w.org\/{rel}","templated":true}]}}