{"id":3533,"date":"2021-04-05T21:02:39","date_gmt":"2021-04-05T19:02:39","guid":{"rendered":"https:\/\/www.differences-solidaires.ch\/?page_id=3533"},"modified":"2022-03-09T22:35:23","modified_gmt":"2022-03-09T21:35:23","slug":"documentation","status":"publish","type":"page","link":"https:\/\/www.differences-solidaires.ch\/en\/documentation\/","title":{"rendered":"Documentation"},"content":{"rendered":"<p>[vc_row][vc_column][vc_empty_space height=&#8221;30px&#8221;][vc_column_text]<strong>PRESENTATION ACTIVITES<br \/>\n<\/strong><\/p>\n<p><a href=\"https:\/\/joom.ag\/4QCC\" target=\"_blank\" rel=\"noopener noreferrer\">Glisse et raquettes<\/a><\/p>\n<p><a href=\"https:\/\/joom.ag\/mpCC\" target=\"_blank\" rel=\"noopener noreferrer\">HandiCap Rando<\/a><\/p>\n<p><a href=\"https:\/\/joom.ag\/OpCC\" target=\"_blank\" rel=\"noopener noreferrer\">A la recherche de l&#8217;\u00e9quilibre<\/a><\/p>\n<p><a href=\"https:\/\/joom.ag\/lQCC\" target=\"_blank\" rel=\"noopener noreferrer\">Jo\u00eblettes<\/a><\/p>\n<p><a href=\"https:\/\/joom.ag\/opCC\" target=\"_blank\" rel=\"noopener noreferrer\">Jo\u00eblettes.de<\/a><\/p>\n<p><a href=\"https:\/\/joom.ag\/xpCC\" target=\"_blank\" rel=\"noopener noreferrer\">Formation et location jo\u00eblettes<\/a><\/p>\n<p><a href=\"https:\/\/joom.ag\/PQCC\" target=\"_blank\" rel=\"noopener noreferrer\">GoToSki<\/a><\/p>\n<p><a href=\"https:\/\/joom.ag\/6QCC\" target=\"_blank\" rel=\"noopener noreferrer\">Tarifs<\/a><\/p>\n<p>&nbsp;<\/p>\n<p><strong>COMITE<br \/>\n<\/strong><a href=\"https:\/\/1drv.ms\/u\/s!AuS-Caoh7N1ahopat7g8vm2PU4BtGg?e=vfYkDu\" target=\"_blank\" rel=\"noopener\">Organigramme-ds-2021<\/a><\/p>\n<p>&nbsp;<\/p>\n<p><strong>ASSEMBLEES GENERALES<br \/>\n<\/strong><\/p>\n<p><a>Rapport de l&#8217;assembl\u00e9e g\u00e9n\u00e9rale annuelle du 12 juin 2021<\/a><\/p>\n<p><a href=\"https:\/\/view.joomag.com\/Rapport-annuel-de-lassembl\u00e9e-g\u00e9n\u00e9rale-du-180720-juillet-2020\/0085601001603566979\" target=\"_blank\" rel=\"noopener\">Rapport de l&#8217;assembl\u00e9e g\u00e9n\u00e9rale annuelle du 18 juillet 2020<\/a><\/p>\n<p><a href=\"https:\/\/view.joomag.com\/assembl\u00e9es-g\u00e9n\u00e9rales-diff\u00e9rences-solidaires-pv-ag-ds-2019-final\/0436719001587492138\" target=\"_blank\" rel=\"noopener\">Rapport de l&#8217;assembl\u00e9e g\u00e9n\u00e9rale annuelle du 26 avril 2019<\/a><\/p>\n<p><a href=\"https:\/\/view.joomag.com\/assembl\u00e9es-g\u00e9n\u00e9rales-diff\u00e9rences-solidaires-pv-ag-ds-28042018\/0101564001537355383\" target=\"_blank\" rel=\"noopener\">Rapport de l&#8217;assembl\u00e9e g\u00e9n\u00e9rale annuelle du 28 avril 2018<\/a>[\/vc_column_text][vc_empty_space height=&#8221;22px&#8221;][\/vc_column][\/vc_row]<\/p>\n","protected":false},"excerpt":{"rendered":"<p>[vc_row][vc_column][vc_empty_space height=&#8221;30px&#8221;][vc_column_text]PRESENTATION ACTIVITES Glisse et raquettes HandiCap Rando A la recherche de l&#8217;\u00e9quilibre Jo\u00eblettes Jo\u00eblettes.de Formation et location jo\u00eblettes GoToSki&hellip;<\/p>\n","protected":false},"author":20,"featured_media":0,"parent":0,"menu_order":0,"comment_status":"closed","ping_status":"closed","template":"","meta":{"_acf_changed":false,"pgc_meta":"","footnotes":""},"class_list":["post-3533","page","type-page","status-publish","hentry"],"acf":[],"pgc_meta":"","yoast_head":"<!-- This site is optimized with the Yoast SEO plugin v24.5 - https:\/\/yoast.com\/wordpress\/plugins\/seo\/ -->\n<title>Documentation - Association Diff\u00e9rences Solidaires<\/title>\n<meta name=\"robots\" content=\"index, follow, max-snippet:-1, max-image-preview:large, max-video-preview:-1\" \/>\n<link rel=\"canonical\" href=\"https:\/\/www.differences-solidaires.ch\/en\/documentation\/\" \/>\n<meta property=\"og:locale\" content=\"en_US\" \/>\n<meta property=\"og:type\" content=\"article\" \/>\n<meta property=\"og:title\" content=\"Documentation - Association Diff\u00e9rences Solidaires\" \/>\n<meta property=\"og:description\" content=\"[vc_row][vc_column][vc_empty_space height=&#8221;30px&#8221;][vc_column_text]PRESENTATION ACTIVITES Glisse et raquettes HandiCap Rando A la recherche de l&#8217;\u00e9quilibre Jo\u00eblettes Jo\u00eblettes.de Formation et location jo\u00eblettes GoToSki&hellip;\" \/>\n<meta property=\"og:url\" content=\"https:\/\/www.differences-solidaires.ch\/en\/documentation\/\" \/>\n<meta property=\"og:site_name\" content=\"Association Diff\u00e9rences Solidaires\" \/>\n<meta property=\"article:modified_time\" content=\"2022-03-09T21:35:23+00:00\" \/>\n<meta name=\"twitter:card\" content=\"summary_large_image\" \/>\n<script type=\"application\/ld+json\" class=\"yoast-schema-graph\">{\"@context\":\"https:\/\/schema.org\",\"@graph\":[{\"@type\":\"WebPage\",\"@id\":\"https:\/\/www.differences-solidaires.ch\/en\/documentation\/\",\"url\":\"https:\/\/www.differences-solidaires.ch\/en\/documentation\/\",\"name\":\"Documentation - Association Diff\u00e9rences Solidaires\",\"isPartOf\":{\"@id\":\"https:\/\/www.differences-solidaires.ch\/en\/#website\"},\"datePublished\":\"2021-04-05T19:02:39+00:00\",\"dateModified\":\"2022-03-09T21:35:23+00:00\",\"breadcrumb\":{\"@id\":\"https:\/\/www.differences-solidaires.ch\/en\/documentation\/#breadcrumb\"},\"inLanguage\":\"en-US\",\"potentialAction\":[{\"@type\":\"ReadAction\",\"target\":[\"https:\/\/www.differences-solidaires.ch\/en\/documentation\/\"]}]},{\"@type\":\"BreadcrumbList\",\"@id\":\"https:\/\/www.differences-solidaires.ch\/en\/documentation\/#breadcrumb\",\"itemListElement\":[{\"@type\":\"ListItem\",\"position\":1,\"name\":\"Accueil\",\"item\":\"https:\/\/www.differences-solidaires.ch\/en\/\"},{\"@type\":\"ListItem\",\"position\":2,\"name\":\"Documentation\"}]},{\"@type\":\"WebSite\",\"@id\":\"https:\/\/www.differences-solidaires.ch\/en\/#website\",\"url\":\"https:\/\/www.differences-solidaires.ch\/en\/\",\"name\":\"Association Diff\u00e9rences Solidaires\",\"description\":\"Activit\u00e9s sportives adapt\u00e9es\",\"potentialAction\":[{\"@type\":\"SearchAction\",\"target\":{\"@type\":\"EntryPoint\",\"urlTemplate\":\"https:\/\/www.differences-solidaires.ch\/en\/?s={search_term_string}\"},\"query-input\":{\"@type\":\"PropertyValueSpecification\",\"valueRequired\":true,\"valueName\":\"search_term_string\"}}],\"inLanguage\":\"en-US\"}]}<\/script>\n<!-- \/ Yoast SEO plugin. -->","yoast_head_json":{"title":"Documentation - Association Diff\u00e9rences Solidaires","robots":{"index":"index","follow":"follow","max-snippet":"max-snippet:-1","max-image-preview":"max-image-preview:large","max-video-preview":"max-video-preview:-1"},"canonical":"https:\/\/www.differences-solidaires.ch\/en\/documentation\/","og_locale":"en_US","og_type":"article","og_title":"Documentation - Association Diff\u00e9rences Solidaires","og_description":"[vc_row][vc_column][vc_empty_space height=&#8221;30px&#8221;][vc_column_text]PRESENTATION ACTIVITES Glisse et raquettes HandiCap Rando A la recherche de l&#8217;\u00e9quilibre Jo\u00eblettes Jo\u00eblettes.de Formation et location jo\u00eblettes GoToSki&hellip;","og_url":"https:\/\/www.differences-solidaires.ch\/en\/documentation\/","og_site_name":"Association Diff\u00e9rences Solidaires","article_modified_time":"2022-03-09T21:35:23+00:00","twitter_card":"summary_large_image","schema":{"@context":"https:\/\/schema.org","@graph":[{"@type":"WebPage","@id":"https:\/\/www.differences-solidaires.ch\/en\/documentation\/","url":"https:\/\/www.differences-solidaires.ch\/en\/documentation\/","name":"Documentation - Association Diff\u00e9rences Solidaires","isPartOf":{"@id":"https:\/\/www.differences-solidaires.ch\/en\/#website"},"datePublished":"2021-04-05T19:02:39+00:00","dateModified":"2022-03-09T21:35:23+00:00","breadcrumb":{"@id":"https:\/\/www.differences-solidaires.ch\/en\/documentation\/#breadcrumb"},"inLanguage":"en-US","potentialAction":[{"@type":"ReadAction","target":["https:\/\/www.differences-solidaires.ch\/en\/documentation\/"]}]},{"@type":"BreadcrumbList","@id":"https:\/\/www.differences-solidaires.ch\/en\/documentation\/#breadcrumb","itemListElement":[{"@type":"ListItem","position":1,"name":"Accueil","item":"https:\/\/www.differences-solidaires.ch\/en\/"},{"@type":"ListItem","position":2,"name":"Documentation"}]},{"@type":"WebSite","@id":"https:\/\/www.differences-solidaires.ch\/en\/#website","url":"https:\/\/www.differences-solidaires.ch\/en\/","name":"Association Diff\u00e9rences Solidaires","description":"Activit\u00e9s sportives adapt\u00e9es","potentialAction":[{"@type":"SearchAction","target":{"@type":"EntryPoint","urlTemplate":"https:\/\/www.differences-solidaires.ch\/en\/?s={search_term_string}"},"query-input":{"@type":"PropertyValueSpecification","valueRequired":true,"valueName":"search_term_string"}}],"inLanguage":"en-US"}]}},"_links":{"self":[{"href":"https:\/\/www.differences-solidaires.ch\/en\/wp-json\/wp\/v2\/pages\/3533","targetHints":{"allow":["GET"]}}],"collection":[{"href":"https:\/\/www.differences-solidaires.ch\/en\/wp-json\/wp\/v2\/pages"}],"about":[{"href":"https:\/\/www.differences-solidaires.ch\/en\/wp-json\/wp\/v2\/types\/page"}],"author":[{"embeddable":true,"href":"https:\/\/www.differences-solidaires.ch\/en\/wp-json\/wp\/v2\/users\/20"}],"replies":[{"embeddable":true,"href":"https:\/\/www.differences-solidaires.ch\/en\/wp-json\/wp\/v2\/comments?post=3533"}],"version-history":[{"count":3,"href":"https:\/\/www.differences-solidaires.ch\/en\/wp-json\/wp\/v2\/pages\/3533\/revisions"}],"predecessor-version":[{"id":6010,"href":"https:\/\/www.differences-solidaires.ch\/en\/wp-json\/wp\/v2\/pages\/3533\/revisions\/6010"}],"wp:attachment":[{"href":"https:\/\/www.differences-solidaires.ch\/en\/wp-json\/wp\/v2\/media?parent=3533"}],"curies":[{"name":"wp","href":"https:\/\/api.w.org\/{rel}","templated":true}]}}