{"id":3393,"date":"2021-04-05T18:54:47","date_gmt":"2021-04-05T16:54:47","guid":{"rendered":"https:\/\/www.differences-solidaires.ch\/?page_id=3393"},"modified":"2023-03-31T22:23:27","modified_gmt":"2023-03-31T20:23:27","slug":"become-a-member","status":"publish","type":"page","link":"https:\/\/www.differences-solidaires.ch\/en\/become-a-member\/","title":{"rendered":"Become a member"},"content":{"rendered":"<p><span style=\"color: #ff6600;\"><strong>Membership fees<\/strong><\/span><\/p>\n<p>To join Diff\u00e9rences Solidaires, please fill in the form below. Your personal data will be treated confidentially and Diff\u00e9rences Solidaires will only use it to contact you.<\/p>\n<p>Individual members: CHF 50\/year<br \/>\nCouples \/ duos: CHF 80\/year<br \/>\nFamilies: CHF 100\/year<br \/>\nCollective members: CHF 200\/year<br \/>\nBenefactor members &#8211; Amount at your discretion<\/p>\n<p>Attention: Do not make any payment, an invoice will be sent to you shortly.<\/p>\n<a class=\"maxbutton-1 maxbutton maxbutton-formulaire-d-adhesion\" target=\"_blank\" title=\"JE SOUTIEN DIFFERENCES SOLIDAIRES\" rel=\"noopener\" href=\"https:\/\/info668981.typeform.com\/to\/PAiwDG37\"><span class='mb-text'>FORMULAIRE D&#039;ADHESION<\/span><\/a>\n<p>&nbsp;<\/p>\n<p><span style=\"color: #ff6600;\"><strong>As a member you have the possibility to :<\/strong><\/span><\/p>\n<p>Professional supervision of your sports activities.<br \/>\nHire specialised sports equipment (subject to stock availability) and subject to your having sufficient skills.<br \/>\nBenefit from logistical support to set up your adapted sport projects (subject to acceptance of the request by the association&#8217;s committee).<br \/>\nBenefit from specific offers proposed by the network of partners of Diff\u00e9rences Solidaires.<br \/>\nFollow training courses in the field of sport for the disabled.<br \/>\nTo support the association&#8217;s actions in the field of disabled sport.<br \/>\nParticipate in the activities of Diff\u00e9rences Solidaires.<\/p>\n","protected":false},"excerpt":{"rendered":"<p>Membership fees To join Diff\u00e9rences Solidaires, please fill in the form below. Your personal data will be treated confidentially and&hellip;<\/p>\n","protected":false},"author":20,"featured_media":2032,"parent":0,"menu_order":0,"comment_status":"closed","ping_status":"closed","template":"","meta":{"_acf_changed":false,"pgc_meta":"","footnotes":""},"class_list":["post-3393","page","type-page","status-publish","has-post-thumbnail","hentry"],"acf":[],"pgc_meta":"","yoast_head":"<!-- This site is optimized with the Yoast SEO plugin v24.5 - https:\/\/yoast.com\/wordpress\/plugins\/seo\/ -->\n<title>Become a member - Association Diff\u00e9rences Solidaires<\/title>\n<meta name=\"robots\" content=\"index, follow, max-snippet:-1, max-image-preview:large, max-video-preview:-1\" \/>\n<link rel=\"canonical\" href=\"https:\/\/www.differences-solidaires.ch\/en\/become-a-member\/\" \/>\n<meta property=\"og:locale\" content=\"en_US\" \/>\n<meta property=\"og:type\" content=\"article\" \/>\n<meta property=\"og:title\" content=\"Become a member - Association Diff\u00e9rences Solidaires\" \/>\n<meta property=\"og:description\" content=\"Membership fees To join Diff\u00e9rences Solidaires, please fill in the form below. Your personal data will be treated confidentially and&hellip;\" \/>\n<meta property=\"og:url\" content=\"https:\/\/www.differences-solidaires.ch\/en\/become-a-member\/\" \/>\n<meta property=\"og:site_name\" content=\"Association Diff\u00e9rences Solidaires\" \/>\n<meta property=\"article:modified_time\" content=\"2023-03-31T20:23:27+00:00\" \/>\n<meta property=\"og:image\" content=\"https:\/\/www.differences-solidaires.ch\/wp-content\/uploads\/2020\/06\/IMG_9141-scaled.jpg\" \/>\n\t<meta property=\"og:image:width\" content=\"2560\" \/>\n\t<meta property=\"og:image:height\" content=\"886\" \/>\n\t<meta property=\"og:image:type\" content=\"image\/jpeg\" \/>\n<meta name=\"twitter:card\" content=\"summary_large_image\" \/>\n<meta name=\"twitter:label1\" content=\"Est. reading time\" \/>\n\t<meta name=\"twitter:data1\" content=\"1 minute\" \/>\n<script type=\"application\/ld+json\" class=\"yoast-schema-graph\">{\"@context\":\"https:\/\/schema.org\",\"@graph\":[{\"@type\":\"WebPage\",\"@id\":\"https:\/\/www.differences-solidaires.ch\/en\/become-a-member\/\",\"url\":\"https:\/\/www.differences-solidaires.ch\/en\/become-a-member\/\",\"name\":\"Become a member - Association Diff\u00e9rences Solidaires\",\"isPartOf\":{\"@id\":\"https:\/\/www.differences-solidaires.ch\/en\/#website\"},\"primaryImageOfPage\":{\"@id\":\"https:\/\/www.differences-solidaires.ch\/en\/become-a-member\/#primaryimage\"},\"image\":{\"@id\":\"https:\/\/www.differences-solidaires.ch\/en\/become-a-member\/#primaryimage\"},\"thumbnailUrl\":\"https:\/\/www.differences-solidaires.ch\/wp-content\/uploads\/2020\/06\/IMG_9141-scaled.jpg\",\"datePublished\":\"2021-04-05T16:54:47+00:00\",\"dateModified\":\"2023-03-31T20:23:27+00:00\",\"breadcrumb\":{\"@id\":\"https:\/\/www.differences-solidaires.ch\/en\/become-a-member\/#breadcrumb\"},\"inLanguage\":\"en-US\",\"potentialAction\":[{\"@type\":\"ReadAction\",\"target\":[\"https:\/\/www.differences-solidaires.ch\/en\/become-a-member\/\"]}]},{\"@type\":\"ImageObject\",\"inLanguage\":\"en-US\",\"@id\":\"https:\/\/www.differences-solidaires.ch\/en\/become-a-member\/#primaryimage\",\"url\":\"https:\/\/www.differences-solidaires.ch\/wp-content\/uploads\/2020\/06\/IMG_9141-scaled.jpg\",\"contentUrl\":\"https:\/\/www.differences-solidaires.ch\/wp-content\/uploads\/2020\/06\/IMG_9141-scaled.jpg\",\"width\":2560,\"height\":886},{\"@type\":\"BreadcrumbList\",\"@id\":\"https:\/\/www.differences-solidaires.ch\/en\/become-a-member\/#breadcrumb\",\"itemListElement\":[{\"@type\":\"ListItem\",\"position\":1,\"name\":\"Accueil\",\"item\":\"https:\/\/www.differences-solidaires.ch\/en\/\"},{\"@type\":\"ListItem\",\"position\":2,\"name\":\"Become a member\"}]},{\"@type\":\"WebSite\",\"@id\":\"https:\/\/www.differences-solidaires.ch\/en\/#website\",\"url\":\"https:\/\/www.differences-solidaires.ch\/en\/\",\"name\":\"Association Diff\u00e9rences Solidaires\",\"description\":\"Activit\u00e9s sportives adapt\u00e9es\",\"potentialAction\":[{\"@type\":\"SearchAction\",\"target\":{\"@type\":\"EntryPoint\",\"urlTemplate\":\"https:\/\/www.differences-solidaires.ch\/en\/?s={search_term_string}\"},\"query-input\":{\"@type\":\"PropertyValueSpecification\",\"valueRequired\":true,\"valueName\":\"search_term_string\"}}],\"inLanguage\":\"en-US\"}]}<\/script>\n<!-- \/ Yoast SEO plugin. -->","yoast_head_json":{"title":"Become a member - Association Diff\u00e9rences Solidaires","robots":{"index":"index","follow":"follow","max-snippet":"max-snippet:-1","max-image-preview":"max-image-preview:large","max-video-preview":"max-video-preview:-1"},"canonical":"https:\/\/www.differences-solidaires.ch\/en\/become-a-member\/","og_locale":"en_US","og_type":"article","og_title":"Become a member - Association Diff\u00e9rences Solidaires","og_description":"Membership fees To join Diff\u00e9rences Solidaires, please fill in the form below. Your personal data will be treated confidentially and&hellip;","og_url":"https:\/\/www.differences-solidaires.ch\/en\/become-a-member\/","og_site_name":"Association Diff\u00e9rences Solidaires","article_modified_time":"2023-03-31T20:23:27+00:00","og_image":[{"width":2560,"height":886,"url":"https:\/\/www.differences-solidaires.ch\/wp-content\/uploads\/2020\/06\/IMG_9141-scaled.jpg","type":"image\/jpeg"}],"twitter_card":"summary_large_image","twitter_misc":{"Est. reading time":"1 minute"},"schema":{"@context":"https:\/\/schema.org","@graph":[{"@type":"WebPage","@id":"https:\/\/www.differences-solidaires.ch\/en\/become-a-member\/","url":"https:\/\/www.differences-solidaires.ch\/en\/become-a-member\/","name":"Become a member - Association Diff\u00e9rences Solidaires","isPartOf":{"@id":"https:\/\/www.differences-solidaires.ch\/en\/#website"},"primaryImageOfPage":{"@id":"https:\/\/www.differences-solidaires.ch\/en\/become-a-member\/#primaryimage"},"image":{"@id":"https:\/\/www.differences-solidaires.ch\/en\/become-a-member\/#primaryimage"},"thumbnailUrl":"https:\/\/www.differences-solidaires.ch\/wp-content\/uploads\/2020\/06\/IMG_9141-scaled.jpg","datePublished":"2021-04-05T16:54:47+00:00","dateModified":"2023-03-31T20:23:27+00:00","breadcrumb":{"@id":"https:\/\/www.differences-solidaires.ch\/en\/become-a-member\/#breadcrumb"},"inLanguage":"en-US","potentialAction":[{"@type":"ReadAction","target":["https:\/\/www.differences-solidaires.ch\/en\/become-a-member\/"]}]},{"@type":"ImageObject","inLanguage":"en-US","@id":"https:\/\/www.differences-solidaires.ch\/en\/become-a-member\/#primaryimage","url":"https:\/\/www.differences-solidaires.ch\/wp-content\/uploads\/2020\/06\/IMG_9141-scaled.jpg","contentUrl":"https:\/\/www.differences-solidaires.ch\/wp-content\/uploads\/2020\/06\/IMG_9141-scaled.jpg","width":2560,"height":886},{"@type":"BreadcrumbList","@id":"https:\/\/www.differences-solidaires.ch\/en\/become-a-member\/#breadcrumb","itemListElement":[{"@type":"ListItem","position":1,"name":"Accueil","item":"https:\/\/www.differences-solidaires.ch\/en\/"},{"@type":"ListItem","position":2,"name":"Become a member"}]},{"@type":"WebSite","@id":"https:\/\/www.differences-solidaires.ch\/en\/#website","url":"https:\/\/www.differences-solidaires.ch\/en\/","name":"Association Diff\u00e9rences Solidaires","description":"Activit\u00e9s sportives adapt\u00e9es","potentialAction":[{"@type":"SearchAction","target":{"@type":"EntryPoint","urlTemplate":"https:\/\/www.differences-solidaires.ch\/en\/?s={search_term_string}"},"query-input":{"@type":"PropertyValueSpecification","valueRequired":true,"valueName":"search_term_string"}}],"inLanguage":"en-US"}]}},"_links":{"self":[{"href":"https:\/\/www.differences-solidaires.ch\/en\/wp-json\/wp\/v2\/pages\/3393","targetHints":{"allow":["GET"]}}],"collection":[{"href":"https:\/\/www.differences-solidaires.ch\/en\/wp-json\/wp\/v2\/pages"}],"about":[{"href":"https:\/\/www.differences-solidaires.ch\/en\/wp-json\/wp\/v2\/types\/page"}],"author":[{"embeddable":true,"href":"https:\/\/www.differences-solidaires.ch\/en\/wp-json\/wp\/v2\/users\/20"}],"replies":[{"embeddable":true,"href":"https:\/\/www.differences-solidaires.ch\/en\/wp-json\/wp\/v2\/comments?post=3393"}],"version-history":[{"count":3,"href":"https:\/\/www.differences-solidaires.ch\/en\/wp-json\/wp\/v2\/pages\/3393\/revisions"}],"predecessor-version":[{"id":6773,"href":"https:\/\/www.differences-solidaires.ch\/en\/wp-json\/wp\/v2\/pages\/3393\/revisions\/6773"}],"wp:featuredmedia":[{"embeddable":true,"href":"https:\/\/www.differences-solidaires.ch\/en\/wp-json\/wp\/v2\/media\/2032"}],"wp:attachment":[{"href":"https:\/\/www.differences-solidaires.ch\/en\/wp-json\/wp\/v2\/media?parent=3393"}],"curies":[{"name":"wp","href":"https:\/\/api.w.org\/{rel}","templated":true}]}}