{"id":3382,"date":"2017-10-03T10:04:43","date_gmt":"2017-10-03T08:04:43","guid":{"rendered":"https:\/\/www.differences-solidaires.ch\/contact\/"},"modified":"2021-04-07T17:07:20","modified_gmt":"2021-04-07T15:07:20","slug":"contact","status":"publish","type":"page","link":"https:\/\/www.differences-solidaires.ch\/en\/contact\/","title":{"rendered":"Contact"},"content":{"rendered":"<p>[vc_row][vc_column][vc_column_text]<\/p>\n<div class=\"col-sm-6\">\n<div>\n<h2><span id=\"result_box\" class=\"\" lang=\"en\" style=\"color: #ff6600;\"><span class=\"\">Contacts<\/span><\/span><\/h2>\n<p>If you need more information, please send us a message using the contact form below.<\/p>\n<p><span style=\"color: #000000;\"><em><span style=\"color: #000000;\">\u00a0<\/span><\/em><\/span><\/p>\n<p><span style=\"color: #000000;\"><em><span style=\"color: #000000;\"><strong>PRESIDENT<\/strong><br \/>\nPour les activit\u00e9s &#8220;GLISSE&#8221;<\/span><\/em><\/span><br \/>\n<span style=\"color: #ff6600;\"><strong>Monsieur Eric Vodoz<\/strong><\/span><br \/>\n<span style=\"color: #0000ff;\"><a style=\"color: #0000ff;\" href=\"mailto:planif@differences-solidaires.ch\">planif@differences-solidaires.ch<\/a><\/span><br \/>\n<em><span style=\"color: #000000;\">+41 79 660 18 27<\/span><\/em><\/p>\n<p><span style=\"color: #000000;\"><em><span style=\"color: #000000;\"><strong>CHEFS DE PROJETS<\/strong><br \/>\nPour les activit\u00e9s &#8220;HANDICAP RANDO&#8221; (Cimgo, Quadrix, Swincar )<br \/>\nPour &#8220;A LA RECHERCHE DE L\u2019\u00c9QUILIBRE&#8221;<br \/>\nPour les informations g\u00e9n\u00e9rales<br \/>\npour la recherche de fonds<br \/>\n<\/span><\/em><\/span><span style=\"color: #000000;\"><em><span style=\"color: #ff6600;\"><strong>Monsieur Alain Bigey<\/strong><\/span><br \/>\n<\/em><span style=\"color: #0000ff;\"><a style=\"color: #0000ff;\" href=\"mailto:info@differences-solidaires.ch\">info@differences-solidaires.ch<\/a><\/span><br \/>\n<span style=\"color: #0000ff;\"><a style=\"color: #0000ff;\" href=\"mailto:sponsoring@differences-solidaires.ch\">sponsoring@differences-solidaires.ch<\/a><\/span><em><br \/>\n<span style=\"color: #000000;\">+41 79 778 12 41<\/span><\/em><\/span><\/p>\n<p><span style=\"color: #000000;\"><em><span style=\"color: #000000;\">Pour les randonn\u00e9es <span style=\"color: #333333;\">&#8220;HANDICAP RANDO&#8221;<\/span> (Jo\u00eblettes &amp; raquettes)<\/span><br \/>\n<span style=\"color: #ff6600;\"><strong>Madame Genevi\u00e8ve Fol<\/strong><\/span><br \/>\n<\/em><span style=\"color: #0000ff;\"><a style=\"color: #0000ff;\" href=\"mailto:joelettes@differences-solidaires.ch\">joelettes@differences-solidaires.ch<\/a><\/span><em><br \/>\n<span style=\"color: #000000;\">+41 79 318 25 12<\/span><\/em><\/span><\/p>\n<p><em><span style=\"color: #000000;\">Pour l&#8217;activit\u00e9 <span style=\"color: #333333;\">&#8220;HOCKEY&#8221;<\/span><\/span><br \/>\n<span style=\"color: #ff6600;\"><strong>Madame Jessica P\u00fcrro<\/strong><\/span><br \/>\n<\/em><span style=\"color: #0000ff;\"><a style=\"color: #0000ff;\" href=\"hockey@differences-solidaires.ch\" target=\"_blank\" rel=\"noopener noreferrer\">hockey@differences-solidaires.ch<\/a><\/span><em><br \/>\n<span style=\"color: #000000;\">+41 79 338 50 23<\/span><br \/>\n<\/em><\/p>\n<p><em><span style=\"color: #000000;\">Pour l&#8217;activit\u00e9 <span style=\"color: #333333;\">&#8220;PARAPENTE&#8221;<\/span><\/span><br \/>\n<span style=\"color: #ff6600;\"><strong>Monsieur Mathieu Chassot<\/strong><\/span><br \/>\n<\/em><span style=\"color: #0000ff;\"><a style=\"color: #0000ff;\" href=\"parapente@differences-solidaires.ch\" target=\"_blank\" rel=\"noopener noreferrer\">parapente@differences-solidaires.ch<\/a><\/span><em><br \/>\n<span style=\"color: #000000;\">+41 78 711 68 00<\/span><br \/>\n<\/em><\/p>\n<p><span style=\"color: #000000;\"><em><span style=\"color: #000000;\">Pour la location de mat\u00e9riel <span style=\"color: #333333;\">&#8220;GLISSE FAMILLES&#8221;<\/span><\/span><br \/>\n<span style=\"color: #000000;\">Pour la location de <span style=\"color: #333333;\">&#8220;JOELETTES COURSES&#8221;<\/span> \u00e0 Cugy &#8211; VD<\/span><br \/>\n<\/em><span style=\"color: #ff6600;\"><strong>Monsieur Steve Birbaum<\/strong><\/span><\/span><br \/>\n<span style=\"color: #000000;\"><a style=\"color: #ff6600;\" href=\"mailto:familles@differences-solidaires.ch\"><span style=\"color: #0000ff;\">familles@differences-solidaires.ch<\/span><\/a><\/span><br \/>\n<em><span style=\"color: #000000;\">+41 79 757 47 62<\/span><\/em><\/p>\n<p><span style=\"color: #000000;\"><em><span style=\"color: #000000;\">Pour les <span style=\"color: #333333;\">&#8220;COURSES EN JOELETTES&#8221;<\/span> dans le Jura<\/span><br \/>\n<\/em><span style=\"color: #ff6600;\"><strong>Dominique et Ren\u00e9 Heiniger<\/strong><\/span><em><br \/>\n<\/em><a style=\"color: #ff6600;\" href=\"mailto:joelettes-jura@differences-solidaires.ch\" target=\"_blank\" rel=\"noopener noreferrer\"><span style=\"color: #0000ff;\">joelettes-jura@differences-solidaires.ch<\/span><\/a><\/span><\/p>\n<p><span style=\"color: #000000;\"><em><span style=\"color: #000000;\">Pour le secr\u00e9tariat<\/span><br \/>\n<span style=\"color: #ff6600;\"><strong>Madame Laurence Fidanza<\/strong><\/span><br \/>\n<\/em><span style=\"color: #0000ff;\"><a style=\"color: #0000ff;\" href=\"mailto:secretariat@differences-solidaires.ch\">secretariat@differences-solidaires.ch<\/a><\/span><em><br \/>\n<span style=\"color: #000000;\">+41 79 637 90 18<\/span><br \/>\n<\/em><\/span><\/p>\n<p><span style=\"color: #000000;\"><em><span style=\"color: #000000;\"><em><span style=\"color: #000000;\">Pour l&#8217;administration<\/span><br \/>\n<span style=\"color: #ff6600;\"><strong>Madame Chantal Michoud<\/strong><\/span><br \/>\n<\/em><\/span><\/em><span style=\"color: #000000;\"><span style=\"color: #0000ff;\"><a style=\"color: #0000ff;\" href=\"mailto:administration@differences-solidaires.ch\" target=\"_blank\" rel=\"noopener noreferrer\">administration@differences-solidaires.ch<\/a><\/span><\/span><em><span style=\"color: #000000;\"><em><br \/>\n<span style=\"color: #000000;\">+41 78 707 22 32<\/span><\/em><\/span><\/em><\/span><\/div>\n<\/div>\n<div><\/div>\n<p>[\/vc_column_text]\n<div class=\"wpcf7 no-js\" id=\"wpcf7-f4914-o1\" lang=\"fr-FR\" dir=\"ltr\" data-wpcf7-id=\"4914\">\n<div class=\"screen-reader-response\"><p role=\"status\" aria-live=\"polite\" aria-atomic=\"true\"><\/p> <ul><\/ul><\/div>\n<form action=\"\/en\/wp-json\/wp\/v2\/pages\/3382#wpcf7-f4914-o1\" method=\"post\" class=\"wpcf7-form init\" aria-label=\"Formulaire de contact\" novalidate=\"novalidate\" data-status=\"init\">\n<div style=\"display: none;\">\n<input type=\"hidden\" name=\"_wpcf7\" value=\"4914\" \/>\n<input type=\"hidden\" name=\"_wpcf7_version\" value=\"6.0.4\" \/>\n<input type=\"hidden\" name=\"_wpcf7_locale\" value=\"fr_FR\" \/>\n<input type=\"hidden\" name=\"_wpcf7_unit_tag\" value=\"wpcf7-f4914-o1\" \/>\n<input type=\"hidden\" name=\"_wpcf7_container_post\" value=\"0\" \/>\n<input type=\"hidden\" name=\"_wpcf7_posted_data_hash\" value=\"\" \/>\n<input type=\"hidden\" name=\"_wpcf7_recaptcha_response\" value=\"\" \/>\n<\/div>\n<p><label> Your name<br \/>\n<span class=\"wpcf7-form-control-wrap\" data-name=\"your-name\"><input size=\"40\" maxlength=\"400\" class=\"wpcf7-form-control wpcf7-text wpcf7-validates-as-required\" aria-required=\"true\" aria-invalid=\"false\" value=\"\" type=\"text\" name=\"your-name\" \/><\/span> <\/label>\n<\/p>\n<p><label> Your e-mail<br \/>\n<span class=\"wpcf7-form-control-wrap\" data-name=\"your-email\"><input size=\"40\" maxlength=\"400\" class=\"wpcf7-form-control wpcf7-email wpcf7-validates-as-required wpcf7-text wpcf7-validates-as-email\" aria-required=\"true\" aria-invalid=\"false\" value=\"\" type=\"email\" name=\"your-email\" \/><\/span> <\/label>\n<\/p>\n<p><label> Object<br \/>\n<span class=\"wpcf7-form-control-wrap\" data-name=\"your-subject\"><input size=\"40\" maxlength=\"400\" class=\"wpcf7-form-control wpcf7-text wpcf7-validates-as-required\" aria-required=\"true\" aria-invalid=\"false\" value=\"\" type=\"text\" name=\"your-subject\" \/><\/span> <\/label>\n<\/p>\n<p><label> Your message (facultativ)<br \/>\n<span class=\"wpcf7-form-control-wrap\" data-name=\"your-message\"><textarea cols=\"40\" rows=\"10\" maxlength=\"2000\" class=\"wpcf7-form-control wpcf7-textarea\" aria-invalid=\"false\" name=\"your-message\"><\/textarea><\/span> <\/label>\n<\/p>\n<p><input class=\"wpcf7-form-control wpcf7-submit has-spinner\" type=\"submit\" value=\"Send\" \/>\n<\/p><input type='hidden' class='wpcf7-pum' value='{\"closepopup\":false,\"closedelay\":0,\"openpopup\":false,\"openpopup_id\":0}' \/><div class=\"wpcf7-response-output\" aria-hidden=\"true\"><\/div>\n<\/form>\n<\/div>\n[vc_wp_text]<style>.gm-style-iw { line-height: inherit !important;}<\/style><div class=\"wpgmp_map_container wpgmp-map-1\" rel=\"map1\" data-plugin-version=\"4.6.9\"><div class=\"wpgmp_map_parent\"><div class=\"wpgmp_map \" style=\"width:100%; height:400px;\" id=\"map1\" data-map-id=\"1\"><\/div><\/div><\/div><script id=\"script-map-data-1\">jQuery(document).ready(function($){ window.wpgmp = window.wpgmp || {}; window.wpgmp.mapdata1 = \"eyJtYXBfb3B0aW9ucyI6eyJjZW50ZXJfbGF0IjoiNDYuNjIyMjY2OCIsImNlbnRlcl9sbmciOiI3LjEzMjMxNDkiLCJ6b29tIjoxMiwibWFwX3R5cGVfaWQiOiJST0FETUFQIiwiZml0X2JvdW5kcyI6ZmFsc2UsImRyYWdnYWJsZSI6dHJ1ZSwic2Nyb2xsX3doZWVsIjp0cnVlLCJkaXNwbGF5XzQ1X2ltYWdlcnkiOiIiLCJtYXJrZXJfZGVmYXVsdF9pY29uIjoiaHR0cDpcL1wvd3d3LmRpZmZlcmVuY2VzLXNvbGlkYWlyZXMuY2hcL3dwLWNvbnRlbnRcL3BsdWdpbnNcL3dwLWdvb2dsZS1tYXAtcGx1Z2luXC9hc3NldHNcL2ltYWdlc1wvXC9kZWZhdWx0X21hcmtlci5wbmciLCJpbmZvd2luZG93X3NldHRpbmciOiIiLCJpbmZvd2luZG93X2JvdW5jZV9hbmltYXRpb24iOiIiLCJpbmZvd2luZG93X2Ryb3BfYW5pbWF0aW9uIjpmYWxzZSwiY2xvc2VfaW5mb3dpbmRvd19vbl9tYXBfY2xpY2siOmZhbHNlLCJpbmZvd2luZG93X3NraW4iOiIiLCJkZWZhdWx0X2luZm93aW5kb3dfb3BlbiI6ZmFsc2UsImluZm93aW5kb3dfb3Blbl9ldmVudCI6ImNsaWNrIiwiZnVsbF9zY3JlZW5fY29udHJvbCI6dHJ1ZSwic2VhcmNoX2NvbnRyb2wiOnRydWUsInpvb21fY29udHJvbCI6dHJ1ZSwibWFwX3R5cGVfY29udHJvbCI6dHJ1ZSwic3RyZWV0X3ZpZXdfY29udHJvbCI6dHJ1ZSwiZnVsbF9zY3JlZW5fY29udHJvbF9wb3NpdGlvbiI6IlRPUF9SSUdIVCIsInNlYXJjaF9jb250cm9sX3Bvc2l0aW9uIjoiVE9QX0xFRlQiLCJ6b29tX2NvbnRyb2xfcG9zaXRpb24iOiJUT1BfTEVGVCIsIm1hcF90eXBlX2NvbnRyb2xfcG9zaXRpb24iOiJUT1BfUklHSFQiLCJtYXBfdHlwZV9jb250cm9sX3N0eWxlIjoiSE9SSVpPTlRBTF9CQVIiLCJzdHJlZXRfdmlld19jb250cm9sX3Bvc2l0aW9uIjoiVE9QX0xFRlQiLCJtYXBfY29udHJvbCI6dHJ1ZSwibWFwX2NvbnRyb2xfc2V0dGluZ3MiOmZhbHNlLCJtYXBfem9vbV9hZnRlcl9zZWFyY2giOjYsIndpZHRoIjoiIiwiaGVpZ2h0IjoiNDAwIn0sInBsYWNlcyI6W3siaWQiOiIxIiwidGl0bGUiOiJDclx1MDBlOXN1eiIsImFkZHJlc3MiOiJDclx1MDBlOXN1eiIsInNvdXJjZSI6Im1hbnVhbCIsImNvbnRlbnQiOiJDclx1MDBlOXN1eiIsImxvY2F0aW9uIjp7Imljb24iOiJodHRwOlwvXC93d3cuZGlmZmVyZW5jZXMtc29saWRhaXJlcy5jaFwvd3AtY29udGVudFwvcGx1Z2luc1wvd3AtZ29vZ2xlLW1hcC1wbHVnaW5cL2Fzc2V0c1wvaW1hZ2VzXC9cL2RlZmF1bHRfbWFya2VyLnBuZyIsImxhdCI6IjQ2LjYyMjI2NjgiLCJsbmciOiI3LjEzMjMxNDkiLCJjaXR5IjoiIiwic3RhdGUiOiIiLCJjb3VudHJ5IjoiIiwib25jbGlja19hY3Rpb24iOiJtYXJrZXIiLCJyZWRpcmVjdF9jdXN0b21fbGluayI6IiIsIm1hcmtlcl9pbWFnZSI6IiIsIm9wZW5fbmV3X3RhYiI6InllcyIsInBvc3RhbF9jb2RlIjoiIiwiZHJhZ2dhYmxlIjpmYWxzZSwiaW5mb3dpbmRvd19kZWZhdWx0X29wZW4iOmZhbHNlLCJhbmltYXRpb24iOiJCT1VOQ0UiLCJpbmZvd2luZG93X2Rpc2FibGUiOnRydWUsInpvb20iOjUsImV4dHJhX2ZpZWxkcyI6IiJ9LCJjYXRlZ29yaWVzIjpbXSwiY3VzdG9tX2ZpbHRlcnMiOiIifV0sInN0eWxlcyI6IiIsImxpc3RpbmciOiIiLCJtYXJrZXJfY2x1c3RlciI6IiIsIm1hcF9wcm9wZXJ0eSI6eyJtYXBfaWQiOiIxIiwiZGVidWdfbW9kZSI6ZmFsc2V9fQ==\"; });<\/script>[\/vc_wp_text][\/vc_column][\/vc_row]<\/p>\n","protected":false},"excerpt":{"rendered":"<p>[vc_row][vc_column][vc_column_text] Contacts If you need more information, please send us a message using the contact form below. \u00a0 PRESIDENT Pour&hellip;<\/p>\n","protected":false},"author":1,"featured_media":7788,"parent":0,"menu_order":0,"comment_status":"closed","ping_status":"closed","template":"","meta":{"_acf_changed":false,"pgc_meta":"","footnotes":""},"class_list":["post-3382","page","type-page","status-publish","has-post-thumbnail","hentry"],"acf":[],"pgc_meta":"","yoast_head":"<!-- This site is optimized with the Yoast SEO plugin v24.5 - https:\/\/yoast.com\/wordpress\/plugins\/seo\/ -->\n<title>Contact - Association Diff\u00e9rences Solidaires<\/title>\n<meta name=\"robots\" content=\"index, follow, max-snippet:-1, max-image-preview:large, max-video-preview:-1\" \/>\n<link rel=\"canonical\" href=\"https:\/\/www.differences-solidaires.ch\/en\/contact\/\" \/>\n<meta property=\"og:locale\" content=\"en_US\" \/>\n<meta property=\"og:type\" content=\"article\" \/>\n<meta property=\"og:title\" content=\"Contact - Association Diff\u00e9rences Solidaires\" \/>\n<meta property=\"og:description\" content=\"[vc_row][vc_column][vc_column_text] Contacts If you need more information, please send us a message using the contact form below. \u00a0 PRESIDENT Pour&hellip;\" \/>\n<meta property=\"og:url\" content=\"https:\/\/www.differences-solidaires.ch\/en\/contact\/\" \/>\n<meta property=\"og:site_name\" content=\"Association Diff\u00e9rences Solidaires\" \/>\n<meta property=\"article:modified_time\" content=\"2021-04-07T15:07:20+00:00\" \/>\n<meta property=\"og:image\" content=\"https:\/\/www.differences-solidaires.ch\/wp-content\/uploads\/2018\/12\/IMG_3204.jpg\" \/>\n\t<meta property=\"og:image:width\" content=\"2287\" \/>\n\t<meta property=\"og:image:height\" content=\"2287\" \/>\n\t<meta property=\"og:image:type\" content=\"image\/jpeg\" \/>\n<meta name=\"twitter:card\" content=\"summary_large_image\" \/>\n<meta name=\"twitter:label1\" content=\"Est. reading time\" \/>\n\t<meta name=\"twitter:data1\" content=\"1 minute\" \/>\n<script type=\"application\/ld+json\" class=\"yoast-schema-graph\">{\"@context\":\"https:\/\/schema.org\",\"@graph\":[{\"@type\":\"WebPage\",\"@id\":\"https:\/\/www.differences-solidaires.ch\/en\/contact\/\",\"url\":\"https:\/\/www.differences-solidaires.ch\/en\/contact\/\",\"name\":\"Contact - Association Diff\u00e9rences Solidaires\",\"isPartOf\":{\"@id\":\"https:\/\/www.differences-solidaires.ch\/en\/#website\"},\"primaryImageOfPage\":{\"@id\":\"https:\/\/www.differences-solidaires.ch\/en\/contact\/#primaryimage\"},\"image\":{\"@id\":\"https:\/\/www.differences-solidaires.ch\/en\/contact\/#primaryimage\"},\"thumbnailUrl\":\"https:\/\/www.differences-solidaires.ch\/wp-content\/uploads\/2024\/07\/DSF0321-scaled.jpg\",\"datePublished\":\"2017-10-03T08:04:43+00:00\",\"dateModified\":\"2021-04-07T15:07:20+00:00\",\"breadcrumb\":{\"@id\":\"https:\/\/www.differences-solidaires.ch\/en\/contact\/#breadcrumb\"},\"inLanguage\":\"en-US\",\"potentialAction\":[{\"@type\":\"ReadAction\",\"target\":[\"https:\/\/www.differences-solidaires.ch\/en\/contact\/\"]}]},{\"@type\":\"ImageObject\",\"inLanguage\":\"en-US\",\"@id\":\"https:\/\/www.differences-solidaires.ch\/en\/contact\/#primaryimage\",\"url\":\"https:\/\/www.differences-solidaires.ch\/wp-content\/uploads\/2024\/07\/DSF0321-scaled.jpg\",\"contentUrl\":\"https:\/\/www.differences-solidaires.ch\/wp-content\/uploads\/2024\/07\/DSF0321-scaled.jpg\",\"width\":2560,\"height\":1707},{\"@type\":\"BreadcrumbList\",\"@id\":\"https:\/\/www.differences-solidaires.ch\/en\/contact\/#breadcrumb\",\"itemListElement\":[{\"@type\":\"ListItem\",\"position\":1,\"name\":\"Accueil\",\"item\":\"https:\/\/www.differences-solidaires.ch\/en\/\"},{\"@type\":\"ListItem\",\"position\":2,\"name\":\"Contact\"}]},{\"@type\":\"WebSite\",\"@id\":\"https:\/\/www.differences-solidaires.ch\/en\/#website\",\"url\":\"https:\/\/www.differences-solidaires.ch\/en\/\",\"name\":\"Association Diff\u00e9rences Solidaires\",\"description\":\"Activit\u00e9s sportives adapt\u00e9es\",\"potentialAction\":[{\"@type\":\"SearchAction\",\"target\":{\"@type\":\"EntryPoint\",\"urlTemplate\":\"https:\/\/www.differences-solidaires.ch\/en\/?s={search_term_string}\"},\"query-input\":{\"@type\":\"PropertyValueSpecification\",\"valueRequired\":true,\"valueName\":\"search_term_string\"}}],\"inLanguage\":\"en-US\"}]}<\/script>\n<!-- \/ Yoast SEO plugin. -->","yoast_head_json":{"title":"Contact - Association Diff\u00e9rences Solidaires","robots":{"index":"index","follow":"follow","max-snippet":"max-snippet:-1","max-image-preview":"max-image-preview:large","max-video-preview":"max-video-preview:-1"},"canonical":"https:\/\/www.differences-solidaires.ch\/en\/contact\/","og_locale":"en_US","og_type":"article","og_title":"Contact - Association Diff\u00e9rences Solidaires","og_description":"[vc_row][vc_column][vc_column_text] Contacts If you need more information, please send us a message using the contact form below. \u00a0 PRESIDENT Pour&hellip;","og_url":"https:\/\/www.differences-solidaires.ch\/en\/contact\/","og_site_name":"Association Diff\u00e9rences Solidaires","article_modified_time":"2021-04-07T15:07:20+00:00","og_image":[{"width":2287,"height":2287,"url":"https:\/\/www.differences-solidaires.ch\/wp-content\/uploads\/2018\/12\/IMG_3204.jpg","type":"image\/jpeg"}],"twitter_card":"summary_large_image","twitter_misc":{"Est. reading time":"1 minute"},"schema":{"@context":"https:\/\/schema.org","@graph":[{"@type":"WebPage","@id":"https:\/\/www.differences-solidaires.ch\/en\/contact\/","url":"https:\/\/www.differences-solidaires.ch\/en\/contact\/","name":"Contact - Association Diff\u00e9rences Solidaires","isPartOf":{"@id":"https:\/\/www.differences-solidaires.ch\/en\/#website"},"primaryImageOfPage":{"@id":"https:\/\/www.differences-solidaires.ch\/en\/contact\/#primaryimage"},"image":{"@id":"https:\/\/www.differences-solidaires.ch\/en\/contact\/#primaryimage"},"thumbnailUrl":"https:\/\/www.differences-solidaires.ch\/wp-content\/uploads\/2024\/07\/DSF0321-scaled.jpg","datePublished":"2017-10-03T08:04:43+00:00","dateModified":"2021-04-07T15:07:20+00:00","breadcrumb":{"@id":"https:\/\/www.differences-solidaires.ch\/en\/contact\/#breadcrumb"},"inLanguage":"en-US","potentialAction":[{"@type":"ReadAction","target":["https:\/\/www.differences-solidaires.ch\/en\/contact\/"]}]},{"@type":"ImageObject","inLanguage":"en-US","@id":"https:\/\/www.differences-solidaires.ch\/en\/contact\/#primaryimage","url":"https:\/\/www.differences-solidaires.ch\/wp-content\/uploads\/2024\/07\/DSF0321-scaled.jpg","contentUrl":"https:\/\/www.differences-solidaires.ch\/wp-content\/uploads\/2024\/07\/DSF0321-scaled.jpg","width":2560,"height":1707},{"@type":"BreadcrumbList","@id":"https:\/\/www.differences-solidaires.ch\/en\/contact\/#breadcrumb","itemListElement":[{"@type":"ListItem","position":1,"name":"Accueil","item":"https:\/\/www.differences-solidaires.ch\/en\/"},{"@type":"ListItem","position":2,"name":"Contact"}]},{"@type":"WebSite","@id":"https:\/\/www.differences-solidaires.ch\/en\/#website","url":"https:\/\/www.differences-solidaires.ch\/en\/","name":"Association Diff\u00e9rences Solidaires","description":"Activit\u00e9s sportives adapt\u00e9es","potentialAction":[{"@type":"SearchAction","target":{"@type":"EntryPoint","urlTemplate":"https:\/\/www.differences-solidaires.ch\/en\/?s={search_term_string}"},"query-input":{"@type":"PropertyValueSpecification","valueRequired":true,"valueName":"search_term_string"}}],"inLanguage":"en-US"}]}},"_links":{"self":[{"href":"https:\/\/www.differences-solidaires.ch\/en\/wp-json\/wp\/v2\/pages\/3382","targetHints":{"allow":["GET"]}}],"collection":[{"href":"https:\/\/www.differences-solidaires.ch\/en\/wp-json\/wp\/v2\/pages"}],"about":[{"href":"https:\/\/www.differences-solidaires.ch\/en\/wp-json\/wp\/v2\/types\/page"}],"author":[{"embeddable":true,"href":"https:\/\/www.differences-solidaires.ch\/en\/wp-json\/wp\/v2\/users\/1"}],"replies":[{"embeddable":true,"href":"https:\/\/www.differences-solidaires.ch\/en\/wp-json\/wp\/v2\/comments?post=3382"}],"version-history":[{"count":3,"href":"https:\/\/www.differences-solidaires.ch\/en\/wp-json\/wp\/v2\/pages\/3382\/revisions"}],"predecessor-version":[{"id":4917,"href":"https:\/\/www.differences-solidaires.ch\/en\/wp-json\/wp\/v2\/pages\/3382\/revisions\/4917"}],"wp:featuredmedia":[{"embeddable":true,"href":"https:\/\/www.differences-solidaires.ch\/en\/wp-json\/wp\/v2\/media\/7788"}],"wp:attachment":[{"href":"https:\/\/www.differences-solidaires.ch\/en\/wp-json\/wp\/v2\/media?parent=3382"}],"curies":[{"name":"wp","href":"https:\/\/api.w.org\/{rel}","templated":true}]}}