{"id":3264,"date":"2021-04-05T17:27:52","date_gmt":"2021-04-05T15:27:52","guid":{"rendered":"https:\/\/www.differences-solidaires.ch\/?page_id=3264"},"modified":"2022-03-09T18:38:59","modified_gmt":"2022-03-09T17:38:59","slug":"skiing-and-snowshoeing","status":"publish","type":"page","link":"https:\/\/www.differences-solidaires.ch\/en\/activities\/skiing-and-snowshoeing\/","title":{"rendered":"Skiing and Snowshoeing"},"content":{"rendered":"<p>[vc_row][vc_column][vc_column_text]<strong><span style=\"color: #ff6600;\">SKIING AND SNOWSHOEING<\/span><\/strong><\/p>\n<p>We offer a wide range of winter activities in the resort of your choice, as long as it is suitable. Depending on your wishes, your skills or your physical condition, we have the right equipment for all your desires.[\/vc_column_text][\/vc_column][\/vc_row][vc_row][vc_column][vc_masonry_grid post_type=&#8221;post&#8221; max_items=&#8221;10&#8243; element_width=&#8221;6&#8243; grid_id=&#8221;vc_gid:1646847340158-814c91a9-6aed-3&#8243; taxonomies=&#8221;176&#8243;][\/vc_column][\/vc_row]<\/p>\n","protected":false},"excerpt":{"rendered":"<p>[vc_row][vc_column][vc_column_text]SKIING AND SNOWSHOEING We offer a wide range of winter activities in the resort of your choice, as long as&hellip;<\/p>\n","protected":false},"author":20,"featured_media":3266,"parent":3300,"menu_order":2,"comment_status":"closed","ping_status":"closed","template":"","meta":{"_acf_changed":false,"pgc_meta":"","footnotes":""},"class_list":["post-3264","page","type-page","status-publish","has-post-thumbnail","hentry"],"acf":[],"pgc_meta":"","yoast_head":"<!-- This site is optimized with the Yoast SEO plugin v24.5 - https:\/\/yoast.com\/wordpress\/plugins\/seo\/ -->\n<title>Skiing and Snowshoeing - Association Diff\u00e9rences Solidaires<\/title>\n<meta name=\"robots\" content=\"index, follow, max-snippet:-1, max-image-preview:large, max-video-preview:-1\" \/>\n<link rel=\"canonical\" href=\"https:\/\/www.differences-solidaires.ch\/en\/activities\/skiing-and-snowshoeing\/\" \/>\n<meta property=\"og:locale\" content=\"en_US\" \/>\n<meta property=\"og:type\" content=\"article\" \/>\n<meta property=\"og:title\" content=\"Skiing and Snowshoeing - Association Diff\u00e9rences Solidaires\" \/>\n<meta property=\"og:description\" content=\"[vc_row][vc_column][vc_column_text]SKIING AND SNOWSHOEING We offer a wide range of winter activities in the resort of your choice, as long as&hellip;\" \/>\n<meta property=\"og:url\" content=\"https:\/\/www.differences-solidaires.ch\/en\/activities\/skiing-and-snowshoeing\/\" \/>\n<meta property=\"og:site_name\" content=\"Association Diff\u00e9rences Solidaires\" \/>\n<meta property=\"article:modified_time\" content=\"2022-03-09T17:38:59+00:00\" \/>\n<meta property=\"og:image\" content=\"https:\/\/www.differences-solidaires.ch\/wp-content\/uploads\/2018\/12\/IMG_3204-1-e1544128152294-scaled.jpg\" \/>\n\t<meta property=\"og:image:width\" content=\"2560\" \/>\n\t<meta property=\"og:image:height\" content=\"1920\" \/>\n\t<meta property=\"og:image:type\" content=\"image\/jpeg\" \/>\n<meta name=\"twitter:card\" content=\"summary_large_image\" \/>\n<meta name=\"twitter:label1\" content=\"Est. reading time\" \/>\n\t<meta name=\"twitter:data1\" content=\"1 minute\" \/>\n<script type=\"application\/ld+json\" class=\"yoast-schema-graph\">{\"@context\":\"https:\/\/schema.org\",\"@graph\":[{\"@type\":\"WebPage\",\"@id\":\"https:\/\/www.differences-solidaires.ch\/en\/activities\/skiing-and-snowshoeing\/\",\"url\":\"https:\/\/www.differences-solidaires.ch\/en\/activities\/skiing-and-snowshoeing\/\",\"name\":\"Skiing and Snowshoeing - Association Diff\u00e9rences Solidaires\",\"isPartOf\":{\"@id\":\"https:\/\/www.differences-solidaires.ch\/en\/#website\"},\"primaryImageOfPage\":{\"@id\":\"https:\/\/www.differences-solidaires.ch\/en\/activities\/skiing-and-snowshoeing\/#primaryimage\"},\"image\":{\"@id\":\"https:\/\/www.differences-solidaires.ch\/en\/activities\/skiing-and-snowshoeing\/#primaryimage\"},\"thumbnailUrl\":\"https:\/\/www.differences-solidaires.ch\/wp-content\/uploads\/2018\/12\/IMG_3204-1-e1544128152294-scaled.jpg\",\"datePublished\":\"2021-04-05T15:27:52+00:00\",\"dateModified\":\"2022-03-09T17:38:59+00:00\",\"breadcrumb\":{\"@id\":\"https:\/\/www.differences-solidaires.ch\/en\/activities\/skiing-and-snowshoeing\/#breadcrumb\"},\"inLanguage\":\"en-US\",\"potentialAction\":[{\"@type\":\"ReadAction\",\"target\":[\"https:\/\/www.differences-solidaires.ch\/en\/activities\/skiing-and-snowshoeing\/\"]}]},{\"@type\":\"ImageObject\",\"inLanguage\":\"en-US\",\"@id\":\"https:\/\/www.differences-solidaires.ch\/en\/activities\/skiing-and-snowshoeing\/#primaryimage\",\"url\":\"https:\/\/www.differences-solidaires.ch\/wp-content\/uploads\/2018\/12\/IMG_3204-1-e1544128152294-scaled.jpg\",\"contentUrl\":\"https:\/\/www.differences-solidaires.ch\/wp-content\/uploads\/2018\/12\/IMG_3204-1-e1544128152294-scaled.jpg\",\"width\":2560,\"height\":1920},{\"@type\":\"BreadcrumbList\",\"@id\":\"https:\/\/www.differences-solidaires.ch\/en\/activities\/skiing-and-snowshoeing\/#breadcrumb\",\"itemListElement\":[{\"@type\":\"ListItem\",\"position\":1,\"name\":\"Accueil\",\"item\":\"https:\/\/www.differences-solidaires.ch\/en\/\"},{\"@type\":\"ListItem\",\"position\":2,\"name\":\"Activities\",\"item\":\"https:\/\/www.differences-solidaires.ch\/en\/activities\/\"},{\"@type\":\"ListItem\",\"position\":3,\"name\":\"Skiing and Snowshoeing\"}]},{\"@type\":\"WebSite\",\"@id\":\"https:\/\/www.differences-solidaires.ch\/en\/#website\",\"url\":\"https:\/\/www.differences-solidaires.ch\/en\/\",\"name\":\"Association Diff\u00e9rences Solidaires\",\"description\":\"Activit\u00e9s sportives adapt\u00e9es\",\"potentialAction\":[{\"@type\":\"SearchAction\",\"target\":{\"@type\":\"EntryPoint\",\"urlTemplate\":\"https:\/\/www.differences-solidaires.ch\/en\/?s={search_term_string}\"},\"query-input\":{\"@type\":\"PropertyValueSpecification\",\"valueRequired\":true,\"valueName\":\"search_term_string\"}}],\"inLanguage\":\"en-US\"}]}<\/script>\n<!-- \/ Yoast SEO plugin. -->","yoast_head_json":{"title":"Skiing and Snowshoeing - Association Diff\u00e9rences Solidaires","robots":{"index":"index","follow":"follow","max-snippet":"max-snippet:-1","max-image-preview":"max-image-preview:large","max-video-preview":"max-video-preview:-1"},"canonical":"https:\/\/www.differences-solidaires.ch\/en\/activities\/skiing-and-snowshoeing\/","og_locale":"en_US","og_type":"article","og_title":"Skiing and Snowshoeing - Association Diff\u00e9rences Solidaires","og_description":"[vc_row][vc_column][vc_column_text]SKIING AND SNOWSHOEING We offer a wide range of winter activities in the resort of your choice, as long as&hellip;","og_url":"https:\/\/www.differences-solidaires.ch\/en\/activities\/skiing-and-snowshoeing\/","og_site_name":"Association Diff\u00e9rences Solidaires","article_modified_time":"2022-03-09T17:38:59+00:00","og_image":[{"width":2560,"height":1920,"url":"https:\/\/www.differences-solidaires.ch\/wp-content\/uploads\/2018\/12\/IMG_3204-1-e1544128152294-scaled.jpg","type":"image\/jpeg"}],"twitter_card":"summary_large_image","twitter_misc":{"Est. reading time":"1 minute"},"schema":{"@context":"https:\/\/schema.org","@graph":[{"@type":"WebPage","@id":"https:\/\/www.differences-solidaires.ch\/en\/activities\/skiing-and-snowshoeing\/","url":"https:\/\/www.differences-solidaires.ch\/en\/activities\/skiing-and-snowshoeing\/","name":"Skiing and Snowshoeing - Association Diff\u00e9rences Solidaires","isPartOf":{"@id":"https:\/\/www.differences-solidaires.ch\/en\/#website"},"primaryImageOfPage":{"@id":"https:\/\/www.differences-solidaires.ch\/en\/activities\/skiing-and-snowshoeing\/#primaryimage"},"image":{"@id":"https:\/\/www.differences-solidaires.ch\/en\/activities\/skiing-and-snowshoeing\/#primaryimage"},"thumbnailUrl":"https:\/\/www.differences-solidaires.ch\/wp-content\/uploads\/2018\/12\/IMG_3204-1-e1544128152294-scaled.jpg","datePublished":"2021-04-05T15:27:52+00:00","dateModified":"2022-03-09T17:38:59+00:00","breadcrumb":{"@id":"https:\/\/www.differences-solidaires.ch\/en\/activities\/skiing-and-snowshoeing\/#breadcrumb"},"inLanguage":"en-US","potentialAction":[{"@type":"ReadAction","target":["https:\/\/www.differences-solidaires.ch\/en\/activities\/skiing-and-snowshoeing\/"]}]},{"@type":"ImageObject","inLanguage":"en-US","@id":"https:\/\/www.differences-solidaires.ch\/en\/activities\/skiing-and-snowshoeing\/#primaryimage","url":"https:\/\/www.differences-solidaires.ch\/wp-content\/uploads\/2018\/12\/IMG_3204-1-e1544128152294-scaled.jpg","contentUrl":"https:\/\/www.differences-solidaires.ch\/wp-content\/uploads\/2018\/12\/IMG_3204-1-e1544128152294-scaled.jpg","width":2560,"height":1920},{"@type":"BreadcrumbList","@id":"https:\/\/www.differences-solidaires.ch\/en\/activities\/skiing-and-snowshoeing\/#breadcrumb","itemListElement":[{"@type":"ListItem","position":1,"name":"Accueil","item":"https:\/\/www.differences-solidaires.ch\/en\/"},{"@type":"ListItem","position":2,"name":"Activities","item":"https:\/\/www.differences-solidaires.ch\/en\/activities\/"},{"@type":"ListItem","position":3,"name":"Skiing and Snowshoeing"}]},{"@type":"WebSite","@id":"https:\/\/www.differences-solidaires.ch\/en\/#website","url":"https:\/\/www.differences-solidaires.ch\/en\/","name":"Association Diff\u00e9rences Solidaires","description":"Activit\u00e9s sportives adapt\u00e9es","potentialAction":[{"@type":"SearchAction","target":{"@type":"EntryPoint","urlTemplate":"https:\/\/www.differences-solidaires.ch\/en\/?s={search_term_string}"},"query-input":{"@type":"PropertyValueSpecification","valueRequired":true,"valueName":"search_term_string"}}],"inLanguage":"en-US"}]}},"_links":{"self":[{"href":"https:\/\/www.differences-solidaires.ch\/en\/wp-json\/wp\/v2\/pages\/3264","targetHints":{"allow":["GET"]}}],"collection":[{"href":"https:\/\/www.differences-solidaires.ch\/en\/wp-json\/wp\/v2\/pages"}],"about":[{"href":"https:\/\/www.differences-solidaires.ch\/en\/wp-json\/wp\/v2\/types\/page"}],"author":[{"embeddable":true,"href":"https:\/\/www.differences-solidaires.ch\/en\/wp-json\/wp\/v2\/users\/20"}],"replies":[{"embeddable":true,"href":"https:\/\/www.differences-solidaires.ch\/en\/wp-json\/wp\/v2\/comments?post=3264"}],"version-history":[{"count":3,"href":"https:\/\/www.differences-solidaires.ch\/en\/wp-json\/wp\/v2\/pages\/3264\/revisions"}],"predecessor-version":[{"id":5987,"href":"https:\/\/www.differences-solidaires.ch\/en\/wp-json\/wp\/v2\/pages\/3264\/revisions\/5987"}],"up":[{"embeddable":true,"href":"https:\/\/www.differences-solidaires.ch\/en\/wp-json\/wp\/v2\/pages\/3300"}],"wp:featuredmedia":[{"embeddable":true,"href":"https:\/\/www.differences-solidaires.ch\/en\/wp-json\/wp\/v2\/media\/3266"}],"wp:attachment":[{"href":"https:\/\/www.differences-solidaires.ch\/en\/wp-json\/wp\/v2\/media?parent=3264"}],"curies":[{"name":"wp","href":"https:\/\/api.w.org\/{rel}","templated":true}]}}