{"id":3179,"date":"2021-03-19T15:38:49","date_gmt":"2021-03-19T14:38:49","guid":{"rendered":"https:\/\/www.differences-solidaires.ch\/?page_id=3179"},"modified":"2022-03-09T22:31:31","modified_gmt":"2022-03-09T21:31:31","slug":"association","status":"publish","type":"page","link":"https:\/\/www.differences-solidaires.ch\/en\/association\/","title":{"rendered":"Association"},"content":{"rendered":"<p><span style=\"font-size: 18pt; color: #ff6600;\"><strong>The association<\/strong><\/span><\/p>\n<p>Diff\u00e9rences Solidaires is an association recognised as being of public utility by the canton of Fribourg. Founded in 2009, it helps people with disabilities to organise summer and winter outdoor sports activities.<\/p>\n<p>The members of the committee are committed to making skiing, hiking, off-roading and other activities accessible. Thanks to the support of numerous sponsors, donors and volunteers, Diff\u00e9rences Solidaires provides more than 200 days of sporting activities per year throughout the French-speaking part of Switzerland.<\/p>\n<p>The specificity of the association is to be itinerant. We can thus respond to the desires and needs of our beneficiaries. We go wherever they want, as long as the accessibility and the place allow a recognized and safe practice of the activities.<\/p>\n<p>In addition, in order to support families and institutions that request it, we make available to people with the required training, specific equipment related to these outdoor activities (according to financial conditions defined beforehand).<\/p>\n<p>We collaborate with any organisation wishing to develop sports projects for people with disabilities.<\/p>\n<p>We offer several types of adapted services and study any particular request (camps, services over one or more days&#8230;).<\/p>\n<p>All the people who supervise our activities are aware of the disability field. They also have additional skills in adapted sports activities (dualski, tandemski, Cimgo, GoToSki, Jo\u00eblettes&#8230;) or are trained by us in the specific activities of our association (climbing wall, zip line, infernal tower&#8230;). We call upon either professionals or volunteers who are ready to commit themselves to share a little of their time.<\/p>\n<p>Find all our offers on the <a href=\"https:\/\/www.differences-solidaires.ch\/documentation\/\" target=\"_blank\" rel=\"noopener\">Documentation<\/a> page of this website<\/p>\n<p>&nbsp;<\/p>\n","protected":false},"excerpt":{"rendered":"<p>The association Diff\u00e9rences Solidaires is an association recognised as being of public utility by the canton of Fribourg. Founded in&hellip;<\/p>\n","protected":false},"author":20,"featured_media":7804,"parent":0,"menu_order":0,"comment_status":"closed","ping_status":"closed","template":"","meta":{"_acf_changed":false,"pgc_meta":"","footnotes":""},"class_list":["post-3179","page","type-page","status-publish","has-post-thumbnail","hentry"],"acf":[],"pgc_meta":"","yoast_head":"<!-- This site is optimized with the Yoast SEO plugin v24.5 - https:\/\/yoast.com\/wordpress\/plugins\/seo\/ -->\n<title>Association - Association Diff\u00e9rences Solidaires<\/title>\n<meta name=\"robots\" content=\"index, follow, max-snippet:-1, max-image-preview:large, max-video-preview:-1\" \/>\n<link rel=\"canonical\" href=\"https:\/\/www.differences-solidaires.ch\/en\/association\/\" \/>\n<meta property=\"og:locale\" content=\"en_US\" \/>\n<meta property=\"og:type\" content=\"article\" \/>\n<meta property=\"og:title\" content=\"Association - Association Diff\u00e9rences Solidaires\" \/>\n<meta property=\"og:description\" content=\"The association Diff\u00e9rences Solidaires is an association recognised as being of public utility by the canton of Fribourg. Founded in&hellip;\" \/>\n<meta property=\"og:url\" content=\"https:\/\/www.differences-solidaires.ch\/en\/association\/\" \/>\n<meta property=\"og:site_name\" content=\"Association Diff\u00e9rences Solidaires\" \/>\n<meta property=\"article:modified_time\" content=\"2022-03-09T21:31:31+00:00\" \/>\n<meta property=\"og:image\" content=\"https:\/\/www.differences-solidaires.ch\/wp-content\/uploads\/2018\/01\/Cimgo_blanc-1024x836.jpg\" \/>\n\t<meta property=\"og:image:width\" content=\"1024\" \/>\n\t<meta property=\"og:image:height\" content=\"836\" \/>\n\t<meta property=\"og:image:type\" content=\"image\/jpeg\" \/>\n<meta name=\"twitter:card\" content=\"summary_large_image\" \/>\n<meta name=\"twitter:label1\" content=\"Est. reading time\" \/>\n\t<meta name=\"twitter:data1\" content=\"2 minutes\" \/>\n<script type=\"application\/ld+json\" class=\"yoast-schema-graph\">{\"@context\":\"https:\/\/schema.org\",\"@graph\":[{\"@type\":\"WebPage\",\"@id\":\"https:\/\/www.differences-solidaires.ch\/en\/association\/\",\"url\":\"https:\/\/www.differences-solidaires.ch\/en\/association\/\",\"name\":\"Association - Association Diff\u00e9rences Solidaires\",\"isPartOf\":{\"@id\":\"https:\/\/www.differences-solidaires.ch\/en\/#website\"},\"primaryImageOfPage\":{\"@id\":\"https:\/\/www.differences-solidaires.ch\/en\/association\/#primaryimage\"},\"image\":{\"@id\":\"https:\/\/www.differences-solidaires.ch\/en\/association\/#primaryimage\"},\"thumbnailUrl\":\"https:\/\/www.differences-solidaires.ch\/wp-content\/uploads\/2024\/07\/DSF0651-scaled.jpg\",\"datePublished\":\"2021-03-19T14:38:49+00:00\",\"dateModified\":\"2022-03-09T21:31:31+00:00\",\"breadcrumb\":{\"@id\":\"https:\/\/www.differences-solidaires.ch\/en\/association\/#breadcrumb\"},\"inLanguage\":\"en-US\",\"potentialAction\":[{\"@type\":\"ReadAction\",\"target\":[\"https:\/\/www.differences-solidaires.ch\/en\/association\/\"]}]},{\"@type\":\"ImageObject\",\"inLanguage\":\"en-US\",\"@id\":\"https:\/\/www.differences-solidaires.ch\/en\/association\/#primaryimage\",\"url\":\"https:\/\/www.differences-solidaires.ch\/wp-content\/uploads\/2024\/07\/DSF0651-scaled.jpg\",\"contentUrl\":\"https:\/\/www.differences-solidaires.ch\/wp-content\/uploads\/2024\/07\/DSF0651-scaled.jpg\",\"width\":2560,\"height\":1707},{\"@type\":\"BreadcrumbList\",\"@id\":\"https:\/\/www.differences-solidaires.ch\/en\/association\/#breadcrumb\",\"itemListElement\":[{\"@type\":\"ListItem\",\"position\":1,\"name\":\"Accueil\",\"item\":\"https:\/\/www.differences-solidaires.ch\/en\/\"},{\"@type\":\"ListItem\",\"position\":2,\"name\":\"Association\"}]},{\"@type\":\"WebSite\",\"@id\":\"https:\/\/www.differences-solidaires.ch\/en\/#website\",\"url\":\"https:\/\/www.differences-solidaires.ch\/en\/\",\"name\":\"Association Diff\u00e9rences Solidaires\",\"description\":\"Activit\u00e9s sportives adapt\u00e9es\",\"potentialAction\":[{\"@type\":\"SearchAction\",\"target\":{\"@type\":\"EntryPoint\",\"urlTemplate\":\"https:\/\/www.differences-solidaires.ch\/en\/?s={search_term_string}\"},\"query-input\":{\"@type\":\"PropertyValueSpecification\",\"valueRequired\":true,\"valueName\":\"search_term_string\"}}],\"inLanguage\":\"en-US\"}]}<\/script>\n<!-- \/ Yoast SEO plugin. -->","yoast_head_json":{"title":"Association - Association Diff\u00e9rences Solidaires","robots":{"index":"index","follow":"follow","max-snippet":"max-snippet:-1","max-image-preview":"max-image-preview:large","max-video-preview":"max-video-preview:-1"},"canonical":"https:\/\/www.differences-solidaires.ch\/en\/association\/","og_locale":"en_US","og_type":"article","og_title":"Association - Association Diff\u00e9rences Solidaires","og_description":"The association Diff\u00e9rences Solidaires is an association recognised as being of public utility by the canton of Fribourg. Founded in&hellip;","og_url":"https:\/\/www.differences-solidaires.ch\/en\/association\/","og_site_name":"Association Diff\u00e9rences Solidaires","article_modified_time":"2022-03-09T21:31:31+00:00","og_image":[{"width":1024,"height":836,"url":"https:\/\/www.differences-solidaires.ch\/wp-content\/uploads\/2018\/01\/Cimgo_blanc-1024x836.jpg","type":"image\/jpeg"}],"twitter_card":"summary_large_image","twitter_misc":{"Est. reading time":"2 minutes"},"schema":{"@context":"https:\/\/schema.org","@graph":[{"@type":"WebPage","@id":"https:\/\/www.differences-solidaires.ch\/en\/association\/","url":"https:\/\/www.differences-solidaires.ch\/en\/association\/","name":"Association - Association Diff\u00e9rences Solidaires","isPartOf":{"@id":"https:\/\/www.differences-solidaires.ch\/en\/#website"},"primaryImageOfPage":{"@id":"https:\/\/www.differences-solidaires.ch\/en\/association\/#primaryimage"},"image":{"@id":"https:\/\/www.differences-solidaires.ch\/en\/association\/#primaryimage"},"thumbnailUrl":"https:\/\/www.differences-solidaires.ch\/wp-content\/uploads\/2024\/07\/DSF0651-scaled.jpg","datePublished":"2021-03-19T14:38:49+00:00","dateModified":"2022-03-09T21:31:31+00:00","breadcrumb":{"@id":"https:\/\/www.differences-solidaires.ch\/en\/association\/#breadcrumb"},"inLanguage":"en-US","potentialAction":[{"@type":"ReadAction","target":["https:\/\/www.differences-solidaires.ch\/en\/association\/"]}]},{"@type":"ImageObject","inLanguage":"en-US","@id":"https:\/\/www.differences-solidaires.ch\/en\/association\/#primaryimage","url":"https:\/\/www.differences-solidaires.ch\/wp-content\/uploads\/2024\/07\/DSF0651-scaled.jpg","contentUrl":"https:\/\/www.differences-solidaires.ch\/wp-content\/uploads\/2024\/07\/DSF0651-scaled.jpg","width":2560,"height":1707},{"@type":"BreadcrumbList","@id":"https:\/\/www.differences-solidaires.ch\/en\/association\/#breadcrumb","itemListElement":[{"@type":"ListItem","position":1,"name":"Accueil","item":"https:\/\/www.differences-solidaires.ch\/en\/"},{"@type":"ListItem","position":2,"name":"Association"}]},{"@type":"WebSite","@id":"https:\/\/www.differences-solidaires.ch\/en\/#website","url":"https:\/\/www.differences-solidaires.ch\/en\/","name":"Association Diff\u00e9rences Solidaires","description":"Activit\u00e9s sportives adapt\u00e9es","potentialAction":[{"@type":"SearchAction","target":{"@type":"EntryPoint","urlTemplate":"https:\/\/www.differences-solidaires.ch\/en\/?s={search_term_string}"},"query-input":{"@type":"PropertyValueSpecification","valueRequired":true,"valueName":"search_term_string"}}],"inLanguage":"en-US"}]}},"_links":{"self":[{"href":"https:\/\/www.differences-solidaires.ch\/en\/wp-json\/wp\/v2\/pages\/3179","targetHints":{"allow":["GET"]}}],"collection":[{"href":"https:\/\/www.differences-solidaires.ch\/en\/wp-json\/wp\/v2\/pages"}],"about":[{"href":"https:\/\/www.differences-solidaires.ch\/en\/wp-json\/wp\/v2\/types\/page"}],"author":[{"embeddable":true,"href":"https:\/\/www.differences-solidaires.ch\/en\/wp-json\/wp\/v2\/users\/20"}],"replies":[{"embeddable":true,"href":"https:\/\/www.differences-solidaires.ch\/en\/wp-json\/wp\/v2\/comments?post=3179"}],"version-history":[{"count":3,"href":"https:\/\/www.differences-solidaires.ch\/en\/wp-json\/wp\/v2\/pages\/3179\/revisions"}],"predecessor-version":[{"id":5735,"href":"https:\/\/www.differences-solidaires.ch\/en\/wp-json\/wp\/v2\/pages\/3179\/revisions\/5735"}],"wp:featuredmedia":[{"embeddable":true,"href":"https:\/\/www.differences-solidaires.ch\/en\/wp-json\/wp\/v2\/media\/7804"}],"wp:attachment":[{"href":"https:\/\/www.differences-solidaires.ch\/en\/wp-json\/wp\/v2\/media?parent=3179"}],"curies":[{"name":"wp","href":"https:\/\/api.w.org\/{rel}","templated":true}]}}