{"id":5711,"date":"2021-10-31T22:08:20","date_gmt":"2021-10-31T21:08:20","guid":{"rendered":"https:\/\/www.differences-solidaires.ch\/product\/tandemski\/"},"modified":"2021-10-31T22:13:57","modified_gmt":"2021-10-31T21:13:57","slug":"tandemski","status":"publish","type":"product","link":"https:\/\/www.differences-solidaires.ch\/de\/produkt\/tandemski\/","title":{"rendered":"Tandemski"},"content":{"rendered":"<p>Tandemski aus zweiter Hand mit Skiern geliefert<\/p>\n<p>Option Breite CHF 100.00<\/p>\n<p>Option: K\u00e4lteschutzh\u00fclle CHF 100.00<\/p>\n<p>Die Benutzung dieser Maschine erfordert eine angepasste Schulung<\/p>\n","protected":false},"excerpt":{"rendered":"<p>Tandemski aus zweiter Hand mit Skiern geliefert Option Breite CHF 100.00 Option: K\u00e4lteschutzh\u00fclle CHF 100.00 Die Benutzung dieser Maschine erfordert&hellip;<\/p>\n","protected":false},"featured_media":5644,"comment_status":"closed","ping_status":"closed","template":"","meta":{"_acf_changed":false,"pgc_meta":""},"product_brand":[],"product_cat":[386],"product_tag":[],"class_list":{"0":"post-5711","1":"product","2":"type-product","3":"status-publish","4":"has-post-thumbnail","6":"product_cat-angepasste-sportgeraete","8":"first","9":"instock","10":"taxable","11":"shipping-taxable","12":"purchasable","13":"product-type-simple"},"acf":[],"yoast_head":"<!-- This site is optimized with the Yoast SEO plugin v24.5 - https:\/\/yoast.com\/wordpress\/plugins\/seo\/ -->\n<title>Tandemski - Association Diff\u00e9rences Solidaires<\/title>\n<meta name=\"robots\" content=\"index, follow, max-snippet:-1, max-image-preview:large, max-video-preview:-1\" \/>\n<link rel=\"canonical\" href=\"https:\/\/www.differences-solidaires.ch\/de\/produkt\/tandemski\/\" \/>\n<meta property=\"og:locale\" content=\"de_DE\" \/>\n<meta property=\"og:type\" content=\"article\" \/>\n<meta property=\"og:title\" content=\"Tandemski - Association Diff\u00e9rences Solidaires\" \/>\n<meta property=\"og:description\" content=\"Tandemski aus zweiter Hand mit Skiern geliefert Option Breite CHF 100.00 Option: K\u00e4lteschutzh\u00fclle CHF 100.00 Die Benutzung dieser Maschine erfordert&hellip;\" \/>\n<meta property=\"og:url\" content=\"https:\/\/www.differences-solidaires.ch\/de\/produkt\/tandemski\/\" \/>\n<meta property=\"og:site_name\" content=\"Association Diff\u00e9rences Solidaires\" \/>\n<meta property=\"article:modified_time\" content=\"2021-10-31T21:13:57+00:00\" \/>\n<meta property=\"og:image\" content=\"https:\/\/www.differences-solidaires.ch\/wp-content\/uploads\/2021\/10\/IMG_1817.jpg\" \/>\n\t<meta property=\"og:image:width\" content=\"640\" \/>\n\t<meta property=\"og:image:height\" content=\"480\" \/>\n\t<meta property=\"og:image:type\" content=\"image\/jpeg\" \/>\n<meta name=\"twitter:card\" content=\"summary_large_image\" \/>\n<script type=\"application\/ld+json\" class=\"yoast-schema-graph\">{\"@context\":\"https:\/\/schema.org\",\"@graph\":[{\"@type\":\"WebPage\",\"@id\":\"https:\/\/www.differences-solidaires.ch\/de\/produkt\/tandemski\/\",\"url\":\"https:\/\/www.differences-solidaires.ch\/de\/produkt\/tandemski\/\",\"name\":\"Tandemski - Association Diff\u00e9rences Solidaires\",\"isPartOf\":{\"@id\":\"https:\/\/www.differences-solidaires.ch\/de\/#website\"},\"primaryImageOfPage\":{\"@id\":\"https:\/\/www.differences-solidaires.ch\/de\/produkt\/tandemski\/#primaryimage\"},\"image\":{\"@id\":\"https:\/\/www.differences-solidaires.ch\/de\/produkt\/tandemski\/#primaryimage\"},\"thumbnailUrl\":\"https:\/\/www.differences-solidaires.ch\/wp-content\/uploads\/2021\/10\/IMG_1817.jpg\",\"datePublished\":\"2021-10-31T21:08:20+00:00\",\"dateModified\":\"2021-10-31T21:13:57+00:00\",\"breadcrumb\":{\"@id\":\"https:\/\/www.differences-solidaires.ch\/de\/produkt\/tandemski\/#breadcrumb\"},\"inLanguage\":\"de\",\"potentialAction\":[{\"@type\":\"ReadAction\",\"target\":[\"https:\/\/www.differences-solidaires.ch\/de\/produkt\/tandemski\/\"]}]},{\"@type\":\"ImageObject\",\"inLanguage\":\"de\",\"@id\":\"https:\/\/www.differences-solidaires.ch\/de\/produkt\/tandemski\/#primaryimage\",\"url\":\"https:\/\/www.differences-solidaires.ch\/wp-content\/uploads\/2021\/10\/IMG_1817.jpg\",\"contentUrl\":\"https:\/\/www.differences-solidaires.ch\/wp-content\/uploads\/2021\/10\/IMG_1817.jpg\",\"width\":640,\"height\":480},{\"@type\":\"BreadcrumbList\",\"@id\":\"https:\/\/www.differences-solidaires.ch\/de\/produkt\/tandemski\/#breadcrumb\",\"itemListElement\":[{\"@type\":\"ListItem\",\"position\":1,\"name\":\"Accueil\",\"item\":\"https:\/\/www.differences-solidaires.ch\/de\/\"},{\"@type\":\"ListItem\",\"position\":2,\"name\":\"Tandemski\"}]},{\"@type\":\"WebSite\",\"@id\":\"https:\/\/www.differences-solidaires.ch\/de\/#website\",\"url\":\"https:\/\/www.differences-solidaires.ch\/de\/\",\"name\":\"Association Diff\u00e9rences Solidaires\",\"description\":\"Activit\u00e9s sportives adapt\u00e9es\",\"potentialAction\":[{\"@type\":\"SearchAction\",\"target\":{\"@type\":\"EntryPoint\",\"urlTemplate\":\"https:\/\/www.differences-solidaires.ch\/de\/?s={search_term_string}\"},\"query-input\":{\"@type\":\"PropertyValueSpecification\",\"valueRequired\":true,\"valueName\":\"search_term_string\"}}],\"inLanguage\":\"de\"}]}<\/script>\n<!-- \/ Yoast SEO plugin. -->","yoast_head_json":{"title":"Tandemski - Association Diff\u00e9rences Solidaires","robots":{"index":"index","follow":"follow","max-snippet":"max-snippet:-1","max-image-preview":"max-image-preview:large","max-video-preview":"max-video-preview:-1"},"canonical":"https:\/\/www.differences-solidaires.ch\/de\/produkt\/tandemski\/","og_locale":"de_DE","og_type":"article","og_title":"Tandemski - Association Diff\u00e9rences Solidaires","og_description":"Tandemski aus zweiter Hand mit Skiern geliefert Option Breite CHF 100.00 Option: K\u00e4lteschutzh\u00fclle CHF 100.00 Die Benutzung dieser Maschine erfordert&hellip;","og_url":"https:\/\/www.differences-solidaires.ch\/de\/produkt\/tandemski\/","og_site_name":"Association Diff\u00e9rences Solidaires","article_modified_time":"2021-10-31T21:13:57+00:00","og_image":[{"width":640,"height":480,"url":"https:\/\/www.differences-solidaires.ch\/wp-content\/uploads\/2021\/10\/IMG_1817.jpg","type":"image\/jpeg"}],"twitter_card":"summary_large_image","schema":{"@context":"https:\/\/schema.org","@graph":[{"@type":"WebPage","@id":"https:\/\/www.differences-solidaires.ch\/de\/produkt\/tandemski\/","url":"https:\/\/www.differences-solidaires.ch\/de\/produkt\/tandemski\/","name":"Tandemski - Association Diff\u00e9rences Solidaires","isPartOf":{"@id":"https:\/\/www.differences-solidaires.ch\/de\/#website"},"primaryImageOfPage":{"@id":"https:\/\/www.differences-solidaires.ch\/de\/produkt\/tandemski\/#primaryimage"},"image":{"@id":"https:\/\/www.differences-solidaires.ch\/de\/produkt\/tandemski\/#primaryimage"},"thumbnailUrl":"https:\/\/www.differences-solidaires.ch\/wp-content\/uploads\/2021\/10\/IMG_1817.jpg","datePublished":"2021-10-31T21:08:20+00:00","dateModified":"2021-10-31T21:13:57+00:00","breadcrumb":{"@id":"https:\/\/www.differences-solidaires.ch\/de\/produkt\/tandemski\/#breadcrumb"},"inLanguage":"de","potentialAction":[{"@type":"ReadAction","target":["https:\/\/www.differences-solidaires.ch\/de\/produkt\/tandemski\/"]}]},{"@type":"ImageObject","inLanguage":"de","@id":"https:\/\/www.differences-solidaires.ch\/de\/produkt\/tandemski\/#primaryimage","url":"https:\/\/www.differences-solidaires.ch\/wp-content\/uploads\/2021\/10\/IMG_1817.jpg","contentUrl":"https:\/\/www.differences-solidaires.ch\/wp-content\/uploads\/2021\/10\/IMG_1817.jpg","width":640,"height":480},{"@type":"BreadcrumbList","@id":"https:\/\/www.differences-solidaires.ch\/de\/produkt\/tandemski\/#breadcrumb","itemListElement":[{"@type":"ListItem","position":1,"name":"Accueil","item":"https:\/\/www.differences-solidaires.ch\/de\/"},{"@type":"ListItem","position":2,"name":"Tandemski"}]},{"@type":"WebSite","@id":"https:\/\/www.differences-solidaires.ch\/de\/#website","url":"https:\/\/www.differences-solidaires.ch\/de\/","name":"Association Diff\u00e9rences Solidaires","description":"Activit\u00e9s sportives adapt\u00e9es","potentialAction":[{"@type":"SearchAction","target":{"@type":"EntryPoint","urlTemplate":"https:\/\/www.differences-solidaires.ch\/de\/?s={search_term_string}"},"query-input":{"@type":"PropertyValueSpecification","valueRequired":true,"valueName":"search_term_string"}}],"inLanguage":"de"}]}},"_links":{"self":[{"href":"https:\/\/www.differences-solidaires.ch\/de\/wp-json\/wp\/v2\/product\/5711","targetHints":{"allow":["GET"]}}],"collection":[{"href":"https:\/\/www.differences-solidaires.ch\/de\/wp-json\/wp\/v2\/product"}],"about":[{"href":"https:\/\/www.differences-solidaires.ch\/de\/wp-json\/wp\/v2\/types\/product"}],"replies":[{"embeddable":true,"href":"https:\/\/www.differences-solidaires.ch\/de\/wp-json\/wp\/v2\/comments?post=5711"}],"wp:featuredmedia":[{"embeddable":true,"href":"https:\/\/www.differences-solidaires.ch\/de\/wp-json\/wp\/v2\/media\/5644"}],"wp:attachment":[{"href":"https:\/\/www.differences-solidaires.ch\/de\/wp-json\/wp\/v2\/media?parent=5711"}],"wp:term":[{"taxonomy":"product_brand","embeddable":true,"href":"https:\/\/www.differences-solidaires.ch\/de\/wp-json\/wp\/v2\/product_brand?post=5711"},{"taxonomy":"product_cat","embeddable":true,"href":"https:\/\/www.differences-solidaires.ch\/de\/wp-json\/wp\/v2\/product_cat?post=5711"},{"taxonomy":"product_tag","embeddable":true,"href":"https:\/\/www.differences-solidaires.ch\/de\/wp-json\/wp\/v2\/product_tag?post=5711"}],"curies":[{"name":"wp","href":"https:\/\/api.w.org\/{rel}","templated":true}]}}