{"id":4805,"date":"2020-09-26T20:32:04","date_gmt":"2020-09-26T18:32:04","guid":{"rendered":"https:\/\/www.differences-solidaires.ch\/product\/herren-skihosen\/"},"modified":"2020-09-26T20:32:04","modified_gmt":"2020-09-26T18:32:04","slug":"herren-skihosen","status":"publish","type":"product","link":"https:\/\/www.differences-solidaires.ch\/de\/produkt\/herren-skihosen\/","title":{"rendered":"Herren-Skihosen"},"content":{"rendered":"<p>Dieses Produkt ist f\u00fcr aktive Piloten bei Diff\u00e9rences Solidaires reserviert<\/p>\n","protected":false},"excerpt":{"rendered":"<p>Dieses Produkt ist f\u00fcr aktive Piloten bei Diff\u00e9rences Solidaires reserviert<\/p>\n","protected":false},"featured_media":2507,"comment_status":"closed","ping_status":"closed","template":"","meta":{"_acf_changed":false,"pgc_meta":""},"product_brand":[],"product_cat":[395],"product_tag":[],"class_list":{"0":"post-4805","1":"product","2":"type-product","3":"status-publish","4":"has-post-thumbnail","6":"product_cat-ski-kleidung","8":"first","9":"instock","10":"sale","11":"taxable","12":"shipping-taxable","13":"purchasable","14":"product-type-variable"},"acf":[],"yoast_head":"<!-- This site is optimized with the Yoast SEO plugin v24.5 - https:\/\/yoast.com\/wordpress\/plugins\/seo\/ -->\n<title>Herren-Skihosen - Association Diff\u00e9rences Solidaires<\/title>\n<meta name=\"robots\" content=\"index, follow, max-snippet:-1, max-image-preview:large, max-video-preview:-1\" \/>\n<link rel=\"canonical\" href=\"https:\/\/www.differences-solidaires.ch\/de\/produkt\/herren-skihosen\/\" \/>\n<meta property=\"og:locale\" content=\"de_DE\" \/>\n<meta property=\"og:type\" content=\"article\" \/>\n<meta property=\"og:title\" content=\"Herren-Skihosen - Association Diff\u00e9rences Solidaires\" \/>\n<meta property=\"og:description\" content=\"Dieses Produkt ist f\u00fcr aktive Piloten bei Diff\u00e9rences Solidaires reserviert\" \/>\n<meta property=\"og:url\" content=\"https:\/\/www.differences-solidaires.ch\/de\/produkt\/herren-skihosen\/\" \/>\n<meta property=\"og:site_name\" content=\"Association Diff\u00e9rences Solidaires\" \/>\n<meta property=\"og:image\" content=\"https:\/\/www.differences-solidaires.ch\/wp-content\/uploads\/2020\/09\/pantalon_homme.jpeg\" \/>\n\t<meta property=\"og:image:width\" content=\"253\" \/>\n\t<meta property=\"og:image:height\" content=\"654\" \/>\n\t<meta property=\"og:image:type\" content=\"image\/jpeg\" \/>\n<meta name=\"twitter:card\" content=\"summary_large_image\" \/>\n<script type=\"application\/ld+json\" class=\"yoast-schema-graph\">{\"@context\":\"https:\/\/schema.org\",\"@graph\":[{\"@type\":\"WebPage\",\"@id\":\"https:\/\/www.differences-solidaires.ch\/de\/produkt\/herren-skihosen\/\",\"url\":\"https:\/\/www.differences-solidaires.ch\/de\/produkt\/herren-skihosen\/\",\"name\":\"Herren-Skihosen - Association Diff\u00e9rences Solidaires\",\"isPartOf\":{\"@id\":\"https:\/\/www.differences-solidaires.ch\/de\/#website\"},\"primaryImageOfPage\":{\"@id\":\"https:\/\/www.differences-solidaires.ch\/de\/produkt\/herren-skihosen\/#primaryimage\"},\"image\":{\"@id\":\"https:\/\/www.differences-solidaires.ch\/de\/produkt\/herren-skihosen\/#primaryimage\"},\"thumbnailUrl\":\"https:\/\/www.differences-solidaires.ch\/wp-content\/uploads\/2020\/09\/pantalon_homme.jpeg\",\"datePublished\":\"2020-09-26T18:32:04+00:00\",\"breadcrumb\":{\"@id\":\"https:\/\/www.differences-solidaires.ch\/de\/produkt\/herren-skihosen\/#breadcrumb\"},\"inLanguage\":\"de\",\"potentialAction\":[{\"@type\":\"ReadAction\",\"target\":[\"https:\/\/www.differences-solidaires.ch\/de\/produkt\/herren-skihosen\/\"]}]},{\"@type\":\"ImageObject\",\"inLanguage\":\"de\",\"@id\":\"https:\/\/www.differences-solidaires.ch\/de\/produkt\/herren-skihosen\/#primaryimage\",\"url\":\"https:\/\/www.differences-solidaires.ch\/wp-content\/uploads\/2020\/09\/pantalon_homme.jpeg\",\"contentUrl\":\"https:\/\/www.differences-solidaires.ch\/wp-content\/uploads\/2020\/09\/pantalon_homme.jpeg\",\"width\":253,\"height\":654},{\"@type\":\"BreadcrumbList\",\"@id\":\"https:\/\/www.differences-solidaires.ch\/de\/produkt\/herren-skihosen\/#breadcrumb\",\"itemListElement\":[{\"@type\":\"ListItem\",\"position\":1,\"name\":\"Accueil\",\"item\":\"https:\/\/www.differences-solidaires.ch\/de\/\"},{\"@type\":\"ListItem\",\"position\":2,\"name\":\"Herren-Skihosen\"}]},{\"@type\":\"WebSite\",\"@id\":\"https:\/\/www.differences-solidaires.ch\/de\/#website\",\"url\":\"https:\/\/www.differences-solidaires.ch\/de\/\",\"name\":\"Association Diff\u00e9rences Solidaires\",\"description\":\"Activit\u00e9s sportives adapt\u00e9es\",\"potentialAction\":[{\"@type\":\"SearchAction\",\"target\":{\"@type\":\"EntryPoint\",\"urlTemplate\":\"https:\/\/www.differences-solidaires.ch\/de\/?s={search_term_string}\"},\"query-input\":{\"@type\":\"PropertyValueSpecification\",\"valueRequired\":true,\"valueName\":\"search_term_string\"}}],\"inLanguage\":\"de\"}]}<\/script>\n<!-- \/ Yoast SEO plugin. -->","yoast_head_json":{"title":"Herren-Skihosen - Association Diff\u00e9rences Solidaires","robots":{"index":"index","follow":"follow","max-snippet":"max-snippet:-1","max-image-preview":"max-image-preview:large","max-video-preview":"max-video-preview:-1"},"canonical":"https:\/\/www.differences-solidaires.ch\/de\/produkt\/herren-skihosen\/","og_locale":"de_DE","og_type":"article","og_title":"Herren-Skihosen - Association Diff\u00e9rences Solidaires","og_description":"Dieses Produkt ist f\u00fcr aktive Piloten bei Diff\u00e9rences Solidaires reserviert","og_url":"https:\/\/www.differences-solidaires.ch\/de\/produkt\/herren-skihosen\/","og_site_name":"Association Diff\u00e9rences Solidaires","og_image":[{"width":253,"height":654,"url":"https:\/\/www.differences-solidaires.ch\/wp-content\/uploads\/2020\/09\/pantalon_homme.jpeg","type":"image\/jpeg"}],"twitter_card":"summary_large_image","schema":{"@context":"https:\/\/schema.org","@graph":[{"@type":"WebPage","@id":"https:\/\/www.differences-solidaires.ch\/de\/produkt\/herren-skihosen\/","url":"https:\/\/www.differences-solidaires.ch\/de\/produkt\/herren-skihosen\/","name":"Herren-Skihosen - Association Diff\u00e9rences Solidaires","isPartOf":{"@id":"https:\/\/www.differences-solidaires.ch\/de\/#website"},"primaryImageOfPage":{"@id":"https:\/\/www.differences-solidaires.ch\/de\/produkt\/herren-skihosen\/#primaryimage"},"image":{"@id":"https:\/\/www.differences-solidaires.ch\/de\/produkt\/herren-skihosen\/#primaryimage"},"thumbnailUrl":"https:\/\/www.differences-solidaires.ch\/wp-content\/uploads\/2020\/09\/pantalon_homme.jpeg","datePublished":"2020-09-26T18:32:04+00:00","breadcrumb":{"@id":"https:\/\/www.differences-solidaires.ch\/de\/produkt\/herren-skihosen\/#breadcrumb"},"inLanguage":"de","potentialAction":[{"@type":"ReadAction","target":["https:\/\/www.differences-solidaires.ch\/de\/produkt\/herren-skihosen\/"]}]},{"@type":"ImageObject","inLanguage":"de","@id":"https:\/\/www.differences-solidaires.ch\/de\/produkt\/herren-skihosen\/#primaryimage","url":"https:\/\/www.differences-solidaires.ch\/wp-content\/uploads\/2020\/09\/pantalon_homme.jpeg","contentUrl":"https:\/\/www.differences-solidaires.ch\/wp-content\/uploads\/2020\/09\/pantalon_homme.jpeg","width":253,"height":654},{"@type":"BreadcrumbList","@id":"https:\/\/www.differences-solidaires.ch\/de\/produkt\/herren-skihosen\/#breadcrumb","itemListElement":[{"@type":"ListItem","position":1,"name":"Accueil","item":"https:\/\/www.differences-solidaires.ch\/de\/"},{"@type":"ListItem","position":2,"name":"Herren-Skihosen"}]},{"@type":"WebSite","@id":"https:\/\/www.differences-solidaires.ch\/de\/#website","url":"https:\/\/www.differences-solidaires.ch\/de\/","name":"Association Diff\u00e9rences Solidaires","description":"Activit\u00e9s sportives adapt\u00e9es","potentialAction":[{"@type":"SearchAction","target":{"@type":"EntryPoint","urlTemplate":"https:\/\/www.differences-solidaires.ch\/de\/?s={search_term_string}"},"query-input":{"@type":"PropertyValueSpecification","valueRequired":true,"valueName":"search_term_string"}}],"inLanguage":"de"}]}},"_links":{"self":[{"href":"https:\/\/www.differences-solidaires.ch\/de\/wp-json\/wp\/v2\/product\/4805","targetHints":{"allow":["GET"]}}],"collection":[{"href":"https:\/\/www.differences-solidaires.ch\/de\/wp-json\/wp\/v2\/product"}],"about":[{"href":"https:\/\/www.differences-solidaires.ch\/de\/wp-json\/wp\/v2\/types\/product"}],"replies":[{"embeddable":true,"href":"https:\/\/www.differences-solidaires.ch\/de\/wp-json\/wp\/v2\/comments?post=4805"}],"wp:featuredmedia":[{"embeddable":true,"href":"https:\/\/www.differences-solidaires.ch\/de\/wp-json\/wp\/v2\/media\/2507"}],"wp:attachment":[{"href":"https:\/\/www.differences-solidaires.ch\/de\/wp-json\/wp\/v2\/media?parent=4805"}],"wp:term":[{"taxonomy":"product_brand","embeddable":true,"href":"https:\/\/www.differences-solidaires.ch\/de\/wp-json\/wp\/v2\/product_brand?post=4805"},{"taxonomy":"product_cat","embeddable":true,"href":"https:\/\/www.differences-solidaires.ch\/de\/wp-json\/wp\/v2\/product_cat?post=4805"},{"taxonomy":"product_tag","embeddable":true,"href":"https:\/\/www.differences-solidaires.ch\/de\/wp-json\/wp\/v2\/product_tag?post=4805"}],"curies":[{"name":"wp","href":"https:\/\/api.w.org\/{rel}","templated":true}]}}