{"id":4092,"date":"2021-04-06T18:15:25","date_gmt":"2021-04-06T16:15:25","guid":{"rendered":"https:\/\/www.differences-solidaires.ch\/?page_id=4092"},"modified":"2022-03-09T23:06:56","modified_gmt":"2022-03-09T22:06:56","slug":"quadrix-axcess-wanderweg","status":"publish","type":"page","link":"https:\/\/www.differences-solidaires.ch\/de\/dienstleistungen\/quadrix-axcess-wanderweg\/","title":{"rendered":"Quadrix Axcess Wanderweg"},"content":{"rendered":"<p>[vc_row][vc_column][vc_column_text]<\/p>\n<p><span style=\"font-size: 14pt; color: #ff6600;\"><strong>Quadrix Axcess Wanderweg<\/strong><\/span><\/p>\n<p>Diff\u00e9rences Solidaires wollte schnell sportliche Aktivit\u00e4ten vorschlagen, bei denen die Beg\u00fcnstigten selbstst\u00e4ndig sein k\u00f6nnen. Der Quadrix Axcess ist eine dieser Aktivit\u00e4ten. Dieser gel\u00e4ndeg\u00e4ngige Rollstuhl wurde speziell f\u00fcr den sicheren Einsatz konzipiert. Es kann jedoch die Anwesenheit einer speziell geschulten Begleitperson erforderlich sein, um Fehler zu vermeiden und den Fahrern bei Bedarf zu helfen.<\/p>\n<p>Wir m\u00f6chten die Anwender darauf hinweisen, dass vor jeder Fahrt mit Quadrix Axcess unbedingt eine Erkundung durchgef\u00fchrt werden muss. In der Tat kann sich das Gel\u00e4nde zwischen der Ausstrahlung unserer Reiseroute und Ihrer Fahrt ver\u00e4ndern (neue Z\u00e4une, umgest\u00fcrzte B\u00e4ume, Steinschlag&#8230;) und Ihre Fahrt viel schwieriger machen als erwartet. Wir w\u00e4ren Ihnen dankbar, wenn Sie sich mit uns in Verbindung setzen k\u00f6nnten, wenn Sie Abweichungen zwischen der vorgeschlagenen Route und der Realit\u00e4t des Gel\u00e4ndes feststellen.<\/p>\n<p>Diese Routen werden kostenlos zur Verf\u00fcgung gestellt, aber Sie k\u00f6nnen unsere Tracking-Aktion mit einer Spende unterst\u00fctzen.<\/p>\n<p>Wir bedanken uns bei Suisse Mobile, die gro\u00dfz\u00fcgig zugestimmt hat, dass wir diese Routen auf unserer Website verwenden d\u00fcrfen. Sie k\u00f6nnen die Anwendung auf Ihre verschiedenen Ger\u00e4te herunterladen, um unsere Karten zu lesen.<\/p>\n<p>Suisse Mobile Plus: https:\/\/www.suissemobileplus.ch\/schweizmobilplus\/vorteile.html<\/p>\n<p>[\/vc_column_text][vc_basic_grid post_type=&#8220;post&#8220; max_items=&#8220;24&#8243; show_filter=&#8220;yes&#8220; gap=&#8220;35&#8243; filter_style=&#8220;filled-rounded&#8220; filter_color=&#8220;orange&#8220; grid_id=&#8220;vc_gid:1646863608933-596878ce-b54e-1&#8243; taxonomies=&#8220;79&#8243; filter_source=&#8220;category&#8220;][\/vc_column][\/vc_row]<\/p>\n","protected":false},"excerpt":{"rendered":"<p>[vc_row][vc_column][vc_column_text] Quadrix Axcess Wanderweg Diff\u00e9rences Solidaires wollte schnell sportliche Aktivit\u00e4ten vorschlagen, bei denen die Beg\u00fcnstigten selbstst\u00e4ndig sein k\u00f6nnen. Der Quadrix&hellip;<\/p>\n","protected":false},"author":20,"featured_media":2431,"parent":3547,"menu_order":0,"comment_status":"closed","ping_status":"closed","template":"","meta":{"_acf_changed":false,"pgc_meta":"","footnotes":""},"class_list":["post-4092","page","type-page","status-publish","has-post-thumbnail","hentry"],"acf":[],"pgc_meta":"","yoast_head":"<!-- This site is optimized with the Yoast SEO plugin v24.5 - https:\/\/yoast.com\/wordpress\/plugins\/seo\/ -->\n<title>Quadrix Axcess Wanderweg - Association Diff\u00e9rences Solidaires<\/title>\n<meta name=\"robots\" content=\"index, follow, max-snippet:-1, max-image-preview:large, max-video-preview:-1\" \/>\n<link rel=\"canonical\" href=\"https:\/\/www.differences-solidaires.ch\/de\/dienstleistungen\/quadrix-axcess-wanderweg\/\" \/>\n<meta property=\"og:locale\" content=\"de_DE\" \/>\n<meta property=\"og:type\" content=\"article\" \/>\n<meta property=\"og:title\" content=\"Quadrix Axcess Wanderweg - Association Diff\u00e9rences Solidaires\" \/>\n<meta property=\"og:description\" content=\"[vc_row][vc_column][vc_column_text] Quadrix Axcess Wanderweg Diff\u00e9rences Solidaires wollte schnell sportliche Aktivit\u00e4ten vorschlagen, bei denen die Beg\u00fcnstigten selbstst\u00e4ndig sein k\u00f6nnen. Der Quadrix&hellip;\" \/>\n<meta property=\"og:url\" content=\"https:\/\/www.differences-solidaires.ch\/de\/dienstleistungen\/quadrix-axcess-wanderweg\/\" \/>\n<meta property=\"og:site_name\" content=\"Association Diff\u00e9rences Solidaires\" \/>\n<meta property=\"article:modified_time\" content=\"2022-03-09T22:06:56+00:00\" \/>\n<meta property=\"og:image\" content=\"https:\/\/www.differences-solidaires.ch\/wp-content\/uploads\/2020\/08\/IMG_2836-scaled.jpg\" \/>\n\t<meta property=\"og:image:width\" content=\"1920\" \/>\n\t<meta property=\"og:image:height\" content=\"2560\" \/>\n\t<meta property=\"og:image:type\" content=\"image\/jpeg\" \/>\n<meta name=\"twitter:card\" content=\"summary_large_image\" \/>\n<meta name=\"twitter:label1\" content=\"Gesch\u00e4tzte Lesezeit\" \/>\n\t<meta name=\"twitter:data1\" content=\"1\u00a0Minute\" \/>\n<script type=\"application\/ld+json\" class=\"yoast-schema-graph\">{\"@context\":\"https:\/\/schema.org\",\"@graph\":[{\"@type\":\"WebPage\",\"@id\":\"https:\/\/www.differences-solidaires.ch\/de\/dienstleistungen\/quadrix-axcess-wanderweg\/\",\"url\":\"https:\/\/www.differences-solidaires.ch\/de\/dienstleistungen\/quadrix-axcess-wanderweg\/\",\"name\":\"Quadrix Axcess Wanderweg - Association Diff\u00e9rences Solidaires\",\"isPartOf\":{\"@id\":\"https:\/\/www.differences-solidaires.ch\/de\/#website\"},\"primaryImageOfPage\":{\"@id\":\"https:\/\/www.differences-solidaires.ch\/de\/dienstleistungen\/quadrix-axcess-wanderweg\/#primaryimage\"},\"image\":{\"@id\":\"https:\/\/www.differences-solidaires.ch\/de\/dienstleistungen\/quadrix-axcess-wanderweg\/#primaryimage\"},\"thumbnailUrl\":\"https:\/\/www.differences-solidaires.ch\/wp-content\/uploads\/2020\/08\/IMG_2836-scaled.jpg\",\"datePublished\":\"2021-04-06T16:15:25+00:00\",\"dateModified\":\"2022-03-09T22:06:56+00:00\",\"breadcrumb\":{\"@id\":\"https:\/\/www.differences-solidaires.ch\/de\/dienstleistungen\/quadrix-axcess-wanderweg\/#breadcrumb\"},\"inLanguage\":\"de\",\"potentialAction\":[{\"@type\":\"ReadAction\",\"target\":[\"https:\/\/www.differences-solidaires.ch\/de\/dienstleistungen\/quadrix-axcess-wanderweg\/\"]}]},{\"@type\":\"ImageObject\",\"inLanguage\":\"de\",\"@id\":\"https:\/\/www.differences-solidaires.ch\/de\/dienstleistungen\/quadrix-axcess-wanderweg\/#primaryimage\",\"url\":\"https:\/\/www.differences-solidaires.ch\/wp-content\/uploads\/2020\/08\/IMG_2836-scaled.jpg\",\"contentUrl\":\"https:\/\/www.differences-solidaires.ch\/wp-content\/uploads\/2020\/08\/IMG_2836-scaled.jpg\",\"width\":1920,\"height\":2560},{\"@type\":\"BreadcrumbList\",\"@id\":\"https:\/\/www.differences-solidaires.ch\/de\/dienstleistungen\/quadrix-axcess-wanderweg\/#breadcrumb\",\"itemListElement\":[{\"@type\":\"ListItem\",\"position\":1,\"name\":\"Accueil\",\"item\":\"https:\/\/www.differences-solidaires.ch\/de\/\"},{\"@type\":\"ListItem\",\"position\":2,\"name\":\"Dienstleistungen\",\"item\":\"https:\/\/www.differences-solidaires.ch\/de\/dienstleistungen\/\"},{\"@type\":\"ListItem\",\"position\":3,\"name\":\"Quadrix Axcess Wanderweg\"}]},{\"@type\":\"WebSite\",\"@id\":\"https:\/\/www.differences-solidaires.ch\/de\/#website\",\"url\":\"https:\/\/www.differences-solidaires.ch\/de\/\",\"name\":\"Association Diff\u00e9rences Solidaires\",\"description\":\"Activit\u00e9s sportives adapt\u00e9es\",\"potentialAction\":[{\"@type\":\"SearchAction\",\"target\":{\"@type\":\"EntryPoint\",\"urlTemplate\":\"https:\/\/www.differences-solidaires.ch\/de\/?s={search_term_string}\"},\"query-input\":{\"@type\":\"PropertyValueSpecification\",\"valueRequired\":true,\"valueName\":\"search_term_string\"}}],\"inLanguage\":\"de\"}]}<\/script>\n<!-- \/ Yoast SEO plugin. -->","yoast_head_json":{"title":"Quadrix Axcess Wanderweg - Association Diff\u00e9rences Solidaires","robots":{"index":"index","follow":"follow","max-snippet":"max-snippet:-1","max-image-preview":"max-image-preview:large","max-video-preview":"max-video-preview:-1"},"canonical":"https:\/\/www.differences-solidaires.ch\/de\/dienstleistungen\/quadrix-axcess-wanderweg\/","og_locale":"de_DE","og_type":"article","og_title":"Quadrix Axcess Wanderweg - Association Diff\u00e9rences Solidaires","og_description":"[vc_row][vc_column][vc_column_text] Quadrix Axcess Wanderweg Diff\u00e9rences Solidaires wollte schnell sportliche Aktivit\u00e4ten vorschlagen, bei denen die Beg\u00fcnstigten selbstst\u00e4ndig sein k\u00f6nnen. Der Quadrix&hellip;","og_url":"https:\/\/www.differences-solidaires.ch\/de\/dienstleistungen\/quadrix-axcess-wanderweg\/","og_site_name":"Association Diff\u00e9rences Solidaires","article_modified_time":"2022-03-09T22:06:56+00:00","og_image":[{"width":1920,"height":2560,"url":"https:\/\/www.differences-solidaires.ch\/wp-content\/uploads\/2020\/08\/IMG_2836-scaled.jpg","type":"image\/jpeg"}],"twitter_card":"summary_large_image","twitter_misc":{"Gesch\u00e4tzte Lesezeit":"1\u00a0Minute"},"schema":{"@context":"https:\/\/schema.org","@graph":[{"@type":"WebPage","@id":"https:\/\/www.differences-solidaires.ch\/de\/dienstleistungen\/quadrix-axcess-wanderweg\/","url":"https:\/\/www.differences-solidaires.ch\/de\/dienstleistungen\/quadrix-axcess-wanderweg\/","name":"Quadrix Axcess Wanderweg - Association Diff\u00e9rences Solidaires","isPartOf":{"@id":"https:\/\/www.differences-solidaires.ch\/de\/#website"},"primaryImageOfPage":{"@id":"https:\/\/www.differences-solidaires.ch\/de\/dienstleistungen\/quadrix-axcess-wanderweg\/#primaryimage"},"image":{"@id":"https:\/\/www.differences-solidaires.ch\/de\/dienstleistungen\/quadrix-axcess-wanderweg\/#primaryimage"},"thumbnailUrl":"https:\/\/www.differences-solidaires.ch\/wp-content\/uploads\/2020\/08\/IMG_2836-scaled.jpg","datePublished":"2021-04-06T16:15:25+00:00","dateModified":"2022-03-09T22:06:56+00:00","breadcrumb":{"@id":"https:\/\/www.differences-solidaires.ch\/de\/dienstleistungen\/quadrix-axcess-wanderweg\/#breadcrumb"},"inLanguage":"de","potentialAction":[{"@type":"ReadAction","target":["https:\/\/www.differences-solidaires.ch\/de\/dienstleistungen\/quadrix-axcess-wanderweg\/"]}]},{"@type":"ImageObject","inLanguage":"de","@id":"https:\/\/www.differences-solidaires.ch\/de\/dienstleistungen\/quadrix-axcess-wanderweg\/#primaryimage","url":"https:\/\/www.differences-solidaires.ch\/wp-content\/uploads\/2020\/08\/IMG_2836-scaled.jpg","contentUrl":"https:\/\/www.differences-solidaires.ch\/wp-content\/uploads\/2020\/08\/IMG_2836-scaled.jpg","width":1920,"height":2560},{"@type":"BreadcrumbList","@id":"https:\/\/www.differences-solidaires.ch\/de\/dienstleistungen\/quadrix-axcess-wanderweg\/#breadcrumb","itemListElement":[{"@type":"ListItem","position":1,"name":"Accueil","item":"https:\/\/www.differences-solidaires.ch\/de\/"},{"@type":"ListItem","position":2,"name":"Dienstleistungen","item":"https:\/\/www.differences-solidaires.ch\/de\/dienstleistungen\/"},{"@type":"ListItem","position":3,"name":"Quadrix Axcess Wanderweg"}]},{"@type":"WebSite","@id":"https:\/\/www.differences-solidaires.ch\/de\/#website","url":"https:\/\/www.differences-solidaires.ch\/de\/","name":"Association Diff\u00e9rences Solidaires","description":"Activit\u00e9s sportives adapt\u00e9es","potentialAction":[{"@type":"SearchAction","target":{"@type":"EntryPoint","urlTemplate":"https:\/\/www.differences-solidaires.ch\/de\/?s={search_term_string}"},"query-input":{"@type":"PropertyValueSpecification","valueRequired":true,"valueName":"search_term_string"}}],"inLanguage":"de"}]}},"_links":{"self":[{"href":"https:\/\/www.differences-solidaires.ch\/de\/wp-json\/wp\/v2\/pages\/4092","targetHints":{"allow":["GET"]}}],"collection":[{"href":"https:\/\/www.differences-solidaires.ch\/de\/wp-json\/wp\/v2\/pages"}],"about":[{"href":"https:\/\/www.differences-solidaires.ch\/de\/wp-json\/wp\/v2\/types\/page"}],"author":[{"embeddable":true,"href":"https:\/\/www.differences-solidaires.ch\/de\/wp-json\/wp\/v2\/users\/20"}],"replies":[{"embeddable":true,"href":"https:\/\/www.differences-solidaires.ch\/de\/wp-json\/wp\/v2\/comments?post=4092"}],"version-history":[{"count":3,"href":"https:\/\/www.differences-solidaires.ch\/de\/wp-json\/wp\/v2\/pages\/4092\/revisions"}],"predecessor-version":[{"id":6028,"href":"https:\/\/www.differences-solidaires.ch\/de\/wp-json\/wp\/v2\/pages\/4092\/revisions\/6028"}],"up":[{"embeddable":true,"href":"https:\/\/www.differences-solidaires.ch\/de\/wp-json\/wp\/v2\/pages\/3547"}],"wp:featuredmedia":[{"embeddable":true,"href":"https:\/\/www.differences-solidaires.ch\/de\/wp-json\/wp\/v2\/media\/2431"}],"wp:attachment":[{"href":"https:\/\/www.differences-solidaires.ch\/de\/wp-json\/wp\/v2\/media?parent=4092"}],"curies":[{"name":"wp","href":"https:\/\/api.w.org\/{rel}","templated":true}]}}