{"id":3402,"date":"2021-04-05T19:09:19","date_gmt":"2021-04-05T17:09:19","guid":{"rendered":"https:\/\/www.differences-solidaires.ch\/?page_id=3402"},"modified":"2024-02-26T22:29:56","modified_gmt":"2024-02-26T21:29:56","slug":"eine-spende-machen","status":"publish","type":"page","link":"https:\/\/www.differences-solidaires.ch\/de\/eine-spende-machen\/","title":{"rendered":"Eine Spende machen"},"content":{"rendered":"<p><strong>Da jeder Mensch ein Recht auf die Freude an sportlichen Aktivit\u00e4ten hat, setzt sich Diff\u00e9rences Solidaires f\u00fcr Menschen mit besonderen Bed\u00fcrfnissen ein.<\/strong><\/p>\n<p>Der Vorstand von Diff\u00e9rences Solidaires dankt Ihnen im Voraus f\u00fcr Ihre Unterst\u00fctzung.<\/p>\n<p>Mit CHF 120.- (10.- \/ Monat) schenken Sie einer beg\u00fcnstigten Person eine Stunde Aktivit\u00e4t.<\/p>\n<p>Mit CHF 700.- schenken Sie einen Tag Aktivit\u00e4t.<\/p>\n<p>Mit CHF 1&#8217;500.- erm\u00f6glichen Sie drei Beg\u00fcnstigten und 10 Freiwilligen die Teilnahme an einem Tag mit einer Jo\u00eblette-Wanderung mit einem Bergf\u00fchrer und einem leckeren Pic-Nic.<\/p>\n<p>Mit CHF 3&#8217;000 erm\u00f6glichen Sie einem Beg\u00fcnstigten die Teilnahme an einer Woche Sportlager.<\/p>\n<p>Mit CHF 8 bis 15&#8217;000 &#8211; schenken Sie eine angepasste Sportausr\u00fcstung (Jo\u00eblette, Tandemski, Dualski, Cimgo, Quadrix&#8230;).<\/p>\n<p>Dank Swissdonations wird Ihre gesamte Spende an Diff\u00e9rences Solidaires \u00fcberwiesen.<\/p>\n<a class=\"maxbutton-2 maxbutton maxbutton-donnez-maintenant\" target=\"_blank\" rel=\"noopener\" href=\"https:\/\/swissdonations.ch\/de\/donate\"><span class='mb-text'>JETZT SPENDEN<\/span><\/a>\n<p>Wenn unser Anliegen Sie anspricht und Sie uns unterst\u00fctzen m\u00f6chten, k\u00f6nnen Sie eine Spende zugunsten unserer Beg\u00fcnstigten machen. Jeder Franken z\u00e4hlt und alle Spenden, auch die kleinsten, helfen uns, unsere Ziele zu erreichen. Ob frei oder gezielt (zugunsten einer bestimmten Person oder Aktivit\u00e4t, zugunsten von Bewohnern bestimmter Kantone oder eines bestimmten Projekts&#8230;) Sie k\u00f6nnen sicher sein, dass Ihr Beitrag wunschgem\u00e4ss eingesetzt wird.<\/p>\n<p>Unser Verein ist als gemeinn\u00fctzig anerkannt. Als solche sind Spenden an sie steuerlich absetzbar. Bitte geben Sie uns an, ob Sie eine Bescheinigung w\u00fcnschen. Spenden, die \u00fcber Twint get\u00e4tigt werden, werden zeitlich verschoben und Twint erhebt eine Provision. Sie k\u00f6nnen sich daf\u00fcr entscheiden, die Provisionskosten zu \u00fcbernehmen, um sicherzustellen, dass wir Ihre Spende in voller H\u00f6he erhalten.<\/p>\n<p>Sie k\u00f6nnen auch eine Bank\u00fcberweisung auf das unten genannte Konto t\u00e4tigen.<\/p>\n<p><strong>Association Diff\u00e9rences Solidaires<br \/>\n<\/strong>1653 Cr\u00e9suz<\/p>\n<p><strong>IBAN :\u00a0<\/strong>CH94 0076 8300 1621 9090 7<\/p>\n<p><img loading=\"lazy\" decoding=\"async\" class=\"alignnone size-thumbnail wp-image-6572\" src=\"https:\/\/www.differences-solidaires.ch\/wp-content\/uploads\/2022\/11\/qr-code-ds_Page_2-150x150.png\" sizes=\"auto, (max-width: 150px) 100vw, 150px\" srcset=\"https:\/\/www.differences-solidaires.ch\/wp-content\/uploads\/2022\/11\/qr-code-ds_Page_2-150x150.png 150w, https:\/\/www.differences-solidaires.ch\/wp-content\/uploads\/2022\/11\/qr-code-ds_Page_2-300x300.png 300w, https:\/\/www.differences-solidaires.ch\/wp-content\/uploads\/2022\/11\/qr-code-ds_Page_2-100x100.png 100w, https:\/\/www.differences-solidaires.ch\/wp-content\/uploads\/2022\/11\/qr-code-ds_Page_2-61x60.png 61w\" alt=\"\" width=\"150\" height=\"150\" \/><\/p>\n<p><img loading=\"lazy\" decoding=\"async\" class=\"size-large wp-image-2240 aligncenter\" src=\"https:\/\/www.differences-solidaires.ch\/wp-content\/uploads\/2020\/08\/20170803_132432369_iOS-1024x768.jpg\" alt=\"\" width=\"640\" height=\"480\" srcset=\"https:\/\/www.differences-solidaires.ch\/wp-content\/uploads\/2020\/08\/20170803_132432369_iOS-1024x768.jpg 1024w, https:\/\/www.differences-solidaires.ch\/wp-content\/uploads\/2020\/08\/20170803_132432369_iOS-scaled-600x450.jpg 600w, https:\/\/www.differences-solidaires.ch\/wp-content\/uploads\/2020\/08\/20170803_132432369_iOS-300x225.jpg 300w, https:\/\/www.differences-solidaires.ch\/wp-content\/uploads\/2020\/08\/20170803_132432369_iOS-768x576.jpg 768w, https:\/\/www.differences-solidaires.ch\/wp-content\/uploads\/2020\/08\/20170803_132432369_iOS-1536x1152.jpg 1536w, https:\/\/www.differences-solidaires.ch\/wp-content\/uploads\/2020\/08\/20170803_132432369_iOS-2048x1536.jpg 2048w\" sizes=\"auto, (max-width: 640px) 100vw, 640px\" \/><\/p>\n","protected":false},"excerpt":{"rendered":"<p>Da jeder Mensch ein Recht auf die Freude an sportlichen Aktivit\u00e4ten hat, setzt sich Diff\u00e9rences Solidaires f\u00fcr Menschen mit besonderen&hellip;<\/p>\n","protected":false},"author":20,"featured_media":0,"parent":0,"menu_order":0,"comment_status":"closed","ping_status":"closed","template":"","meta":{"_acf_changed":false,"pgc_meta":"","footnotes":""},"class_list":["post-3402","page","type-page","status-publish","hentry"],"acf":[],"pgc_meta":"","yoast_head":"<!-- This site is optimized with the Yoast SEO plugin v24.5 - https:\/\/yoast.com\/wordpress\/plugins\/seo\/ -->\n<title>Eine Spende machen - Association Diff\u00e9rences Solidaires<\/title>\n<meta name=\"robots\" content=\"index, follow, max-snippet:-1, max-image-preview:large, max-video-preview:-1\" \/>\n<link rel=\"canonical\" href=\"https:\/\/www.differences-solidaires.ch\/de\/eine-spende-machen\/\" \/>\n<meta property=\"og:locale\" content=\"de_DE\" \/>\n<meta property=\"og:type\" content=\"article\" \/>\n<meta property=\"og:title\" content=\"Eine Spende machen - Association Diff\u00e9rences Solidaires\" \/>\n<meta property=\"og:description\" content=\"Da jeder Mensch ein Recht auf die Freude an sportlichen Aktivit\u00e4ten hat, setzt sich Diff\u00e9rences Solidaires f\u00fcr Menschen mit besonderen&hellip;\" \/>\n<meta property=\"og:url\" content=\"https:\/\/www.differences-solidaires.ch\/de\/eine-spende-machen\/\" \/>\n<meta property=\"og:site_name\" content=\"Association Diff\u00e9rences Solidaires\" \/>\n<meta property=\"article:modified_time\" content=\"2024-02-26T21:29:56+00:00\" \/>\n<meta property=\"og:image\" content=\"https:\/\/www.differences-solidaires.ch\/wp-content\/uploads\/2022\/11\/qr-code-ds_Page_2-150x150.png\" \/>\n<meta name=\"twitter:card\" content=\"summary_large_image\" \/>\n<meta name=\"twitter:label1\" content=\"Gesch\u00e4tzte Lesezeit\" \/>\n\t<meta name=\"twitter:data1\" content=\"2\u00a0Minuten\" \/>\n<script type=\"application\/ld+json\" class=\"yoast-schema-graph\">{\"@context\":\"https:\/\/schema.org\",\"@graph\":[{\"@type\":\"WebPage\",\"@id\":\"https:\/\/www.differences-solidaires.ch\/de\/eine-spende-machen\/\",\"url\":\"https:\/\/www.differences-solidaires.ch\/de\/eine-spende-machen\/\",\"name\":\"Eine Spende machen - Association Diff\u00e9rences Solidaires\",\"isPartOf\":{\"@id\":\"https:\/\/www.differences-solidaires.ch\/de\/#website\"},\"primaryImageOfPage\":{\"@id\":\"https:\/\/www.differences-solidaires.ch\/de\/eine-spende-machen\/#primaryimage\"},\"image\":{\"@id\":\"https:\/\/www.differences-solidaires.ch\/de\/eine-spende-machen\/#primaryimage\"},\"thumbnailUrl\":\"https:\/\/www.differences-solidaires.ch\/wp-content\/uploads\/2022\/11\/qr-code-ds_Page_2-150x150.png\",\"datePublished\":\"2021-04-05T17:09:19+00:00\",\"dateModified\":\"2024-02-26T21:29:56+00:00\",\"breadcrumb\":{\"@id\":\"https:\/\/www.differences-solidaires.ch\/de\/eine-spende-machen\/#breadcrumb\"},\"inLanguage\":\"de\",\"potentialAction\":[{\"@type\":\"ReadAction\",\"target\":[\"https:\/\/www.differences-solidaires.ch\/de\/eine-spende-machen\/\"]}]},{\"@type\":\"ImageObject\",\"inLanguage\":\"de\",\"@id\":\"https:\/\/www.differences-solidaires.ch\/de\/eine-spende-machen\/#primaryimage\",\"url\":\"https:\/\/www.differences-solidaires.ch\/wp-content\/uploads\/2022\/11\/qr-code-ds_Page_2-150x150.png\",\"contentUrl\":\"https:\/\/www.differences-solidaires.ch\/wp-content\/uploads\/2022\/11\/qr-code-ds_Page_2-150x150.png\"},{\"@type\":\"BreadcrumbList\",\"@id\":\"https:\/\/www.differences-solidaires.ch\/de\/eine-spende-machen\/#breadcrumb\",\"itemListElement\":[{\"@type\":\"ListItem\",\"position\":1,\"name\":\"Accueil\",\"item\":\"https:\/\/www.differences-solidaires.ch\/de\/\"},{\"@type\":\"ListItem\",\"position\":2,\"name\":\"Eine Spende machen\"}]},{\"@type\":\"WebSite\",\"@id\":\"https:\/\/www.differences-solidaires.ch\/de\/#website\",\"url\":\"https:\/\/www.differences-solidaires.ch\/de\/\",\"name\":\"Association Diff\u00e9rences Solidaires\",\"description\":\"Activit\u00e9s sportives adapt\u00e9es\",\"potentialAction\":[{\"@type\":\"SearchAction\",\"target\":{\"@type\":\"EntryPoint\",\"urlTemplate\":\"https:\/\/www.differences-solidaires.ch\/de\/?s={search_term_string}\"},\"query-input\":{\"@type\":\"PropertyValueSpecification\",\"valueRequired\":true,\"valueName\":\"search_term_string\"}}],\"inLanguage\":\"de\"}]}<\/script>\n<!-- \/ Yoast SEO plugin. -->","yoast_head_json":{"title":"Eine Spende machen - Association Diff\u00e9rences Solidaires","robots":{"index":"index","follow":"follow","max-snippet":"max-snippet:-1","max-image-preview":"max-image-preview:large","max-video-preview":"max-video-preview:-1"},"canonical":"https:\/\/www.differences-solidaires.ch\/de\/eine-spende-machen\/","og_locale":"de_DE","og_type":"article","og_title":"Eine Spende machen - Association Diff\u00e9rences Solidaires","og_description":"Da jeder Mensch ein Recht auf die Freude an sportlichen Aktivit\u00e4ten hat, setzt sich Diff\u00e9rences Solidaires f\u00fcr Menschen mit besonderen&hellip;","og_url":"https:\/\/www.differences-solidaires.ch\/de\/eine-spende-machen\/","og_site_name":"Association Diff\u00e9rences Solidaires","article_modified_time":"2024-02-26T21:29:56+00:00","og_image":[{"url":"https:\/\/www.differences-solidaires.ch\/wp-content\/uploads\/2022\/11\/qr-code-ds_Page_2-150x150.png","type":"","width":"","height":""}],"twitter_card":"summary_large_image","twitter_misc":{"Gesch\u00e4tzte Lesezeit":"2\u00a0Minuten"},"schema":{"@context":"https:\/\/schema.org","@graph":[{"@type":"WebPage","@id":"https:\/\/www.differences-solidaires.ch\/de\/eine-spende-machen\/","url":"https:\/\/www.differences-solidaires.ch\/de\/eine-spende-machen\/","name":"Eine Spende machen - Association Diff\u00e9rences Solidaires","isPartOf":{"@id":"https:\/\/www.differences-solidaires.ch\/de\/#website"},"primaryImageOfPage":{"@id":"https:\/\/www.differences-solidaires.ch\/de\/eine-spende-machen\/#primaryimage"},"image":{"@id":"https:\/\/www.differences-solidaires.ch\/de\/eine-spende-machen\/#primaryimage"},"thumbnailUrl":"https:\/\/www.differences-solidaires.ch\/wp-content\/uploads\/2022\/11\/qr-code-ds_Page_2-150x150.png","datePublished":"2021-04-05T17:09:19+00:00","dateModified":"2024-02-26T21:29:56+00:00","breadcrumb":{"@id":"https:\/\/www.differences-solidaires.ch\/de\/eine-spende-machen\/#breadcrumb"},"inLanguage":"de","potentialAction":[{"@type":"ReadAction","target":["https:\/\/www.differences-solidaires.ch\/de\/eine-spende-machen\/"]}]},{"@type":"ImageObject","inLanguage":"de","@id":"https:\/\/www.differences-solidaires.ch\/de\/eine-spende-machen\/#primaryimage","url":"https:\/\/www.differences-solidaires.ch\/wp-content\/uploads\/2022\/11\/qr-code-ds_Page_2-150x150.png","contentUrl":"https:\/\/www.differences-solidaires.ch\/wp-content\/uploads\/2022\/11\/qr-code-ds_Page_2-150x150.png"},{"@type":"BreadcrumbList","@id":"https:\/\/www.differences-solidaires.ch\/de\/eine-spende-machen\/#breadcrumb","itemListElement":[{"@type":"ListItem","position":1,"name":"Accueil","item":"https:\/\/www.differences-solidaires.ch\/de\/"},{"@type":"ListItem","position":2,"name":"Eine Spende machen"}]},{"@type":"WebSite","@id":"https:\/\/www.differences-solidaires.ch\/de\/#website","url":"https:\/\/www.differences-solidaires.ch\/de\/","name":"Association Diff\u00e9rences Solidaires","description":"Activit\u00e9s sportives adapt\u00e9es","potentialAction":[{"@type":"SearchAction","target":{"@type":"EntryPoint","urlTemplate":"https:\/\/www.differences-solidaires.ch\/de\/?s={search_term_string}"},"query-input":{"@type":"PropertyValueSpecification","valueRequired":true,"valueName":"search_term_string"}}],"inLanguage":"de"}]}},"_links":{"self":[{"href":"https:\/\/www.differences-solidaires.ch\/de\/wp-json\/wp\/v2\/pages\/3402","targetHints":{"allow":["GET"]}}],"collection":[{"href":"https:\/\/www.differences-solidaires.ch\/de\/wp-json\/wp\/v2\/pages"}],"about":[{"href":"https:\/\/www.differences-solidaires.ch\/de\/wp-json\/wp\/v2\/types\/page"}],"author":[{"embeddable":true,"href":"https:\/\/www.differences-solidaires.ch\/de\/wp-json\/wp\/v2\/users\/20"}],"replies":[{"embeddable":true,"href":"https:\/\/www.differences-solidaires.ch\/de\/wp-json\/wp\/v2\/comments?post=3402"}],"version-history":[{"count":3,"href":"https:\/\/www.differences-solidaires.ch\/de\/wp-json\/wp\/v2\/pages\/3402\/revisions"}],"predecessor-version":[{"id":7628,"href":"https:\/\/www.differences-solidaires.ch\/de\/wp-json\/wp\/v2\/pages\/3402\/revisions\/7628"}],"wp:attachment":[{"href":"https:\/\/www.differences-solidaires.ch\/de\/wp-json\/wp\/v2\/media?parent=3402"}],"curies":[{"name":"wp","href":"https:\/\/api.w.org\/{rel}","templated":true}]}}